{"id":3271,"date":"2020-12-23T19:20:53","date_gmt":"2021-11-02T08:39:14","guid":{"rendered":"https:\/\/creterium.gr\/product\/miel-de-thym\/"},"modified":"2022-10-05T10:02:22","modified_gmt":"2022-10-05T08:02:22","slug":"thimarisio-2","status":"publish","type":"product","link":"https:\/\/creterium.gr\/fr\/product\/thimarisio-2\/","title":{"rendered":"Miel de Thym Bio"},"content":{"rendered":"<p><strong>Le miel le plus c\u00e9l\u00e8bre et \u00e0 juste titre grec.<\/strong><br \/>\n<strong>Avec un ar\u00f4me intense, un go\u00fbt l\u00e9ger et caustique.<\/strong><br \/>\n<strong>Riche en min\u00e9raux, polyph\u00e9nols et flavono\u00efdes.<\/strong><br \/>\n<strong>Couleur ambr\u00e9e typique avec suffisamment de clart\u00e9.<\/strong><br \/>\n<strong>Nous le collectons chaque ann\u00e9e, de juin \u00e0 ao\u00fbt dans les parties les plus \u00e9loign\u00e9es de toute activit\u00e9 humaine et isol\u00e9es de l&rsquo;\u00eele.<\/strong><\/p>\n<p><strong>Disponible en deux conditionnements, Premium et Classic, \u00e0 500 grammes ou \u00e0 1 kg.<\/strong><\/p>\n","protected":false},"excerpt":{"rendered":"<div style=\"text-align: justify;\"><strong>Le miel le plus c\u00e9l\u00e8bre et \u00e0 juste titre grec.<\/strong><br \/>\n<strong>Avec un ar\u00f4me intense, un go\u00fbt l\u00e9ger et caustique.<\/strong><br \/>\n<strong>Riche en min\u00e9raux, polyph\u00e9nols et flavono\u00efdes.<\/strong><br \/>\n<strong>Couleur ambr\u00e9e typique avec suffisamment de clart\u00e9.<\/strong><\/div>\n","protected":false},"featured_media":2084,"template":"","meta":[],"product_cat":[197],"product_tag":[],"yoast_head":"<!-- This site is optimized with the Yoast SEO plugin v17.2.1 - https:\/\/yoast.com\/wordpress\/plugins\/seo\/ -->\n<title>Miel de Thym Bio - Creterium<\/title>\n<meta name=\"description\" content=\"Miel de thym de Cr\u00e8te.\" \/>\n<meta name=\"robots\" content=\"index, follow, max-snippet:-1, max-image-preview:large, max-video-preview:-1\" \/>\n<link rel=\"canonical\" href=\"https:\/\/creterium.gr\/fr\/product\/thimarisio-2\/\" \/>\n<meta property=\"og:locale\" content=\"fr_FR\" \/>\n<meta property=\"og:type\" content=\"article\" \/>\n<meta property=\"og:title\" content=\"Miel de Thym Bio - Creterium\" \/>\n<meta property=\"og:description\" content=\"Miel de thym de Cr\u00e8te.\" \/>\n<meta property=\"og:url\" content=\"https:\/\/creterium.gr\/fr\/product\/thimarisio-2\/\" \/>\n<meta property=\"og:site_name\" content=\"Creterium\" \/>\n<meta property=\"article:modified_time\" content=\"2022-10-05T08:02:22+00:00\" \/>\n<meta property=\"og:image\" content=\"https:\/\/creterium.gr\/wp-content\/uploads\/2021\/09\/classic-1kg-b-eshop.jpg\" \/>\n\t<meta property=\"og:image:width\" content=\"1000\" \/>\n\t<meta property=\"og:image:height\" content=\"1000\" \/>\n<meta name=\"twitter:card\" content=\"summary_large_image\" \/>\n<script type=\"application\/ld+json\" class=\"yoast-schema-graph\">{\"@context\":\"https:\/\/schema.org\",\"@graph\":[{\"@type\":\"WebSite\",\"@id\":\"https:\/\/creterium.gr\/#website\",\"url\":\"https:\/\/creterium.gr\/\",\"name\":\"Creterium\",\"description\":\"Exquisite Bee Products from Crete\",\"potentialAction\":[{\"@type\":\"SearchAction\",\"target\":{\"@type\":\"EntryPoint\",\"urlTemplate\":\"https:\/\/creterium.gr\/?s={search_term_string}\"},\"query-input\":\"required name=search_term_string\"}],\"inLanguage\":\"fr-FR\"},{\"@type\":\"ImageObject\",\"@id\":\"https:\/\/creterium.gr\/fr\/product\/thimarisio-2\/#primaryimage\",\"inLanguage\":\"fr-FR\",\"url\":\"https:\/\/creterium.gr\/wp-content\/uploads\/2021\/09\/classic-1kg-b-eshop.jpg\",\"contentUrl\":\"https:\/\/creterium.gr\/wp-content\/uploads\/2021\/09\/classic-1kg-b-eshop.jpg\",\"width\":1000,\"height\":1000},{\"@type\":\"WebPage\",\"@id\":\"https:\/\/creterium.gr\/fr\/product\/thimarisio-2\/#webpage\",\"url\":\"https:\/\/creterium.gr\/fr\/product\/thimarisio-2\/\",\"name\":\"Miel de Thym Bio - Creterium\",\"isPartOf\":{\"@id\":\"https:\/\/creterium.gr\/#website\"},\"primaryImageOfPage\":{\"@id\":\"https:\/\/creterium.gr\/fr\/product\/thimarisio-2\/#primaryimage\"},\"datePublished\":\"2021-11-02T08:39:14+00:00\",\"dateModified\":\"2022-10-05T08:02:22+00:00\",\"description\":\"Miel de thym de Cr\\u00e8te.\",\"breadcrumb\":{\"@id\":\"https:\/\/creterium.gr\/fr\/product\/thimarisio-2\/#breadcrumb\"},\"inLanguage\":\"fr-FR\",\"potentialAction\":[{\"@type\":\"ReadAction\",\"target\":[\"https:\/\/creterium.gr\/fr\/product\/thimarisio-2\/\"]}]},{\"@type\":\"BreadcrumbList\",\"@id\":\"https:\/\/creterium.gr\/fr\/product\/thimarisio-2\/#breadcrumb\",\"itemListElement\":[{\"@type\":\"ListItem\",\"position\":1,\"name\":\"Home\",\"item\":\"https:\/\/creterium.gr\/fr\/\"},{\"@type\":\"ListItem\",\"position\":2,\"name\":\"\\u039a\\u03b1\\u03c4\\u03ac\\u03c3\\u03c4\\u03b7\\u03bc\\u03b1\",\"item\":\"https:\/\/creterium.gr\/shop\/\"},{\"@type\":\"ListItem\",\"position\":3,\"name\":\"Miel de Thym Bio\"}]}]}<\/script>\n<!-- \/ Yoast SEO plugin. -->","yoast_head_json":{"title":"Miel de Thym Bio - Creterium","description":"Miel de thym de Cr\u00e8te.","robots":{"index":"index","follow":"follow","max-snippet":"max-snippet:-1","max-image-preview":"max-image-preview:large","max-video-preview":"max-video-preview:-1"},"canonical":"https:\/\/creterium.gr\/fr\/product\/thimarisio-2\/","og_locale":"fr_FR","og_type":"article","og_title":"Miel de Thym Bio - Creterium","og_description":"Miel de thym de Cr\u00e8te.","og_url":"https:\/\/creterium.gr\/fr\/product\/thimarisio-2\/","og_site_name":"Creterium","article_modified_time":"2022-10-05T08:02:22+00:00","og_image":[{"width":1000,"height":1000,"url":"https:\/\/creterium.gr\/wp-content\/uploads\/2021\/09\/classic-1kg-b-eshop.jpg","path":"\/var\/www\/vhosts\/creterium.gr\/httpdocs\/wp-content\/uploads\/2021\/09\/classic-1kg-b-eshop.jpg","size":"full","id":2084,"alt":"","pixels":1000000,"type":"image\/jpeg"}],"twitter_card":"summary_large_image","schema":{"@context":"https:\/\/schema.org","@graph":[{"@type":"WebSite","@id":"https:\/\/creterium.gr\/#website","url":"https:\/\/creterium.gr\/","name":"Creterium","description":"Exquisite Bee Products from Crete","potentialAction":[{"@type":"SearchAction","target":{"@type":"EntryPoint","urlTemplate":"https:\/\/creterium.gr\/?s={search_term_string}"},"query-input":"required name=search_term_string"}],"inLanguage":"fr-FR"},{"@type":"ImageObject","@id":"https:\/\/creterium.gr\/fr\/product\/thimarisio-2\/#primaryimage","inLanguage":"fr-FR","url":"https:\/\/creterium.gr\/wp-content\/uploads\/2021\/09\/classic-1kg-b-eshop.jpg","contentUrl":"https:\/\/creterium.gr\/wp-content\/uploads\/2021\/09\/classic-1kg-b-eshop.jpg","width":1000,"height":1000},{"@type":"WebPage","@id":"https:\/\/creterium.gr\/fr\/product\/thimarisio-2\/#webpage","url":"https:\/\/creterium.gr\/fr\/product\/thimarisio-2\/","name":"Miel de Thym Bio - Creterium","isPartOf":{"@id":"https:\/\/creterium.gr\/#website"},"primaryImageOfPage":{"@id":"https:\/\/creterium.gr\/fr\/product\/thimarisio-2\/#primaryimage"},"datePublished":"2021-11-02T08:39:14+00:00","dateModified":"2022-10-05T08:02:22+00:00","description":"Miel de thym de Cr\u00e8te.","breadcrumb":{"@id":"https:\/\/creterium.gr\/fr\/product\/thimarisio-2\/#breadcrumb"},"inLanguage":"fr-FR","potentialAction":[{"@type":"ReadAction","target":["https:\/\/creterium.gr\/fr\/product\/thimarisio-2\/"]}]},{"@type":"BreadcrumbList","@id":"https:\/\/creterium.gr\/fr\/product\/thimarisio-2\/#breadcrumb","itemListElement":[{"@type":"ListItem","position":1,"name":"Home","item":"https:\/\/creterium.gr\/fr\/"},{"@type":"ListItem","position":2,"name":"\u039a\u03b1\u03c4\u03ac\u03c3\u03c4\u03b7\u03bc\u03b1","item":"https:\/\/creterium.gr\/shop\/"},{"@type":"ListItem","position":3,"name":"Miel de Thym Bio"}]}]}},"_links":{"self":[{"href":"https:\/\/creterium.gr\/fr\/wp-json\/wp\/v2\/product\/3271"}],"collection":[{"href":"https:\/\/creterium.gr\/fr\/wp-json\/wp\/v2\/product"}],"about":[{"href":"https:\/\/creterium.gr\/fr\/wp-json\/wp\/v2\/types\/product"}],"wp:featuredmedia":[{"embeddable":true,"href":"https:\/\/creterium.gr\/fr\/wp-json\/wp\/v2\/media\/2084"}],"wp:attachment":[{"href":"https:\/\/creterium.gr\/fr\/wp-json\/wp\/v2\/media?parent=3271"}],"wp:term":[{"taxonomy":"product_cat","embeddable":true,"href":"https:\/\/creterium.gr\/fr\/wp-json\/wp\/v2\/product_cat?post=3271"},{"taxonomy":"product_tag","embeddable":true,"href":"https:\/\/creterium.gr\/fr\/wp-json\/wp\/v2\/product_tag?post=3271"}],"curies":[{"name":"wp","href":"https:\/\/api.w.org\/{rel}","templated":true}]}}