{"id":3268,"date":"2020-12-23T19:49:46","date_gmt":"2021-11-02T08:34:45","guid":{"rendered":"https:\/\/creterium.gr\/product\/aop-miel-de-pin-thym-de-crete\/"},"modified":"2022-10-05T10:04:06","modified_gmt":"2022-10-05T08:04:06","slug":"pop-pefkothymaromelo-kritis-2","status":"publish","type":"product","link":"https:\/\/creterium.gr\/fr\/product\/pop-pefkothymaromelo-kritis-2\/","title":{"rendered":"AOP Miel de pin thym bio de Cr\u00e8te"},"content":{"rendered":"<p><strong>L&rsquo;AOP Le miel de pin thym de Cr\u00e8te a une couleur ambr\u00e9e intense avec une faible limpidit\u00e9.<\/strong><\/p>\n<p><strong>La douceur, la dur\u00e9e du go\u00fbt, l&rsquo;intensit\u00e9 et la stabilit\u00e9 de l&rsquo;ar\u00f4me du Pefkothymaromelo sont mod\u00e9r\u00e9es.<\/strong><\/p>\n<p><strong>Son ar\u00f4me comprend des tons de fleurs, un ar\u00f4me de bois et de r\u00e9sine.<\/strong><\/p>\n<p><strong>Son odeur est d&rsquo;intensit\u00e9 mod\u00e9r\u00e9e avec une l\u00e9g\u00e8re sensation de fruit et de cire.Il est r\u00e9colt\u00e9 fin juillet et d\u00e9but ao\u00fbt.<\/strong><\/p>\n<p><strong>Un miel unique et sp\u00e9cial tr\u00e8s rare avec tr\u00e8s peu de production. Le joyau de l&rsquo;apiculture de l&rsquo;\u00eele.<\/strong><\/p>\n","protected":false},"excerpt":{"rendered":"<p><strong>Un miel unique et sp\u00e9cial tr\u00e8s rare avec tr\u00e8s peu de production. Le joyau de l&rsquo;apiculture de l&rsquo;\u00eele.<\/strong><\/p>\n","protected":false},"featured_media":2983,"template":"","meta":[],"product_cat":[197],"product_tag":[],"yoast_head":"<!-- This site is optimized with the Yoast SEO plugin v17.2.1 - https:\/\/yoast.com\/wordpress\/plugins\/seo\/ -->\n<title>AOP Miel de pin thym bio de Cr\u00e8te - Creterium<\/title>\n<meta name=\"robots\" content=\"index, follow, max-snippet:-1, max-image-preview:large, max-video-preview:-1\" \/>\n<link rel=\"canonical\" href=\"https:\/\/creterium.gr\/fr\/product\/pop-pefkothymaromelo-kritis-2\/\" \/>\n<meta property=\"og:locale\" content=\"fr_FR\" \/>\n<meta property=\"og:type\" content=\"article\" \/>\n<meta property=\"og:title\" content=\"AOP Miel de pin thym bio de Cr\u00e8te - Creterium\" \/>\n<meta property=\"og:description\" content=\"Un miel unique et sp\u00e9cial tr\u00e8s rare avec tr\u00e8s peu de production. Le joyau de l&#039;apiculture de l&#039;\u00eele.\" \/>\n<meta property=\"og:url\" content=\"https:\/\/creterium.gr\/fr\/product\/pop-pefkothymaromelo-kritis-2\/\" \/>\n<meta property=\"og:site_name\" content=\"Creterium\" \/>\n<meta property=\"article:modified_time\" content=\"2022-10-05T08:04:06+00:00\" \/>\n<meta property=\"og:image\" content=\"https:\/\/creterium.gr\/wp-content\/uploads\/2021\/09\/POP-500gr.jpg\" \/>\n\t<meta property=\"og:image:width\" content=\"800\" \/>\n\t<meta property=\"og:image:height\" content=\"800\" \/>\n<meta name=\"twitter:card\" content=\"summary_large_image\" \/>\n<meta name=\"twitter:label1\" content=\"Dur\u00e9e de lecture estim\u00e9e\" \/>\n\t<meta name=\"twitter:data1\" content=\"1 minute\" \/>\n<script type=\"application\/ld+json\" class=\"yoast-schema-graph\">{\"@context\":\"https:\/\/schema.org\",\"@graph\":[{\"@type\":\"WebSite\",\"@id\":\"https:\/\/creterium.gr\/#website\",\"url\":\"https:\/\/creterium.gr\/\",\"name\":\"Creterium\",\"description\":\"Exquisite Bee Products from Crete\",\"potentialAction\":[{\"@type\":\"SearchAction\",\"target\":{\"@type\":\"EntryPoint\",\"urlTemplate\":\"https:\/\/creterium.gr\/?s={search_term_string}\"},\"query-input\":\"required name=search_term_string\"}],\"inLanguage\":\"fr-FR\"},{\"@type\":\"ImageObject\",\"@id\":\"https:\/\/creterium.gr\/fr\/product\/pop-pefkothymaromelo-kritis-2\/#primaryimage\",\"inLanguage\":\"fr-FR\",\"url\":\"https:\/\/creterium.gr\/wp-content\/uploads\/2021\/09\/POP-500gr.jpg\",\"contentUrl\":\"https:\/\/creterium.gr\/wp-content\/uploads\/2021\/09\/POP-500gr.jpg\",\"width\":800,\"height\":800},{\"@type\":\"WebPage\",\"@id\":\"https:\/\/creterium.gr\/fr\/product\/pop-pefkothymaromelo-kritis-2\/#webpage\",\"url\":\"https:\/\/creterium.gr\/fr\/product\/pop-pefkothymaromelo-kritis-2\/\",\"name\":\"AOP Miel de pin thym bio de Cr\\u00e8te - Creterium\",\"isPartOf\":{\"@id\":\"https:\/\/creterium.gr\/#website\"},\"primaryImageOfPage\":{\"@id\":\"https:\/\/creterium.gr\/fr\/product\/pop-pefkothymaromelo-kritis-2\/#primaryimage\"},\"datePublished\":\"2021-11-02T08:34:45+00:00\",\"dateModified\":\"2022-10-05T08:04:06+00:00\",\"breadcrumb\":{\"@id\":\"https:\/\/creterium.gr\/fr\/product\/pop-pefkothymaromelo-kritis-2\/#breadcrumb\"},\"inLanguage\":\"fr-FR\",\"potentialAction\":[{\"@type\":\"ReadAction\",\"target\":[\"https:\/\/creterium.gr\/fr\/product\/pop-pefkothymaromelo-kritis-2\/\"]}]},{\"@type\":\"BreadcrumbList\",\"@id\":\"https:\/\/creterium.gr\/fr\/product\/pop-pefkothymaromelo-kritis-2\/#breadcrumb\",\"itemListElement\":[{\"@type\":\"ListItem\",\"position\":1,\"name\":\"Home\",\"item\":\"https:\/\/creterium.gr\/fr\/\"},{\"@type\":\"ListItem\",\"position\":2,\"name\":\"\\u039a\\u03b1\\u03c4\\u03ac\\u03c3\\u03c4\\u03b7\\u03bc\\u03b1\",\"item\":\"https:\/\/creterium.gr\/shop\/\"},{\"@type\":\"ListItem\",\"position\":3,\"name\":\"AOP Miel de pin thym bio de Cr\\u00e8te\"}]}]}<\/script>\n<!-- \/ Yoast SEO plugin. -->","yoast_head_json":{"title":"AOP Miel de pin thym bio de Cr\u00e8te - Creterium","robots":{"index":"index","follow":"follow","max-snippet":"max-snippet:-1","max-image-preview":"max-image-preview:large","max-video-preview":"max-video-preview:-1"},"canonical":"https:\/\/creterium.gr\/fr\/product\/pop-pefkothymaromelo-kritis-2\/","og_locale":"fr_FR","og_type":"article","og_title":"AOP Miel de pin thym bio de Cr\u00e8te - Creterium","og_description":"Un miel unique et sp\u00e9cial tr\u00e8s rare avec tr\u00e8s peu de production. Le joyau de l'apiculture de l'\u00eele.","og_url":"https:\/\/creterium.gr\/fr\/product\/pop-pefkothymaromelo-kritis-2\/","og_site_name":"Creterium","article_modified_time":"2022-10-05T08:04:06+00:00","og_image":[{"width":800,"height":800,"url":"https:\/\/creterium.gr\/wp-content\/uploads\/2021\/09\/POP-500gr.jpg","path":"\/var\/www\/vhosts\/creterium.gr\/httpdocs\/wp-content\/uploads\/2021\/09\/POP-500gr.jpg","size":"full","id":2983,"alt":"","pixels":640000,"type":"image\/jpeg"}],"twitter_card":"summary_large_image","twitter_misc":{"Dur\u00e9e de lecture estim\u00e9e":"1 minute"},"schema":{"@context":"https:\/\/schema.org","@graph":[{"@type":"WebSite","@id":"https:\/\/creterium.gr\/#website","url":"https:\/\/creterium.gr\/","name":"Creterium","description":"Exquisite Bee Products from Crete","potentialAction":[{"@type":"SearchAction","target":{"@type":"EntryPoint","urlTemplate":"https:\/\/creterium.gr\/?s={search_term_string}"},"query-input":"required name=search_term_string"}],"inLanguage":"fr-FR"},{"@type":"ImageObject","@id":"https:\/\/creterium.gr\/fr\/product\/pop-pefkothymaromelo-kritis-2\/#primaryimage","inLanguage":"fr-FR","url":"https:\/\/creterium.gr\/wp-content\/uploads\/2021\/09\/POP-500gr.jpg","contentUrl":"https:\/\/creterium.gr\/wp-content\/uploads\/2021\/09\/POP-500gr.jpg","width":800,"height":800},{"@type":"WebPage","@id":"https:\/\/creterium.gr\/fr\/product\/pop-pefkothymaromelo-kritis-2\/#webpage","url":"https:\/\/creterium.gr\/fr\/product\/pop-pefkothymaromelo-kritis-2\/","name":"AOP Miel de pin thym bio de Cr\u00e8te - Creterium","isPartOf":{"@id":"https:\/\/creterium.gr\/#website"},"primaryImageOfPage":{"@id":"https:\/\/creterium.gr\/fr\/product\/pop-pefkothymaromelo-kritis-2\/#primaryimage"},"datePublished":"2021-11-02T08:34:45+00:00","dateModified":"2022-10-05T08:04:06+00:00","breadcrumb":{"@id":"https:\/\/creterium.gr\/fr\/product\/pop-pefkothymaromelo-kritis-2\/#breadcrumb"},"inLanguage":"fr-FR","potentialAction":[{"@type":"ReadAction","target":["https:\/\/creterium.gr\/fr\/product\/pop-pefkothymaromelo-kritis-2\/"]}]},{"@type":"BreadcrumbList","@id":"https:\/\/creterium.gr\/fr\/product\/pop-pefkothymaromelo-kritis-2\/#breadcrumb","itemListElement":[{"@type":"ListItem","position":1,"name":"Home","item":"https:\/\/creterium.gr\/fr\/"},{"@type":"ListItem","position":2,"name":"\u039a\u03b1\u03c4\u03ac\u03c3\u03c4\u03b7\u03bc\u03b1","item":"https:\/\/creterium.gr\/shop\/"},{"@type":"ListItem","position":3,"name":"AOP Miel de pin thym bio de Cr\u00e8te"}]}]}},"_links":{"self":[{"href":"https:\/\/creterium.gr\/fr\/wp-json\/wp\/v2\/product\/3268"}],"collection":[{"href":"https:\/\/creterium.gr\/fr\/wp-json\/wp\/v2\/product"}],"about":[{"href":"https:\/\/creterium.gr\/fr\/wp-json\/wp\/v2\/types\/product"}],"wp:featuredmedia":[{"embeddable":true,"href":"https:\/\/creterium.gr\/fr\/wp-json\/wp\/v2\/media\/2983"}],"wp:attachment":[{"href":"https:\/\/creterium.gr\/fr\/wp-json\/wp\/v2\/media?parent=3268"}],"wp:term":[{"taxonomy":"product_cat","embeddable":true,"href":"https:\/\/creterium.gr\/fr\/wp-json\/wp\/v2\/product_cat?post=3268"},{"taxonomy":"product_tag","embeddable":true,"href":"https:\/\/creterium.gr\/fr\/wp-json\/wp\/v2\/product_tag?post=3268"}],"curies":[{"name":"wp","href":"https:\/\/api.w.org\/{rel}","templated":true}]}}