{"id":3257,"date":"2020-12-24T19:18:01","date_gmt":"2021-11-02T08:29:01","guid":{"rendered":"https:\/\/creterium.gr\/product\/miel-de-thym-herbes-coniferes\/"},"modified":"2022-10-05T10:07:04","modified_gmt":"2022-10-05T08:07:04","slug":"meli-apo-thymari-votana-konofora-2","status":"publish","type":"product","link":"https:\/\/creterium.gr\/fr\/product\/meli-apo-thymari-votana-konofora-2\/","title":{"rendered":"Miel de Thym Bio, Herbes &#038; Conif\u00e8res"},"content":{"rendered":"<p><strong>Le miel de pin thym a une couleur ambr\u00e9e intense avec une faible limpidit\u00e9.<\/strong><br \/>\n<strong>La douceur, la dur\u00e9e du go\u00fbt, l&rsquo;intensit\u00e9 et la stabilit\u00e9 de l&rsquo;ar\u00f4me du Pefkothymaromelo sont mod\u00e9r\u00e9es.<\/strong><br \/>\n<strong>Son ar\u00f4me se distingue par des tons de fleurs, un l\u00e9ger ar\u00f4me de bois et de r\u00e9sine.<\/strong><br \/>\n<strong>L&rsquo;odeur est d&rsquo;intensit\u00e9 mod\u00e9r\u00e9e avec une l\u00e9g\u00e8re sensation de fruit et de cire.<\/strong><br \/>\n<strong>Nous le r\u00e9coltons chaque ann\u00e9e d&rsquo;ao\u00fbt \u00e0 octobre exclusivement dans les quatre grandes pin\u00e8des de l&rsquo;\u00eele.<\/strong><\/p>\n<p><strong>Disponible en deux conditionnements, Premium et Classic, \u00e0 500 grammes ou \u00e0 1 kg.<\/strong><\/p>\n","protected":false},"excerpt":{"rendered":"<div style=\"text-align: justify;\"><strong>Toutes les saveurs de l&rsquo;\u00eele dans une cuill\u00e8re !<\/strong><br \/>\n<strong>Le miel que nous r\u00e9coltons habituellement dure entre septembre et octobre.<\/strong><br \/>\n<strong>Des grains de pollen trouv\u00e9s \u00e0 l&rsquo;int\u00e9rieur, ce miel contient du thym et du pin \u00e0 la bruy\u00e8re et \u00e0 la caroube.<\/strong><br \/>\n<strong>Une palette infinie de saveurs. Limpidit\u00e9 mod\u00e9r\u00e9e et arri\u00e8re-go\u00fbt caract\u00e9ristique.<\/strong><\/div>\n","protected":false},"featured_media":2114,"template":"","meta":[],"product_cat":[197],"product_tag":[],"yoast_head":"<!-- This site is optimized with the Yoast SEO plugin v17.2.1 - https:\/\/yoast.com\/wordpress\/plugins\/seo\/ -->\n<title>Miel de Thym Bio, Herbes &amp; Conif\u00e8res - Creterium<\/title>\n<meta name=\"description\" content=\"Miel de pin thym de Cr\u00e8te\" \/>\n<meta name=\"robots\" content=\"index, follow, max-snippet:-1, max-image-preview:large, max-video-preview:-1\" \/>\n<link rel=\"canonical\" href=\"https:\/\/creterium.gr\/fr\/product\/meli-apo-thymari-votana-konofora-2\/\" \/>\n<meta property=\"og:locale\" content=\"fr_FR\" \/>\n<meta property=\"og:type\" content=\"article\" \/>\n<meta property=\"og:title\" content=\"Miel de Thym Bio, Herbes &amp; Conif\u00e8res - Creterium\" \/>\n<meta property=\"og:description\" content=\"Miel de pin thym de Cr\u00e8te\" \/>\n<meta property=\"og:url\" content=\"https:\/\/creterium.gr\/fr\/product\/meli-apo-thymari-votana-konofora-2\/\" \/>\n<meta property=\"og:site_name\" content=\"Creterium\" \/>\n<meta property=\"article:modified_time\" content=\"2022-10-05T08:07:04+00:00\" \/>\n<meta property=\"og:image\" content=\"https:\/\/creterium.gr\/wp-content\/uploads\/2021\/09\/classic-2-1kg-b-eshop.jpg\" \/>\n\t<meta property=\"og:image:width\" content=\"1000\" \/>\n\t<meta property=\"og:image:height\" content=\"1000\" \/>\n<meta name=\"twitter:card\" content=\"summary_large_image\" \/>\n<meta name=\"twitter:label1\" content=\"Dur\u00e9e de lecture estim\u00e9e\" \/>\n\t<meta name=\"twitter:data1\" content=\"1 minute\" \/>\n<script type=\"application\/ld+json\" class=\"yoast-schema-graph\">{\"@context\":\"https:\/\/schema.org\",\"@graph\":[{\"@type\":\"WebSite\",\"@id\":\"https:\/\/creterium.gr\/#website\",\"url\":\"https:\/\/creterium.gr\/\",\"name\":\"Creterium\",\"description\":\"Exquisite Bee Products from Crete\",\"potentialAction\":[{\"@type\":\"SearchAction\",\"target\":{\"@type\":\"EntryPoint\",\"urlTemplate\":\"https:\/\/creterium.gr\/?s={search_term_string}\"},\"query-input\":\"required name=search_term_string\"}],\"inLanguage\":\"fr-FR\"},{\"@type\":\"ImageObject\",\"@id\":\"https:\/\/creterium.gr\/fr\/product\/meli-apo-thymari-votana-konofora-2\/#primaryimage\",\"inLanguage\":\"fr-FR\",\"url\":\"https:\/\/creterium.gr\/wp-content\/uploads\/2021\/09\/classic-2-1kg-b-eshop.jpg\",\"contentUrl\":\"https:\/\/creterium.gr\/wp-content\/uploads\/2021\/09\/classic-2-1kg-b-eshop.jpg\",\"width\":1000,\"height\":1000,\"caption\":\"Classic Thyme & Pine\"},{\"@type\":\"WebPage\",\"@id\":\"https:\/\/creterium.gr\/fr\/product\/meli-apo-thymari-votana-konofora-2\/#webpage\",\"url\":\"https:\/\/creterium.gr\/fr\/product\/meli-apo-thymari-votana-konofora-2\/\",\"name\":\"Miel de Thym Bio, Herbes & Conif\\u00e8res - Creterium\",\"isPartOf\":{\"@id\":\"https:\/\/creterium.gr\/#website\"},\"primaryImageOfPage\":{\"@id\":\"https:\/\/creterium.gr\/fr\/product\/meli-apo-thymari-votana-konofora-2\/#primaryimage\"},\"datePublished\":\"2021-11-02T08:29:01+00:00\",\"dateModified\":\"2022-10-05T08:07:04+00:00\",\"description\":\"Miel de pin thym de Cr\\u00e8te\",\"breadcrumb\":{\"@id\":\"https:\/\/creterium.gr\/fr\/product\/meli-apo-thymari-votana-konofora-2\/#breadcrumb\"},\"inLanguage\":\"fr-FR\",\"potentialAction\":[{\"@type\":\"ReadAction\",\"target\":[\"https:\/\/creterium.gr\/fr\/product\/meli-apo-thymari-votana-konofora-2\/\"]}]},{\"@type\":\"BreadcrumbList\",\"@id\":\"https:\/\/creterium.gr\/fr\/product\/meli-apo-thymari-votana-konofora-2\/#breadcrumb\",\"itemListElement\":[{\"@type\":\"ListItem\",\"position\":1,\"name\":\"Home\",\"item\":\"https:\/\/creterium.gr\/fr\/\"},{\"@type\":\"ListItem\",\"position\":2,\"name\":\"\\u039a\\u03b1\\u03c4\\u03ac\\u03c3\\u03c4\\u03b7\\u03bc\\u03b1\",\"item\":\"https:\/\/creterium.gr\/shop\/\"},{\"@type\":\"ListItem\",\"position\":3,\"name\":\"Miel de Thym Bio, Herbes &#038; Conif\\u00e8res\"}]}]}<\/script>\n<!-- \/ Yoast SEO plugin. -->","yoast_head_json":{"title":"Miel de Thym Bio, Herbes & Conif\u00e8res - Creterium","description":"Miel de pin thym de Cr\u00e8te","robots":{"index":"index","follow":"follow","max-snippet":"max-snippet:-1","max-image-preview":"max-image-preview:large","max-video-preview":"max-video-preview:-1"},"canonical":"https:\/\/creterium.gr\/fr\/product\/meli-apo-thymari-votana-konofora-2\/","og_locale":"fr_FR","og_type":"article","og_title":"Miel de Thym Bio, Herbes & Conif\u00e8res - Creterium","og_description":"Miel de pin thym de Cr\u00e8te","og_url":"https:\/\/creterium.gr\/fr\/product\/meli-apo-thymari-votana-konofora-2\/","og_site_name":"Creterium","article_modified_time":"2022-10-05T08:07:04+00:00","og_image":[{"width":1000,"height":1000,"url":"https:\/\/creterium.gr\/wp-content\/uploads\/2021\/09\/classic-2-1kg-b-eshop.jpg","path":"\/var\/www\/vhosts\/creterium.gr\/httpdocs\/wp-content\/uploads\/2021\/09\/classic-2-1kg-b-eshop.jpg","size":"full","id":2114,"alt":"Classic Thyme & Pine","pixels":1000000,"type":"image\/jpeg"}],"twitter_card":"summary_large_image","twitter_misc":{"Dur\u00e9e de lecture estim\u00e9e":"1 minute"},"schema":{"@context":"https:\/\/schema.org","@graph":[{"@type":"WebSite","@id":"https:\/\/creterium.gr\/#website","url":"https:\/\/creterium.gr\/","name":"Creterium","description":"Exquisite Bee Products from Crete","potentialAction":[{"@type":"SearchAction","target":{"@type":"EntryPoint","urlTemplate":"https:\/\/creterium.gr\/?s={search_term_string}"},"query-input":"required name=search_term_string"}],"inLanguage":"fr-FR"},{"@type":"ImageObject","@id":"https:\/\/creterium.gr\/fr\/product\/meli-apo-thymari-votana-konofora-2\/#primaryimage","inLanguage":"fr-FR","url":"https:\/\/creterium.gr\/wp-content\/uploads\/2021\/09\/classic-2-1kg-b-eshop.jpg","contentUrl":"https:\/\/creterium.gr\/wp-content\/uploads\/2021\/09\/classic-2-1kg-b-eshop.jpg","width":1000,"height":1000,"caption":"Classic Thyme & Pine"},{"@type":"WebPage","@id":"https:\/\/creterium.gr\/fr\/product\/meli-apo-thymari-votana-konofora-2\/#webpage","url":"https:\/\/creterium.gr\/fr\/product\/meli-apo-thymari-votana-konofora-2\/","name":"Miel de Thym Bio, Herbes & Conif\u00e8res - Creterium","isPartOf":{"@id":"https:\/\/creterium.gr\/#website"},"primaryImageOfPage":{"@id":"https:\/\/creterium.gr\/fr\/product\/meli-apo-thymari-votana-konofora-2\/#primaryimage"},"datePublished":"2021-11-02T08:29:01+00:00","dateModified":"2022-10-05T08:07:04+00:00","description":"Miel de pin thym de Cr\u00e8te","breadcrumb":{"@id":"https:\/\/creterium.gr\/fr\/product\/meli-apo-thymari-votana-konofora-2\/#breadcrumb"},"inLanguage":"fr-FR","potentialAction":[{"@type":"ReadAction","target":["https:\/\/creterium.gr\/fr\/product\/meli-apo-thymari-votana-konofora-2\/"]}]},{"@type":"BreadcrumbList","@id":"https:\/\/creterium.gr\/fr\/product\/meli-apo-thymari-votana-konofora-2\/#breadcrumb","itemListElement":[{"@type":"ListItem","position":1,"name":"Home","item":"https:\/\/creterium.gr\/fr\/"},{"@type":"ListItem","position":2,"name":"\u039a\u03b1\u03c4\u03ac\u03c3\u03c4\u03b7\u03bc\u03b1","item":"https:\/\/creterium.gr\/shop\/"},{"@type":"ListItem","position":3,"name":"Miel de Thym Bio, Herbes &#038; Conif\u00e8res"}]}]}},"_links":{"self":[{"href":"https:\/\/creterium.gr\/fr\/wp-json\/wp\/v2\/product\/3257"}],"collection":[{"href":"https:\/\/creterium.gr\/fr\/wp-json\/wp\/v2\/product"}],"about":[{"href":"https:\/\/creterium.gr\/fr\/wp-json\/wp\/v2\/types\/product"}],"wp:featuredmedia":[{"embeddable":true,"href":"https:\/\/creterium.gr\/fr\/wp-json\/wp\/v2\/media\/2114"}],"wp:attachment":[{"href":"https:\/\/creterium.gr\/fr\/wp-json\/wp\/v2\/media?parent=3257"}],"wp:term":[{"taxonomy":"product_cat","embeddable":true,"href":"https:\/\/creterium.gr\/fr\/wp-json\/wp\/v2\/product_cat?post=3257"},{"taxonomy":"product_tag","embeddable":true,"href":"https:\/\/creterium.gr\/fr\/wp-json\/wp\/v2\/product_tag?post=3257"}],"curies":[{"name":"wp","href":"https:\/\/api.w.org\/{rel}","templated":true}]}}