{"id":3242,"date":"2021-09-14T12:16:16","date_gmt":"2021-11-02T08:18:14","guid":{"rendered":"https:\/\/creterium.gr\/product\/nid-dabeilles-a-casetina\/"},"modified":"2022-10-05T10:23:56","modified_gmt":"2022-10-05T08:23:56","slug":"kirithraki-se-kasetina-2","status":"publish","type":"product","link":"https:\/\/creterium.gr\/fr\/product\/kirithraki-se-kasetina-2\/","title":{"rendered":"Nid d&rsquo;abeilles bio \u00e0 Casetina"},"content":{"rendered":"<p><strong>Non coup\u00e9 avec son cadre en bois, Pur, Brut et Brut, tout comme nous l&rsquo;avons sorti de la ruche, il conserve tous ses ingr\u00e9dients inchang\u00e9s. Il a une valeur nutritionnelle riche en raison de sa teneur \u00e9lev\u00e9e en cire, propolis, oligo-\u00e9l\u00e9ments, polyph\u00e9nols et flavono\u00efdes. <\/strong><\/p>\n<p><strong>En le m\u00e2chant, le miel fond dans notre bouche, et la cire laisse son go\u00fbt caract\u00e9ristique avec ses propri\u00e9t\u00e9s b\u00e9n\u00e9fiques sur les dents, les gencives et l&rsquo;estomac. Il peut \u00e9galement \u00eatre servi en dessert. <\/strong><\/p>\n<p><strong>Chaque ann\u00e9e nous produisons 365 pi\u00e8ces num\u00e9rot\u00e9es, l&rsquo;ordre de priorit\u00e9 est respect\u00e9.<\/strong><\/p>\n<p><strong>Dimensions 11 x 22,5 cm et poids environ 500 gr.<\/strong><\/p>\n","protected":false},"excerpt":{"rendered":"<p><strong>Non coup\u00e9 avec son cadre en bois, Pur, Brut et Brut, tout comme nous l&rsquo;avons sorti de la ruche, il conserve tous ses ingr\u00e9dients inchang\u00e9s. Il a une valeur nutritionnelle riche en raison de sa teneur \u00e9lev\u00e9e en cire, propolis, oligo-\u00e9l\u00e9ments, polyph\u00e9nols et flavono\u00efdes. <\/strong><\/p>\n<p><strong>Dimensions 11 x 22,5 cm et poids environ 500 gr.<\/strong><\/p>\n","protected":false},"featured_media":1740,"template":"","meta":[],"product_cat":[197],"product_tag":[],"yoast_head":"<!-- This site is optimized with the Yoast SEO plugin v17.2.1 - https:\/\/yoast.com\/wordpress\/plugins\/seo\/ -->\n<title>Nid d&#039;abeilles bio \u00e0 Casetina - Creterium<\/title>\n<meta name=\"robots\" content=\"index, follow, max-snippet:-1, max-image-preview:large, max-video-preview:-1\" \/>\n<link rel=\"canonical\" href=\"https:\/\/creterium.gr\/fr\/product\/kirithraki-se-kasetina-2\/\" \/>\n<meta property=\"og:locale\" content=\"fr_FR\" \/>\n<meta property=\"og:type\" content=\"article\" \/>\n<meta property=\"og:title\" content=\"Nid d&#039;abeilles bio \u00e0 Casetina - Creterium\" \/>\n<meta property=\"og:description\" content=\"Non coup\u00e9 avec son cadre en bois, Pur, Brut et Brut, tout comme nous l&#039;avons sorti de la ruche, il conserve tous ses ingr\u00e9dients inchang\u00e9s. Il a une valeur nutritionnelle riche en raison de sa teneur \u00e9lev\u00e9e en cire, propolis, oligo-\u00e9l\u00e9ments, polyph\u00e9nols et flavono\u00efdes.   Dimensions 11 x 22,5 cm et poids environ 500 gr.\" \/>\n<meta property=\"og:url\" content=\"https:\/\/creterium.gr\/fr\/product\/kirithraki-se-kasetina-2\/\" \/>\n<meta property=\"og:site_name\" content=\"Creterium\" \/>\n<meta property=\"article:modified_time\" content=\"2022-10-05T08:23:56+00:00\" \/>\n<meta property=\"og:image\" content=\"https:\/\/creterium.gr\/wp-content\/uploads\/2021\/09\/13-syn-a.jpg\" \/>\n\t<meta property=\"og:image:width\" content=\"1000\" \/>\n\t<meta property=\"og:image:height\" content=\"1000\" \/>\n<meta name=\"twitter:card\" content=\"summary_large_image\" \/>\n<meta name=\"twitter:label1\" content=\"Dur\u00e9e de lecture estim\u00e9e\" \/>\n\t<meta name=\"twitter:data1\" content=\"1 minute\" \/>\n<script type=\"application\/ld+json\" class=\"yoast-schema-graph\">{\"@context\":\"https:\/\/schema.org\",\"@graph\":[{\"@type\":\"WebSite\",\"@id\":\"https:\/\/creterium.gr\/#website\",\"url\":\"https:\/\/creterium.gr\/\",\"name\":\"Creterium\",\"description\":\"Exquisite Bee Products from Crete\",\"potentialAction\":[{\"@type\":\"SearchAction\",\"target\":{\"@type\":\"EntryPoint\",\"urlTemplate\":\"https:\/\/creterium.gr\/?s={search_term_string}\"},\"query-input\":\"required name=search_term_string\"}],\"inLanguage\":\"fr-FR\"},{\"@type\":\"ImageObject\",\"@id\":\"https:\/\/creterium.gr\/fr\/product\/kirithraki-se-kasetina-2\/#primaryimage\",\"inLanguage\":\"fr-FR\",\"url\":\"https:\/\/creterium.gr\/wp-content\/uploads\/2021\/09\/13-syn-a.jpg\",\"contentUrl\":\"https:\/\/creterium.gr\/wp-content\/uploads\/2021\/09\/13-syn-a.jpg\",\"width\":1000,\"height\":1000},{\"@type\":\"WebPage\",\"@id\":\"https:\/\/creterium.gr\/fr\/product\/kirithraki-se-kasetina-2\/#webpage\",\"url\":\"https:\/\/creterium.gr\/fr\/product\/kirithraki-se-kasetina-2\/\",\"name\":\"Nid d'abeilles bio \\u00e0 Casetina - Creterium\",\"isPartOf\":{\"@id\":\"https:\/\/creterium.gr\/#website\"},\"primaryImageOfPage\":{\"@id\":\"https:\/\/creterium.gr\/fr\/product\/kirithraki-se-kasetina-2\/#primaryimage\"},\"datePublished\":\"2021-11-02T08:18:14+00:00\",\"dateModified\":\"2022-10-05T08:23:56+00:00\",\"breadcrumb\":{\"@id\":\"https:\/\/creterium.gr\/fr\/product\/kirithraki-se-kasetina-2\/#breadcrumb\"},\"inLanguage\":\"fr-FR\",\"potentialAction\":[{\"@type\":\"ReadAction\",\"target\":[\"https:\/\/creterium.gr\/fr\/product\/kirithraki-se-kasetina-2\/\"]}]},{\"@type\":\"BreadcrumbList\",\"@id\":\"https:\/\/creterium.gr\/fr\/product\/kirithraki-se-kasetina-2\/#breadcrumb\",\"itemListElement\":[{\"@type\":\"ListItem\",\"position\":1,\"name\":\"Home\",\"item\":\"https:\/\/creterium.gr\/fr\/\"},{\"@type\":\"ListItem\",\"position\":2,\"name\":\"\\u039a\\u03b1\\u03c4\\u03ac\\u03c3\\u03c4\\u03b7\\u03bc\\u03b1\",\"item\":\"https:\/\/creterium.gr\/shop\/\"},{\"@type\":\"ListItem\",\"position\":3,\"name\":\"Nid d&#8217;abeilles bio \\u00e0 Casetina\"}]}]}<\/script>\n<!-- \/ Yoast SEO plugin. -->","yoast_head_json":{"title":"Nid d'abeilles bio \u00e0 Casetina - Creterium","robots":{"index":"index","follow":"follow","max-snippet":"max-snippet:-1","max-image-preview":"max-image-preview:large","max-video-preview":"max-video-preview:-1"},"canonical":"https:\/\/creterium.gr\/fr\/product\/kirithraki-se-kasetina-2\/","og_locale":"fr_FR","og_type":"article","og_title":"Nid d'abeilles bio \u00e0 Casetina - Creterium","og_description":"Non coup\u00e9 avec son cadre en bois, Pur, Brut et Brut, tout comme nous l'avons sorti de la ruche, il conserve tous ses ingr\u00e9dients inchang\u00e9s. Il a une valeur nutritionnelle riche en raison de sa teneur \u00e9lev\u00e9e en cire, propolis, oligo-\u00e9l\u00e9ments, polyph\u00e9nols et flavono\u00efdes.   Dimensions 11 x 22,5 cm et poids environ 500 gr.","og_url":"https:\/\/creterium.gr\/fr\/product\/kirithraki-se-kasetina-2\/","og_site_name":"Creterium","article_modified_time":"2022-10-05T08:23:56+00:00","og_image":[{"width":1000,"height":1000,"url":"https:\/\/creterium.gr\/wp-content\/uploads\/2021\/09\/13-syn-a.jpg","path":"\/var\/www\/vhosts\/creterium.gr\/httpdocs\/wp-content\/uploads\/2021\/09\/13-syn-a.jpg","size":"full","id":1740,"alt":"","pixels":1000000,"type":"image\/jpeg"}],"twitter_card":"summary_large_image","twitter_misc":{"Dur\u00e9e de lecture estim\u00e9e":"1 minute"},"schema":{"@context":"https:\/\/schema.org","@graph":[{"@type":"WebSite","@id":"https:\/\/creterium.gr\/#website","url":"https:\/\/creterium.gr\/","name":"Creterium","description":"Exquisite Bee Products from Crete","potentialAction":[{"@type":"SearchAction","target":{"@type":"EntryPoint","urlTemplate":"https:\/\/creterium.gr\/?s={search_term_string}"},"query-input":"required name=search_term_string"}],"inLanguage":"fr-FR"},{"@type":"ImageObject","@id":"https:\/\/creterium.gr\/fr\/product\/kirithraki-se-kasetina-2\/#primaryimage","inLanguage":"fr-FR","url":"https:\/\/creterium.gr\/wp-content\/uploads\/2021\/09\/13-syn-a.jpg","contentUrl":"https:\/\/creterium.gr\/wp-content\/uploads\/2021\/09\/13-syn-a.jpg","width":1000,"height":1000},{"@type":"WebPage","@id":"https:\/\/creterium.gr\/fr\/product\/kirithraki-se-kasetina-2\/#webpage","url":"https:\/\/creterium.gr\/fr\/product\/kirithraki-se-kasetina-2\/","name":"Nid d'abeilles bio \u00e0 Casetina - Creterium","isPartOf":{"@id":"https:\/\/creterium.gr\/#website"},"primaryImageOfPage":{"@id":"https:\/\/creterium.gr\/fr\/product\/kirithraki-se-kasetina-2\/#primaryimage"},"datePublished":"2021-11-02T08:18:14+00:00","dateModified":"2022-10-05T08:23:56+00:00","breadcrumb":{"@id":"https:\/\/creterium.gr\/fr\/product\/kirithraki-se-kasetina-2\/#breadcrumb"},"inLanguage":"fr-FR","potentialAction":[{"@type":"ReadAction","target":["https:\/\/creterium.gr\/fr\/product\/kirithraki-se-kasetina-2\/"]}]},{"@type":"BreadcrumbList","@id":"https:\/\/creterium.gr\/fr\/product\/kirithraki-se-kasetina-2\/#breadcrumb","itemListElement":[{"@type":"ListItem","position":1,"name":"Home","item":"https:\/\/creterium.gr\/fr\/"},{"@type":"ListItem","position":2,"name":"\u039a\u03b1\u03c4\u03ac\u03c3\u03c4\u03b7\u03bc\u03b1","item":"https:\/\/creterium.gr\/shop\/"},{"@type":"ListItem","position":3,"name":"Nid d&#8217;abeilles bio \u00e0 Casetina"}]}]}},"_links":{"self":[{"href":"https:\/\/creterium.gr\/fr\/wp-json\/wp\/v2\/product\/3242"}],"collection":[{"href":"https:\/\/creterium.gr\/fr\/wp-json\/wp\/v2\/product"}],"about":[{"href":"https:\/\/creterium.gr\/fr\/wp-json\/wp\/v2\/types\/product"}],"wp:featuredmedia":[{"embeddable":true,"href":"https:\/\/creterium.gr\/fr\/wp-json\/wp\/v2\/media\/1740"}],"wp:attachment":[{"href":"https:\/\/creterium.gr\/fr\/wp-json\/wp\/v2\/media?parent=3242"}],"wp:term":[{"taxonomy":"product_cat","embeddable":true,"href":"https:\/\/creterium.gr\/fr\/wp-json\/wp\/v2\/product_cat?post=3242"},{"taxonomy":"product_tag","embeddable":true,"href":"https:\/\/creterium.gr\/fr\/wp-json\/wp\/v2\/product_tag?post=3242"}],"curies":[{"name":"wp","href":"https:\/\/api.w.org\/{rel}","templated":true}]}}