{"id":3236,"date":"2021-09-14T12:31:44","date_gmt":"2021-11-02T08:15:17","guid":{"rendered":"https:\/\/creterium.gr\/product\/cire-dabeille-biologique-100-gr\/"},"modified":"2021-11-02T10:15:17","modified_gmt":"2021-11-02T08:15:17","slug":"biologiko-melissokeri-2","status":"publish","type":"product","link":"https:\/\/creterium.gr\/fr\/product\/biologiko-melissokeri-2\/","title":{"rendered":"Cire d&rsquo;abeille biologique (100 gr)"},"content":{"rendered":"<p><strong>La cire d&rsquo;abeille naturelle est la cire naturelle produite dans la ruche par les glandes des abeilles du genre Apis mellifera. C&rsquo;est le mat\u00e9riau de construction de la ruche et les fondations de l&rsquo;essaim.<\/strong><\/p>\n<p><strong>La cire d&rsquo;abeille est un ingr\u00e9dient \u00e9tonnant, contenant plus de 300 substances et compos\u00e9s, qui peuvent \u00eatre ajout\u00e9s \u00e0 une large gamme de produits cosm\u00e9tiques \u00ab\u00a0faits maison\u00a0\u00bb tels que les savons, les baumes, les barres de lotion, les baumes \u00e0 l\u00e8vres, les bougies et les bases de parfum. C&rsquo;est un produit enti\u00e8rement naturel, qui adoucit la peau et convient aux personnes ayant la peau s\u00e8che, irrit\u00e9e ou tr\u00e8s sensible. Vous le trouverez dans de nombreux produits de soins de la peau pour b\u00e9b\u00e9. Du fait qu&rsquo;elle poss\u00e8de des propri\u00e9t\u00e9s antioxydantes, la cire d&rsquo;abeille est souvent utilis\u00e9e dans la fabrication de produits cosm\u00e9tiques qui offrent un \u00ab bouclier de protection \u00bb contre la pollution de l&rsquo;environnement. Dans la tradition grecque, il existe dans la plupart des maisons sous la forme de l&rsquo;onguent classique \u00e0 l&rsquo;huile d&rsquo;olive.<\/strong><\/p>\n<p><strong>La cire d&rsquo;abeille naturelle biologique que nous proposons est la meilleure que vous puissiez trouver sur le march\u00e9. Un produit fantastique avec de nombreuses utilisations et des propri\u00e9t\u00e9s b\u00e9n\u00e9fiques infinies.<\/strong><\/p>\n<p><strong>Pour des quantit\u00e9s plus importantes, contactez-nous par t\u00e9l\u00e9phone.<\/strong><\/p>\n","protected":false},"excerpt":{"rendered":"<p><strong>La cire d&rsquo;abeille naturelle est la cire naturelle produite dans la ruche par les glandes des abeilles du genre Apis mellifera. C&rsquo;est le mat\u00e9riau de construction de la ruche et les fondations de l&rsquo;essaim.<\/strong><\/p>\n<p><strong>Pour des quantit\u00e9s plus importantes, contactez-nous par t\u00e9l\u00e9phone.<\/strong><\/p>\n","protected":false},"featured_media":1693,"template":"","meta":[],"product_cat":[195],"product_tag":[],"yoast_head":"<!-- This site is optimized with the Yoast SEO plugin v17.2.1 - https:\/\/yoast.com\/wordpress\/plugins\/seo\/ -->\n<title>Cire d&#039;abeille biologique (100 gr) - Creterium<\/title>\n<meta name=\"robots\" content=\"index, follow, max-snippet:-1, max-image-preview:large, max-video-preview:-1\" \/>\n<link rel=\"canonical\" href=\"https:\/\/creterium.gr\/product\/cire-dabeille-biologique-100-gr\/\" \/>\n<meta property=\"og:locale\" content=\"fr_FR\" \/>\n<meta property=\"og:type\" content=\"article\" \/>\n<meta property=\"og:title\" content=\"Cire d&#039;abeille biologique (100 gr) - Creterium\" \/>\n<meta property=\"og:description\" content=\"La cire d&#039;abeille naturelle est la cire naturelle produite dans la ruche par les glandes des abeilles du genre Apis mellifera. C&#039;est le mat\u00e9riau de construction de la ruche et les fondations de l&#039;essaim. Pour des quantit\u00e9s plus importantes, contactez-nous par t\u00e9l\u00e9phone.\" \/>\n<meta property=\"og:url\" content=\"https:\/\/creterium.gr\/product\/cire-dabeille-biologique-100-gr\/\" \/>\n<meta property=\"og:site_name\" content=\"Creterium\" \/>\n<meta name=\"twitter:card\" content=\"summary_large_image\" \/>\n<meta name=\"twitter:label1\" content=\"Dur\u00e9e de lecture estim\u00e9e\" \/>\n\t<meta name=\"twitter:data1\" content=\"1 minute\" \/>\n<script type=\"application\/ld+json\" class=\"yoast-schema-graph\">{\"@context\":\"https:\/\/schema.org\",\"@graph\":[{\"@type\":\"WebSite\",\"@id\":\"https:\/\/creterium.gr\/#website\",\"url\":\"https:\/\/creterium.gr\/\",\"name\":\"Creterium\",\"description\":\"Exquisite Bee Products from Crete\",\"potentialAction\":[{\"@type\":\"SearchAction\",\"target\":{\"@type\":\"EntryPoint\",\"urlTemplate\":\"https:\/\/creterium.gr\/?s={search_term_string}\"},\"query-input\":\"required name=search_term_string\"}],\"inLanguage\":\"fr-FR\"},{\"@type\":\"ImageObject\",\"@id\":\"https:\/\/creterium.gr\/product\/cire-dabeille-biologique-100-gr\/#primaryimage\",\"inLanguage\":\"fr-FR\",\"url\":\"https:\/\/creterium.gr\/wp-content\/uploads\/2021\/09\/14-syn-b.jpg\",\"contentUrl\":\"https:\/\/creterium.gr\/wp-content\/uploads\/2021\/09\/14-syn-b.jpg\",\"width\":1000,\"height\":1000},{\"@type\":\"WebPage\",\"@id\":\"https:\/\/creterium.gr\/product\/cire-dabeille-biologique-100-gr\/#webpage\",\"url\":\"https:\/\/creterium.gr\/product\/cire-dabeille-biologique-100-gr\/\",\"name\":\"Cire d'abeille biologique (100 gr) - Creterium\",\"isPartOf\":{\"@id\":\"https:\/\/creterium.gr\/#website\"},\"primaryImageOfPage\":{\"@id\":\"https:\/\/creterium.gr\/product\/cire-dabeille-biologique-100-gr\/#primaryimage\"},\"datePublished\":\"2021-11-02T08:15:17+00:00\",\"dateModified\":\"2021-11-02T08:15:17+00:00\",\"breadcrumb\":{\"@id\":\"https:\/\/creterium.gr\/product\/cire-dabeille-biologique-100-gr\/#breadcrumb\"},\"inLanguage\":\"fr-FR\",\"potentialAction\":[{\"@type\":\"ReadAction\",\"target\":[\"https:\/\/creterium.gr\/product\/cire-dabeille-biologique-100-gr\/\"]}]},{\"@type\":\"BreadcrumbList\",\"@id\":\"https:\/\/creterium.gr\/product\/cire-dabeille-biologique-100-gr\/#breadcrumb\",\"itemListElement\":[{\"@type\":\"ListItem\",\"position\":1,\"name\":\"Home\",\"item\":\"https:\/\/creterium.gr\/fr\/\"},{\"@type\":\"ListItem\",\"position\":2,\"name\":\"\\u039a\\u03b1\\u03c4\\u03ac\\u03c3\\u03c4\\u03b7\\u03bc\\u03b1\",\"item\":\"https:\/\/creterium.gr\/shop\/\"},{\"@type\":\"ListItem\",\"position\":3,\"name\":\"Cire d&#8217;abeille biologique (100 gr)\"}]}]}<\/script>\n<!-- \/ Yoast SEO plugin. -->","yoast_head_json":{"title":"Cire d'abeille biologique (100 gr) - Creterium","robots":{"index":"index","follow":"follow","max-snippet":"max-snippet:-1","max-image-preview":"max-image-preview:large","max-video-preview":"max-video-preview:-1"},"canonical":"https:\/\/creterium.gr\/product\/cire-dabeille-biologique-100-gr\/","og_locale":"fr_FR","og_type":"article","og_title":"Cire d'abeille biologique (100 gr) - Creterium","og_description":"La cire d'abeille naturelle est la cire naturelle produite dans la ruche par les glandes des abeilles du genre Apis mellifera. C'est le mat\u00e9riau de construction de la ruche et les fondations de l'essaim. Pour des quantit\u00e9s plus importantes, contactez-nous par t\u00e9l\u00e9phone.","og_url":"https:\/\/creterium.gr\/product\/cire-dabeille-biologique-100-gr\/","og_site_name":"Creterium","twitter_card":"summary_large_image","twitter_misc":{"Dur\u00e9e de lecture estim\u00e9e":"1 minute"},"schema":{"@context":"https:\/\/schema.org","@graph":[{"@type":"WebSite","@id":"https:\/\/creterium.gr\/#website","url":"https:\/\/creterium.gr\/","name":"Creterium","description":"Exquisite Bee Products from Crete","potentialAction":[{"@type":"SearchAction","target":{"@type":"EntryPoint","urlTemplate":"https:\/\/creterium.gr\/?s={search_term_string}"},"query-input":"required name=search_term_string"}],"inLanguage":"fr-FR"},{"@type":"ImageObject","@id":"https:\/\/creterium.gr\/product\/cire-dabeille-biologique-100-gr\/#primaryimage","inLanguage":"fr-FR","url":"https:\/\/creterium.gr\/wp-content\/uploads\/2021\/09\/14-syn-b.jpg","contentUrl":"https:\/\/creterium.gr\/wp-content\/uploads\/2021\/09\/14-syn-b.jpg","width":1000,"height":1000},{"@type":"WebPage","@id":"https:\/\/creterium.gr\/product\/cire-dabeille-biologique-100-gr\/#webpage","url":"https:\/\/creterium.gr\/product\/cire-dabeille-biologique-100-gr\/","name":"Cire d'abeille biologique (100 gr) - Creterium","isPartOf":{"@id":"https:\/\/creterium.gr\/#website"},"primaryImageOfPage":{"@id":"https:\/\/creterium.gr\/product\/cire-dabeille-biologique-100-gr\/#primaryimage"},"datePublished":"2021-11-02T08:15:17+00:00","dateModified":"2021-11-02T08:15:17+00:00","breadcrumb":{"@id":"https:\/\/creterium.gr\/product\/cire-dabeille-biologique-100-gr\/#breadcrumb"},"inLanguage":"fr-FR","potentialAction":[{"@type":"ReadAction","target":["https:\/\/creterium.gr\/product\/cire-dabeille-biologique-100-gr\/"]}]},{"@type":"BreadcrumbList","@id":"https:\/\/creterium.gr\/product\/cire-dabeille-biologique-100-gr\/#breadcrumb","itemListElement":[{"@type":"ListItem","position":1,"name":"Home","item":"https:\/\/creterium.gr\/fr\/"},{"@type":"ListItem","position":2,"name":"\u039a\u03b1\u03c4\u03ac\u03c3\u03c4\u03b7\u03bc\u03b1","item":"https:\/\/creterium.gr\/shop\/"},{"@type":"ListItem","position":3,"name":"Cire d&#8217;abeille biologique (100 gr)"}]}]}},"_links":{"self":[{"href":"https:\/\/creterium.gr\/fr\/wp-json\/wp\/v2\/product\/3236"}],"collection":[{"href":"https:\/\/creterium.gr\/fr\/wp-json\/wp\/v2\/product"}],"about":[{"href":"https:\/\/creterium.gr\/fr\/wp-json\/wp\/v2\/types\/product"}],"wp:featuredmedia":[{"embeddable":true,"href":"https:\/\/creterium.gr\/fr\/wp-json\/wp\/v2\/media\/1693"}],"wp:attachment":[{"href":"https:\/\/creterium.gr\/fr\/wp-json\/wp\/v2\/media?parent=3236"}],"wp:term":[{"taxonomy":"product_cat","embeddable":true,"href":"https:\/\/creterium.gr\/fr\/wp-json\/wp\/v2\/product_cat?post=3236"},{"taxonomy":"product_tag","embeddable":true,"href":"https:\/\/creterium.gr\/fr\/wp-json\/wp\/v2\/product_tag?post=3236"}],"curies":[{"name":"wp","href":"https:\/\/api.w.org\/{rel}","templated":true}]}}