{"id":3219,"date":"2021-11-02T09:44:58","date_gmt":"2021-11-02T07:44:58","guid":{"rendered":"https:\/\/creterium.gr\/methodes-de-payement\/"},"modified":"2021-11-02T09:44:59","modified_gmt":"2021-11-02T07:44:59","slug":"methodes-de-payement","status":"publish","type":"page","link":"https:\/\/creterium.gr\/fr\/methodes-de-payement\/","title":{"rendered":"M\u00e9thodes de payement"},"content":{"rendered":"\n  <div id=\"page-header-830637720\" class=\"page-header-wrapper\">\n  <div class=\"page-title dark featured-title\">\n\n        <div class=\"page-title-bg\">\n      <div class=\"title-bg fill bg-fill\"\n        data-parallax-container=\".page-title\"\n        data-parallax-background\n        data-parallax=\"-\">\n      <\/div>\n      <div class=\"title-overlay fill\"><\/div>\n    <\/div>\n    \n    <div class=\"page-title-inner container align-center flex-row medium-flex-wrap\" >\n              <div class=\"title-wrapper flex-col text-left medium-text-center\">\n          <h1 class=\"entry-title mb-0\">\n            M\u00e9thodes de payement          <\/h1>\n        <\/div>\n                    <div class=\"title-content flex-col flex-right text-right medium-text-center\">\n        <div class=\"title-breadcrumbs pb-half pt-half\"><nav class=\"woocommerce-breadcrumb breadcrumbs uppercase\">Accueil<\/nav><\/div>      <\/div>\n    <\/div>\n\n     \n<style>\n#page-header-830637720 .featured-title {\n  background-color: rgb(139, 183, 186);\n}\n<\/style>\n  <\/div>\n    <\/div>\n  \n\n\t<section class=\"section\" id=\"section_1198814160\">\n\t\t<div class=\"bg section-bg fill bg-fill  bg-loaded\" >\n\n\t\t\t\n\t\t\t\n\t\t\t\n\n\t\t<\/div>\n\n\t\t<div class=\"section-content relative\">\n\t\t\t\n\n<div class=\"row\"  id=\"row-802842597\">\n\n\n\t<div id=\"col-1297985489\" class=\"col small-12 large-12\"  >\n\t\t<div class=\"col-inner\"  >\n\t\t\t\n\t\t\t\n\n<p>Pour votre meilleur service, dans creterium.gr, nous avons int\u00e9gr\u00e9 de nombreuses m\u00e9thodes de paiement alternatives, afin que vous puissiez toujours choisir celle qui vous convient le mieux ! Le choix du mode de paiement s&rsquo;effectue lors de la derni\u00e8re \u00e9tape de finalisation de votre commande. <\/p>\n<p>Les paiements de vos commandes sur creterium.gr peuvent \u00eatre effectu\u00e9s des mani\u00e8res suivantes :<\/p>\n<h5 class=\"uppercase\">Paiement \u00e0 la livraison<\/h5>\n<p>Les frais de remboursement pour toutes les commandes sont de 1,70 \u20ac<br>Pour que votre commande COD soit exp\u00e9di\u00e9e, le num\u00e9ro de t\u00e9l\u00e9phone que vous avez indiqu\u00e9 doit \u00eatre valide.<\/p>\n<h5 class=\"uppercase\">2. Via un compte bancaire<\/h5>\n<p>BANQUE DU PIREE IBAN :<\/p>\n<p class=\"p1\">GR95 0171 4330 0064 3315 1301 784<\/p>\n<p>Nom : MAROUSIS GRIGORIOS<span class=\"Apple-converted-space\">&nbsp;<\/span><\/p>\n<p>Si le d\u00e9p\u00f4t bancaire est s\u00e9lectionn\u00e9 comme mode de paiement, votre commande commencera \u00e0 \u00eatre trait\u00e9e imm\u00e9diatement apr\u00e8s la confirmation de son d\u00e9p\u00f4t. Cela peut aller de 1 \u00e0 5 jours selon la politique de versement des deux banques. Les frais des transactions interbancaires sont \u00e0 la charge du client.<\/p>\n<h5 class=\"uppercase\">3. Via PayPal&nbsp;<\/h5>\n<p><b>La commande commencera \u00e0 \u00eatre trait\u00e9e et sera pr\u00eate \u00e0 \u00eatre exp\u00e9di\u00e9e, une fois que nous aurons re\u00e7u la preuve de d\u00e9p\u00f4t.<\/b><\/p>\n<h5 class=\"uppercase\">Remarques importantes<\/h5>\n<p>1. Les commandes qui ont \u00e9t\u00e9 pay\u00e9es en totalit\u00e9 de leur valeur sont consid\u00e9r\u00e9es comme pay\u00e9es et non celles pour lesquelles seul un paiement partiel a \u00e9t\u00e9 effectu\u00e9.<\/p>\n<p>2. Apr\u00e8s avoir pass\u00e9 la commande, <b>il n&rsquo;est pas possible de modifier le mode de paiement<\/b>. Cependant, si la modification est n\u00e9cessaire, il existe la possibilit\u00e9 d&rsquo;annuler la commande sp\u00e9cifique et d&rsquo;en soumettre une nouvelle, avec le nouveau mode de paiement souhait\u00e9, APR\u00c8S UNE COMMUNICATION ANTICIP\u00c9E AVEC NOUS, \u00e0 condition que la pr\u00e9c\u00e9dente n&rsquo;ait pas \u00e9t\u00e9 envoy\u00e9e. <\/p>\n<p>3. Toutes les transactions dans l&rsquo;environnement en ligne de creterium.gr sont effectu\u00e9es en <b>euros<\/b>.<\/p>\n<p>4. creterium.gr se r\u00e9serve le droit de retarder toute commande pour des raisons de s\u00e9curit\u00e9 ou m\u00eame de l&rsquo;annuler.<\/p>\n<h3 class=\"uppercase\">Retour<\/h3>\n<p><strong>Politique de retour<\/strong><\/p>\n<p>Droit de r\u00e9tractation<\/p>\n<p>Conform\u00e9ment \u00e0 la loi 2251\/94, vous avez le droit de vous retirer \u00e0 l&rsquo;int\u00e9rieur&nbsp;<strong>(14)<\/strong>&nbsp;jours calendaires \u00e0 compter de la r\u00e9ception du produit pour \u00eatre consid\u00e9r\u00e9 comme opportun.&nbsp;<strong>\u00c9tat de base&nbsp;<strong>que nous avons \u00e9t\u00e9 contact\u00e9s soit par t\u00e9l\u00e9phone soit par &nbsp;<\/strong><strong>email<\/strong><strong>.<\/strong><\/strong><\/p>\n<p>Tout retour de produit est accept\u00e9 si :<\/p>\n<ul>\n<li>Le produit est dans son \u00e9tat d&rsquo;origine.<\/li>\n<li>L&#8217;emballage des produits n&rsquo;a pas \u00e9t\u00e9 ouvert ou descell\u00e9.<\/li>\n<li>Le produit n&rsquo;est pas souill\u00e9 ou endommag\u00e9.<\/li>\n<li>Le client assume les frais de retour en remettant le produit dans son \u00e9tat d&rsquo;origine.<\/li>\n<\/ul>\n<p>Si les conditions ci-dessus sont remplies, le remboursement du prix que vous avez d\u00e9j\u00e0 pay\u00e9 sera effectu\u00e9 directement par nous ou en coop\u00e9ration avec le prestataire de paiement coop\u00e9rant ou autrement dans le d\u00e9lai pr\u00e9vu par la loi en cas de r\u00e9tractation.<\/p>\n<p>&nbsp;<strong>Les frais de livraison sont \u00e0 la charge du client.<\/strong><\/p>\n<p>Contactez notre boutique en ligne au 281 301 9202 si le produit n&rsquo;a pas \u00e9t\u00e9 utilis\u00e9 et est accompagn\u00e9 de tous les documents n\u00e9cessaires prouvant la transaction afin que vous puissiez le retourner, sous r\u00e9serve que les conditions ci-dessus soient remplies.<\/p>\n<p><strong>Les remboursements ne sont pas effectu\u00e9s sur nos produits \u00e0 moins que ce ne soit de notre faute.<\/strong><\/p>\n<p><strong>Nous ne pouvons accepter les retours de produits endommag\u00e9s et contrefaits une fois la livraison effectu\u00e9e par le transporteur. Veuillez v\u00e9rifier les produits et leur int\u00e9grit\u00e9 \u00e0 la r\u00e9ception !! Veuillez v\u00e9rifier les produits et leur int\u00e9grit\u00e9 \u00e0 la r\u00e9ception !!<\/strong><\/p>\n<p><strong>Annulation de commande<\/strong><\/p>\n<p>Votre commande peut \u00eatre annul\u00e9e \u00e0 tout moment tant qu&rsquo;elle n&rsquo;a pas \u00e9t\u00e9 exp\u00e9di\u00e9e depuis le cr\u00e9terium.<\/p>\n<p>Nous vous informons par e-mail de toutes les \u00e9tapes de d\u00e9veloppement de la commande pour cette raison, veuillez v\u00e9rifier vos e-mails pour vous assurer de l&rsquo;\u00e9tape en cours, \u00e0 chaque fois, avant de soumettre une demande d&rsquo;annulation.<\/p>\n<p>L&rsquo;annulation en votre nom peut \u00eatre effectu\u00e9e par t\u00e9l\u00e9phone ou par e-mail.<\/p>\n<p><strong>Creterium<\/strong>.<strong>gr se r\u00e9serve le droit de modifier les m\u00e9thodes d&rsquo;exp\u00e9dition, les conditions et les prix \u00e0 tout moment et sans pr\u00e9avis.<\/strong><\/p>\n\n\t\t<\/div>\n\t\t\t<\/div>\n\n\t\n\n<\/div>\n\n\t\t<\/div>\n\n\t\t\n<style>\n#section_1198814160 {\n  padding-top: 30px;\n  padding-bottom: 30px;\n}\n<\/style>\n\t<\/section>\n\t\n","protected":false},"excerpt":{"rendered":"","protected":false},"author":2,"featured_media":0,"parent":0,"menu_order":0,"comment_status":"closed","ping_status":"closed","template":"","meta":[],"yoast_head":"<!-- This site is optimized with the Yoast SEO plugin v17.2.1 - https:\/\/yoast.com\/wordpress\/plugins\/seo\/ -->\n<title>M\u00e9thodes de payement - Creterium<\/title>\n<meta name=\"robots\" content=\"index, follow, max-snippet:-1, max-image-preview:large, max-video-preview:-1\" \/>\n<link rel=\"canonical\" href=\"https:\/\/creterium.gr\/fr\/methodes-de-payement\/\" \/>\n<meta property=\"og:locale\" content=\"fr_FR\" \/>\n<meta property=\"og:type\" content=\"article\" \/>\n<meta property=\"og:title\" content=\"M\u00e9thodes de payement - Creterium\" \/>\n<meta property=\"og:url\" content=\"https:\/\/creterium.gr\/fr\/methodes-de-payement\/\" \/>\n<meta property=\"og:site_name\" content=\"Creterium\" \/>\n<meta property=\"article:modified_time\" content=\"2021-11-02T07:44:59+00:00\" \/>\n<meta name=\"twitter:card\" content=\"summary_large_image\" \/>\n<meta name=\"twitter:label1\" content=\"Dur\u00e9e de lecture estim\u00e9e\" \/>\n\t<meta name=\"twitter:data1\" content=\"4 minutes\" \/>\n<script type=\"application\/ld+json\" class=\"yoast-schema-graph\">{\"@context\":\"https:\/\/schema.org\",\"@graph\":[{\"@type\":\"WebSite\",\"@id\":\"https:\/\/creterium.gr\/#website\",\"url\":\"https:\/\/creterium.gr\/\",\"name\":\"Creterium\",\"description\":\"Exquisite Bee Products from Crete\",\"potentialAction\":[{\"@type\":\"SearchAction\",\"target\":{\"@type\":\"EntryPoint\",\"urlTemplate\":\"https:\/\/creterium.gr\/?s={search_term_string}\"},\"query-input\":\"required name=search_term_string\"}],\"inLanguage\":\"fr-FR\"},{\"@type\":\"WebPage\",\"@id\":\"https:\/\/creterium.gr\/fr\/methodes-de-payement\/#webpage\",\"url\":\"https:\/\/creterium.gr\/fr\/methodes-de-payement\/\",\"name\":\"M\\u00e9thodes de payement - Creterium\",\"isPartOf\":{\"@id\":\"https:\/\/creterium.gr\/#website\"},\"datePublished\":\"2021-11-02T07:44:58+00:00\",\"dateModified\":\"2021-11-02T07:44:59+00:00\",\"breadcrumb\":{\"@id\":\"https:\/\/creterium.gr\/fr\/methodes-de-payement\/#breadcrumb\"},\"inLanguage\":\"fr-FR\",\"potentialAction\":[{\"@type\":\"ReadAction\",\"target\":[\"https:\/\/creterium.gr\/fr\/methodes-de-payement\/\"]}]},{\"@type\":\"BreadcrumbList\",\"@id\":\"https:\/\/creterium.gr\/fr\/methodes-de-payement\/#breadcrumb\",\"itemListElement\":[{\"@type\":\"ListItem\",\"position\":1,\"name\":\"Home\",\"item\":\"https:\/\/creterium.gr\/fr\/\"},{\"@type\":\"ListItem\",\"position\":2,\"name\":\"M\\u00e9thodes de payement\"}]}]}<\/script>\n<!-- \/ Yoast SEO plugin. -->","yoast_head_json":{"title":"M\u00e9thodes de payement - Creterium","robots":{"index":"index","follow":"follow","max-snippet":"max-snippet:-1","max-image-preview":"max-image-preview:large","max-video-preview":"max-video-preview:-1"},"canonical":"https:\/\/creterium.gr\/fr\/methodes-de-payement\/","og_locale":"fr_FR","og_type":"article","og_title":"M\u00e9thodes de payement - Creterium","og_url":"https:\/\/creterium.gr\/fr\/methodes-de-payement\/","og_site_name":"Creterium","article_modified_time":"2021-11-02T07:44:59+00:00","twitter_card":"summary_large_image","twitter_misc":{"Dur\u00e9e de lecture estim\u00e9e":"4 minutes"},"schema":{"@context":"https:\/\/schema.org","@graph":[{"@type":"WebSite","@id":"https:\/\/creterium.gr\/#website","url":"https:\/\/creterium.gr\/","name":"Creterium","description":"Exquisite Bee Products from Crete","potentialAction":[{"@type":"SearchAction","target":{"@type":"EntryPoint","urlTemplate":"https:\/\/creterium.gr\/?s={search_term_string}"},"query-input":"required name=search_term_string"}],"inLanguage":"fr-FR"},{"@type":"WebPage","@id":"https:\/\/creterium.gr\/fr\/methodes-de-payement\/#webpage","url":"https:\/\/creterium.gr\/fr\/methodes-de-payement\/","name":"M\u00e9thodes de payement - Creterium","isPartOf":{"@id":"https:\/\/creterium.gr\/#website"},"datePublished":"2021-11-02T07:44:58+00:00","dateModified":"2021-11-02T07:44:59+00:00","breadcrumb":{"@id":"https:\/\/creterium.gr\/fr\/methodes-de-payement\/#breadcrumb"},"inLanguage":"fr-FR","potentialAction":[{"@type":"ReadAction","target":["https:\/\/creterium.gr\/fr\/methodes-de-payement\/"]}]},{"@type":"BreadcrumbList","@id":"https:\/\/creterium.gr\/fr\/methodes-de-payement\/#breadcrumb","itemListElement":[{"@type":"ListItem","position":1,"name":"Home","item":"https:\/\/creterium.gr\/fr\/"},{"@type":"ListItem","position":2,"name":"M\u00e9thodes de payement"}]}]}},"_links":{"self":[{"href":"https:\/\/creterium.gr\/fr\/wp-json\/wp\/v2\/pages\/3219"}],"collection":[{"href":"https:\/\/creterium.gr\/fr\/wp-json\/wp\/v2\/pages"}],"about":[{"href":"https:\/\/creterium.gr\/fr\/wp-json\/wp\/v2\/types\/page"}],"author":[{"embeddable":true,"href":"https:\/\/creterium.gr\/fr\/wp-json\/wp\/v2\/users\/2"}],"replies":[{"embeddable":true,"href":"https:\/\/creterium.gr\/fr\/wp-json\/wp\/v2\/comments?post=3219"}],"version-history":[{"count":1,"href":"https:\/\/creterium.gr\/fr\/wp-json\/wp\/v2\/pages\/3219\/revisions"}],"predecessor-version":[{"id":3220,"href":"https:\/\/creterium.gr\/fr\/wp-json\/wp\/v2\/pages\/3219\/revisions\/3220"}],"wp:attachment":[{"href":"https:\/\/creterium.gr\/fr\/wp-json\/wp\/v2\/media?parent=3219"}],"curies":[{"name":"wp","href":"https:\/\/api.w.org\/{rel}","templated":true}]}}