{"id":3217,"date":"2021-11-02T09:34:42","date_gmt":"2021-11-02T07:34:42","guid":{"rendered":"https:\/\/creterium.gr\/methodes-de-livraison\/"},"modified":"2021-11-02T09:34:43","modified_gmt":"2021-11-02T07:34:43","slug":"methodes-de-livraison","status":"publish","type":"page","link":"https:\/\/creterium.gr\/fr\/methodes-de-livraison\/","title":{"rendered":"M\u00e9thodes de livraison"},"content":{"rendered":"\n  <div id=\"page-header-1844729732\" class=\"page-header-wrapper\">\n  <div class=\"page-title dark featured-title\">\n\n        <div class=\"page-title-bg\">\n      <div class=\"title-bg fill bg-fill\"\n        data-parallax-container=\".page-title\"\n        data-parallax-background\n        data-parallax=\"-\">\n      <\/div>\n      <div class=\"title-overlay fill\"><\/div>\n    <\/div>\n    \n    <div class=\"page-title-inner container align-center flex-row medium-flex-wrap\" >\n              <div class=\"title-wrapper flex-col text-left medium-text-center\">\n          <h1 class=\"entry-title mb-0\">\n            M\u00e9thodes de livraison          <\/h1>\n        <\/div>\n                    <div class=\"title-content flex-col flex-right text-right medium-text-center\">\n        <div class=\"title-breadcrumbs pb-half pt-half\"><nav class=\"woocommerce-breadcrumb breadcrumbs uppercase\">Accueil<\/nav><\/div>      <\/div>\n    <\/div>\n\n     \n<style>\n#page-header-1844729732 .featured-title {\n  background-color: rgb(139, 183, 186);\n}\n<\/style>\n  <\/div>\n    <\/div>\n  \n\n\t<section class=\"section\" id=\"section_697017280\">\n\t\t<div class=\"bg section-bg fill bg-fill  bg-loaded\" >\n\n\t\t\t\n\t\t\t\n\t\t\t\n\n\t\t<\/div>\n\n\t\t<div class=\"section-content relative\">\n\t\t\t\n\n<div class=\"row\"  id=\"row-266567219\">\n\n\n\t<div id=\"col-1968649046\" class=\"col small-12 large-12\"  >\n\t\t<div class=\"col-inner\"  >\n\t\t\t\n\t\t\t\n\n<p><strong>Gestion des commandes<\/strong><\/p>\n<p>Si les produits sont imm\u00e9diatement disponibles dans notre magasin, toutes les commandes sont exp\u00e9di\u00e9es sous 24h, du lundi au vendredi, de 9h00 \u00e0 15h00.<\/p>\n<p><strong>Courier<\/strong><\/p>\n<p>Les exp\u00e9ditions sont effectu\u00e9es <strong>dans toute la Gr\u00e8ce<\/strong>, dans chaque ville et village pris en charge par le r\u00e9seau <strong>ELTA Courier<\/strong> et \u00e0 l&rsquo;\u00e9tranger avec le r\u00e9seau <strong>DHL EXPRESS<\/strong>.<\/p>\n<p><strong>Frais de port<\/strong><\/p>\n<p>FRAIS DE PORT en Gr\u00e8ce 2,60 \u20ac et frais de port GRATUITS \u00e0 partir de 24 \u20ac d&rsquo;achats pour toute la Gr\u00e8ce ! <\/p>\n<p>Pour l&rsquo;ETRANGER commande minimum 5 kg et maximum 10 kg avec prix par d\u00e9faut 37 \u20ac. <\/p>\n<p>COT MORUE 1.70 \u20ac<\/p>\n<p><strong>ATTENTION<\/strong> : Pour que votre commande soit exp\u00e9di\u00e9e, le num\u00e9ro de t\u00e9l\u00e9phone que vous avez indiqu\u00e9 doit \u00eatre valide afin que nous ayons besoin de vous contacter pour la livraison de votre commande.<\/p>\n<p><strong>Temps d&rsquo;exp\u00e9dition<\/strong><\/p>\n<p>La livraison des produits de votre commande s&rsquo;effectue \u00e0 partir de son ach\u00e8vement en Gr\u00e8ce environ 2-3 jours ouvrables avec ELTA Courier. <\/p>\n<p>Le d\u00e9lai de livraison \u00e0 l&rsquo;\u00e9tranger est d&rsquo;environ 3 \u00e0 5 jours ouvr\u00e9s pour l&rsquo;Europe, avec DHL EXPRESS.<\/p>\n<p> <\/p>\n<p>Par exemple:<\/p>\n<p>Les commandes que vous choisissez de r\u00e9gler par acompte sur un compte bancaire ou par virement par virement bancaire depuis une banque autre que la n\u00f4tre, sont <strong>finalis\u00e9es d\u00e8s la validation de votre acompte ou virement.<\/strong><\/p>\n<p>Les commandes que vous choisissez de payer en esp\u00e8ces \u00e0 la livraison et s&rsquo;ils n&rsquo;ont pas d&rsquo;autre probl\u00e8me avec les d\u00e9tails de la commande, sont <strong>imm\u00e9diatement confirm\u00e9es<\/strong>.<\/p>\n<p>Les colis sont livr\u00e9s du <strong>lundi au vendredi<\/strong> et toujours conform\u00e9ment aux conditions g\u00e9n\u00e9rales <strong>d&rsquo;ELTA Courier<\/strong> &amp; <strong>DHL EXPRESS<\/strong>.<\/p>\n<p>Dans le cas o\u00f9 il n&rsquo;est pas possible de livrer votre commande, l&rsquo;exp\u00e9diteur vous laissera une note ou vous enverra un message (SMS) sur le t\u00e9l\u00e9phone portable que vous avez d\u00e9clar\u00e9 lors de votre commande, pour le mode de r\u00e9ception et de communication avec <strong>le courrier ELTA<\/strong>&amp; <strong>succursale DHL EXPRESS<\/strong><\/p>\n<p>Notez que les d\u00e9lais d&rsquo;exp\u00e9dition peuvent changer en raison de facteurs d\u00e9s\u00e9quilibr\u00e9s tels que : disponibilit\u00e9 non imm\u00e9diate du produit, traitement sp\u00e9cial, gr\u00e8ves, retards des soci\u00e9t\u00e9s de transport, jours f\u00e9ri\u00e9s, vacances, etc.<\/p>\n<p><strong>Suivi de commande<\/strong><\/p>\n<p>Chaque client ayant donn\u00e9 un e-mail (e-mail) et un t\u00e9l\u00e9phone portable \u00e0 ses coordonn\u00e9es, le jour de l&rsquo;envoi de la commande re\u00e7oit un num\u00e9ro unique avec le code de livraison.<br>Avec ce num\u00e9ro, il est possible de suivre votre commande dans le syst\u00e8me de suivi <strong>d&rsquo;ELTA Courier<\/strong> &amp; <strong>DHL EXPRESS<\/strong>.<\/p>\n<p><strong>Collecte en magasin<\/strong><\/p>\n<p>Le retrait en magasin est possible pour tous les achats qui seront soumis par notre boutique en ligne et auront choisi comme zone d&rsquo;adresse de facturation de la <strong>pr\u00e9fecture d&rsquo;H\u00e9raklion<\/strong>. Dans le cas o\u00f9 vous avez indiqu\u00e9 \u00e0 la fin de votre commande que vous souhaitez recevoir de notre magasin, vous serez averti par t\u00e9l\u00e9phone ou par e-mail en cas de probl\u00e8me de disponibilit\u00e9 d&rsquo;un produit de votre commande. Lorsque votre commande est pr\u00eate \u00e0 \u00eatre re\u00e7ue, vous serez averti avec un nouveau contact. Votre commande restera disponible pour la livraison pendant <strong>3 jours calendaires<\/strong>. Si vous ne le recevez pas dans ce d\u00e9lai, votre commande sera annul\u00e9e. Si elle a \u00e9t\u00e9 pay\u00e9e par voie \u00e9lectronique, le montant de votre commande vous sera rembours\u00e9 dans un d\u00e9lai <strong>de (14) jours calendaires<\/strong>.  <\/p>\n<p><strong>La r\u00e9ception de votre commande<\/strong> <strong>en magasin<\/strong> <strong>peut se faire apr\u00e8s consultation avec nous.<\/strong><\/p>\n<p><strong>NOTE 1:<\/strong> <em>Aucun produit n&rsquo;est li\u00e9 sans une commande enregistr\u00e9e. Notre soci\u00e9t\u00e9 se r\u00e9serve le droit de demander un acompte pour chaque commande ainsi que de modifier les prix sans pr\u00e9avis. Les commandes peuvent prendre 1 \u00e0 5 jours ouvrables pour \u00eatre trait\u00e9es.<\/em><\/p>\n<p><strong>NOTE 2 : Des modifications ou des ajouts aux commandes enregistr\u00e9es peuvent \u00eatre effectu\u00e9s si le traitement de la commande n&rsquo;a pas commenc\u00e9 et s&rsquo;ils ne disposent pas de 60 minutes \u00e0 compter de leur enregistrement.<\/strong><\/p>\n<p><strong>REMARQUE 3<\/strong>: <em>Veuillez noter que <strong>le remboursement<\/strong> (si vous choisissez) est un <strong>mode de paiement<\/strong> et n&rsquo;est pas li\u00e9 \u00e0 l&rsquo;exp\u00e9dition.<\/em><\/p>\n\n\t\t<\/div>\n\t\t\t<\/div>\n\n\t\n\n<\/div>\n\n\t\t<\/div>\n\n\t\t\n<style>\n#section_697017280 {\n  padding-top: 30px;\n  padding-bottom: 30px;\n}\n<\/style>\n\t<\/section>\n\t\n\n","protected":false},"excerpt":{"rendered":"","protected":false},"author":2,"featured_media":0,"parent":0,"menu_order":0,"comment_status":"closed","ping_status":"closed","template":"","meta":[],"yoast_head":"<!-- This site is optimized with the Yoast SEO plugin v17.2.1 - https:\/\/yoast.com\/wordpress\/plugins\/seo\/ -->\n<title>M\u00e9thodes de livraison - Creterium<\/title>\n<meta name=\"robots\" content=\"index, follow, max-snippet:-1, max-image-preview:large, max-video-preview:-1\" \/>\n<link rel=\"canonical\" href=\"https:\/\/creterium.gr\/fr\/methodes-de-livraison\/\" \/>\n<meta property=\"og:locale\" content=\"fr_FR\" \/>\n<meta property=\"og:type\" content=\"article\" \/>\n<meta property=\"og:title\" content=\"M\u00e9thodes de livraison - Creterium\" \/>\n<meta property=\"og:url\" content=\"https:\/\/creterium.gr\/fr\/methodes-de-livraison\/\" \/>\n<meta property=\"og:site_name\" content=\"Creterium\" \/>\n<meta property=\"article:modified_time\" content=\"2021-11-02T07:34:43+00:00\" \/>\n<meta name=\"twitter:card\" content=\"summary_large_image\" \/>\n<meta name=\"twitter:label1\" content=\"Dur\u00e9e de lecture estim\u00e9e\" \/>\n\t<meta name=\"twitter:data1\" content=\"4 minutes\" \/>\n<script type=\"application\/ld+json\" class=\"yoast-schema-graph\">{\"@context\":\"https:\/\/schema.org\",\"@graph\":[{\"@type\":\"WebSite\",\"@id\":\"https:\/\/creterium.gr\/#website\",\"url\":\"https:\/\/creterium.gr\/\",\"name\":\"Creterium\",\"description\":\"Exquisite Bee Products from Crete\",\"potentialAction\":[{\"@type\":\"SearchAction\",\"target\":{\"@type\":\"EntryPoint\",\"urlTemplate\":\"https:\/\/creterium.gr\/?s={search_term_string}\"},\"query-input\":\"required name=search_term_string\"}],\"inLanguage\":\"fr-FR\"},{\"@type\":\"WebPage\",\"@id\":\"https:\/\/creterium.gr\/fr\/methodes-de-livraison\/#webpage\",\"url\":\"https:\/\/creterium.gr\/fr\/methodes-de-livraison\/\",\"name\":\"M\\u00e9thodes de livraison - Creterium\",\"isPartOf\":{\"@id\":\"https:\/\/creterium.gr\/#website\"},\"datePublished\":\"2021-11-02T07:34:42+00:00\",\"dateModified\":\"2021-11-02T07:34:43+00:00\",\"breadcrumb\":{\"@id\":\"https:\/\/creterium.gr\/fr\/methodes-de-livraison\/#breadcrumb\"},\"inLanguage\":\"fr-FR\",\"potentialAction\":[{\"@type\":\"ReadAction\",\"target\":[\"https:\/\/creterium.gr\/fr\/methodes-de-livraison\/\"]}]},{\"@type\":\"BreadcrumbList\",\"@id\":\"https:\/\/creterium.gr\/fr\/methodes-de-livraison\/#breadcrumb\",\"itemListElement\":[{\"@type\":\"ListItem\",\"position\":1,\"name\":\"Home\",\"item\":\"https:\/\/creterium.gr\/fr\/\"},{\"@type\":\"ListItem\",\"position\":2,\"name\":\"M\\u00e9thodes de livraison\"}]}]}<\/script>\n<!-- \/ Yoast SEO plugin. -->","yoast_head_json":{"title":"M\u00e9thodes de livraison - Creterium","robots":{"index":"index","follow":"follow","max-snippet":"max-snippet:-1","max-image-preview":"max-image-preview:large","max-video-preview":"max-video-preview:-1"},"canonical":"https:\/\/creterium.gr\/fr\/methodes-de-livraison\/","og_locale":"fr_FR","og_type":"article","og_title":"M\u00e9thodes de livraison - Creterium","og_url":"https:\/\/creterium.gr\/fr\/methodes-de-livraison\/","og_site_name":"Creterium","article_modified_time":"2021-11-02T07:34:43+00:00","twitter_card":"summary_large_image","twitter_misc":{"Dur\u00e9e de lecture estim\u00e9e":"4 minutes"},"schema":{"@context":"https:\/\/schema.org","@graph":[{"@type":"WebSite","@id":"https:\/\/creterium.gr\/#website","url":"https:\/\/creterium.gr\/","name":"Creterium","description":"Exquisite Bee Products from Crete","potentialAction":[{"@type":"SearchAction","target":{"@type":"EntryPoint","urlTemplate":"https:\/\/creterium.gr\/?s={search_term_string}"},"query-input":"required name=search_term_string"}],"inLanguage":"fr-FR"},{"@type":"WebPage","@id":"https:\/\/creterium.gr\/fr\/methodes-de-livraison\/#webpage","url":"https:\/\/creterium.gr\/fr\/methodes-de-livraison\/","name":"M\u00e9thodes de livraison - Creterium","isPartOf":{"@id":"https:\/\/creterium.gr\/#website"},"datePublished":"2021-11-02T07:34:42+00:00","dateModified":"2021-11-02T07:34:43+00:00","breadcrumb":{"@id":"https:\/\/creterium.gr\/fr\/methodes-de-livraison\/#breadcrumb"},"inLanguage":"fr-FR","potentialAction":[{"@type":"ReadAction","target":["https:\/\/creterium.gr\/fr\/methodes-de-livraison\/"]}]},{"@type":"BreadcrumbList","@id":"https:\/\/creterium.gr\/fr\/methodes-de-livraison\/#breadcrumb","itemListElement":[{"@type":"ListItem","position":1,"name":"Home","item":"https:\/\/creterium.gr\/fr\/"},{"@type":"ListItem","position":2,"name":"M\u00e9thodes de livraison"}]}]}},"_links":{"self":[{"href":"https:\/\/creterium.gr\/fr\/wp-json\/wp\/v2\/pages\/3217"}],"collection":[{"href":"https:\/\/creterium.gr\/fr\/wp-json\/wp\/v2\/pages"}],"about":[{"href":"https:\/\/creterium.gr\/fr\/wp-json\/wp\/v2\/types\/page"}],"author":[{"embeddable":true,"href":"https:\/\/creterium.gr\/fr\/wp-json\/wp\/v2\/users\/2"}],"replies":[{"embeddable":true,"href":"https:\/\/creterium.gr\/fr\/wp-json\/wp\/v2\/comments?post=3217"}],"version-history":[{"count":1,"href":"https:\/\/creterium.gr\/fr\/wp-json\/wp\/v2\/pages\/3217\/revisions"}],"predecessor-version":[{"id":3218,"href":"https:\/\/creterium.gr\/fr\/wp-json\/wp\/v2\/pages\/3217\/revisions\/3218"}],"wp:attachment":[{"href":"https:\/\/creterium.gr\/fr\/wp-json\/wp\/v2\/media?parent=3217"}],"curies":[{"name":"wp","href":"https:\/\/api.w.org\/{rel}","templated":true}]}}