{"id":3213,"date":"2021-11-02T09:16:20","date_gmt":"2021-11-02T07:16:20","guid":{"rendered":"https:\/\/creterium.gr\/intimite\/"},"modified":"2021-11-02T09:16:21","modified_gmt":"2021-11-02T07:16:21","slug":"intimite","status":"publish","type":"page","link":"https:\/\/creterium.gr\/fr\/intimite\/","title":{"rendered":"Intimit\u00e9"},"content":{"rendered":"\n  <div id=\"page-header-1445486871\" class=\"page-header-wrapper\">\n  <div class=\"page-title dark featured-title\">\n\n        <div class=\"page-title-bg\">\n      <div class=\"title-bg fill bg-fill\"\n        data-parallax-container=\".page-title\"\n        data-parallax-background\n        data-parallax=\"-\">\n      <\/div>\n      <div class=\"title-overlay fill\"><\/div>\n    <\/div>\n    \n    <div class=\"page-title-inner container align-center flex-row medium-flex-wrap\" >\n              <div class=\"title-wrapper flex-col text-left medium-text-center\">\n          <h1 class=\"entry-title mb-0\">\n            Intimit\u00e9          <\/h1>\n        <\/div>\n                    <div class=\"title-content flex-col flex-right text-right medium-text-center\">\n        <div class=\"title-breadcrumbs pb-half pt-half\"><nav class=\"woocommerce-breadcrumb breadcrumbs uppercase\">Accueil<\/nav><\/div>      <\/div>\n    <\/div>\n\n     \n<style>\n#page-header-1445486871 .featured-title {\n  background-color: rgb(139, 183, 186);\n}\n<\/style>\n  <\/div>\n    <\/div>\n  \n\n\t<section class=\"section\" id=\"section_625431963\">\n\t\t<div class=\"bg section-bg fill bg-fill  bg-loaded\" >\n\n\t\t\t\n\t\t\t\n\t\t\t\n\n\t\t<\/div>\n\n\t\t<div class=\"section-content relative\">\n\t\t\t\n\n<div class=\"row\"  id=\"row-2001656033\">\n\n\n\t<div id=\"col-1574162898\" class=\"col small-12 large-12\"  >\n\t\t<div class=\"col-inner\"  >\n\t\t\t\n\t\t\t\n\n<h5 class=\"uppercase\">COOKIES<\/h5>\n<p>SOCIETE et la possibilit\u00e9 d&rsquo;utiliser des cookies dans le cadre de l&rsquo;installation et du fonctionnement des services de votre site Internet. Les cookies sont de petits fichiers texte, qui sont envoy\u00e9s et stock\u00e9s sur l&rsquo;ordinateur de l&rsquo;utilisateur, permettant \u00e0 des sites Web comme celui-ci de fonctionner correctement et sans anomalies techniques, de collecter plusieurs options utilisateur, d&rsquo;identifier les utilisateurs fr\u00e9quents, d&rsquo;en faciliter l&rsquo;acc\u00e8s et de collecter des donn\u00e9es. pour am\u00e9liorer le contenu du site Web. Les cookies ne causent pas de dommages aux ordinateurs des utilisateurs ou aux fichiers qui y sont stock\u00e9s. Nous utilisons des cookies pour vous fournir des informations et traiter les commandes. De plus, ils nous permettent de vous pr\u00e9senter du contenu publicitaire et \u00e9ducatif en rapport avec vos int\u00e9r\u00eats et vos besoins. Vous devez garder \u00e0 l&rsquo;esprit que les cookies sont absolument n\u00e9cessaires au bon fonctionnement de notre site Web. Les cookies ne causent pas de dommages aux ordinateurs des utilisateurs ou aux fichiers qui y sont stock\u00e9s. Nous utilisons des cookies pour vous fournir des informations et traiter les commandes. De plus, ils nous permettent de vous pr\u00e9senter du contenu publicitaire et \u00e9ducatif en rapport avec vos int\u00e9r\u00eats et vos besoins. Vous devez garder \u00e0 l&rsquo;esprit que les cookies sont absolument n\u00e9cessaires au bon fonctionnement de notre site Web.  <\/p>\n<h5 class=\"uppercase\">Les cookies sont r\u00e9partis dans les cat\u00e9gories suivantes :<\/h5>\n<p>&#8211; Cookies strictement requis. Ces cookies sont n\u00e9cessaires au bon fonctionnement de notre boutique en ligne et ne peuvent pas \u00eatre d\u00e9sactiv\u00e9s. Ces cookies sont d\u00e9finis uniquement en r\u00e9ponse aux choix que vous avez effectu\u00e9s, tels que la langue, la devise, la p\u00e9riode de connexion, les pr\u00e9f\u00e9rences de confidentialit\u00e9. Vous pouvez configurer votre navigateur pour bloquer ces cookies, mais notre site Web peut ne pas fonctionner correctement par la suite.<\/p>\n<p>\n&#8211; Analyse et statistiques. Ces cookies nous permettent de mesurer le trafic de nos visiteurs et de visualiser les sources de trafic en collectant des informations dans des ensembles de donn\u00e9es. Ils peuvent \u00e9galement nous aider \u00e0 comprendre quels produits et actions sont les plus populaires. Ces cookies nous permettent de mesurer le trafic de nos visiteurs et de visualiser les sources de trafic en collectant des informations dans des ensembles de donn\u00e9es. Ils peuvent \u00e9galement nous aider \u00e0 comprendre quels produits et actions sont les plus populaires. <\/p>\n<p>&#8211; Publicit\u00e9. Ces cookies sont g\u00e9n\u00e9ralement d\u00e9finis par les partenaires marketing et publicitaires. Ils peuvent \u00eatre utilis\u00e9s par eux pour cr\u00e9er un profil qui vous int\u00e9resse et afficher plus tard des publicit\u00e9s pertinentes. Si vous n&rsquo;autorisez pas ces cookies, les publicit\u00e9s cibl\u00e9es pour vos int\u00e9r\u00eats ne seront pas affich\u00e9es. Ces cookies sont g\u00e9n\u00e9ralement d\u00e9finis par les partenaires marketing et publicitaires. Ils peuvent \u00eatre utilis\u00e9s par eux pour cr\u00e9er un profil qui vous int\u00e9resse et afficher plus tard des publicit\u00e9s pertinentes. Si vous n&rsquo;autorisez pas ces cookies, les publicit\u00e9s cibl\u00e9es pour vos int\u00e9r\u00eats ne seront pas affich\u00e9es.\n<\/p>\n<p>Les fournisseurs tiers, y compris Google, peuvent afficher les annonces de la Soci\u00e9t\u00e9 sur des sites Internet, utiliser des cookies pour mettre \u00e0 jour, optimiser et afficher des annonces en fonction de la visite pr\u00e9c\u00e9dente de l&rsquo;utilisateur sur notre site Web.<\/p>\n<p>\nLa SOCIETE peut \u00e9galement utiliser les cookies de votre pr\u00e9c\u00e9dente visite sur son site Internet \u00e0 des fins de marketing r\u00e9p\u00e9titif.<br>\nVous pouvez choisir de refuser une telle utilisation de cookies par Google en cliquant ici. Vous pouvez \u00e9galement param\u00e9trer votre navigateur (chrome, firefox edge etc), il vous avertit \u00e0 chaque fois qu&rsquo;un cookie est t\u00e9l\u00e9charg\u00e9 et que vous d\u00e9cidez de le t\u00e9l\u00e9charger ou de le rejeter. Dans ce cas, gardez \u00e0 l&rsquo;esprit que vous ne pourrez peut-\u00eatre pas en profiter pleinement. Vous pouvez \u00e9galement param\u00e9trer votre navigateur (chrome, firefox edge etc), il vous avertit \u00e0 chaque fois qu&rsquo;un cookie est t\u00e9l\u00e9charg\u00e9 et que vous d\u00e9cidez de le t\u00e9l\u00e9charger ou de le rejeter. Dans ce cas, gardez \u00e0 l&rsquo;esprit que vous ne pourrez peut-\u00eatre pas en profiter pleinement.\n<\/p>\n<p>Nous nous r\u00e9servons le droit de modifier cette politique de cookies \u00e0 tout moment. Toute modification apport\u00e9e \u00e0 cette politique de cookies prendra effet d\u00e8s que la politique de cookies r\u00e9vis\u00e9e sera disponible sur notre site Web. Toute modification apport\u00e9e \u00e0 cette politique de cookies prendra effet d\u00e8s que la politique de cookies r\u00e9vis\u00e9e sera disponible sur notre site Web.<br>\nLes annonceurs tiers et les autres soci\u00e9t\u00e9s avec lesquelles nous travaillons peuvent utiliser leurs propres cookies pour collecter des informations sur vos activit\u00e9s sur notre site Web. Nous ne contr\u00f4lons pas ces cookies. Nous ne contr\u00f4lons pas ces cookies.<\/p>\n\n\t\t<\/div>\n\t\t\t<\/div>\n\n\t\n\n<\/div>\n\n\t\t<\/div>\n\n\t\t\n<style>\n#section_625431963 {\n  padding-top: 30px;\n  padding-bottom: 30px;\n}\n<\/style>\n\t<\/section>\n\t\n\n","protected":false},"excerpt":{"rendered":"","protected":false},"author":2,"featured_media":0,"parent":0,"menu_order":0,"comment_status":"closed","ping_status":"closed","template":"","meta":[],"yoast_head":"<!-- This site is optimized with the Yoast SEO plugin v17.2.1 - https:\/\/yoast.com\/wordpress\/plugins\/seo\/ -->\n<title>Intimit\u00e9 - Creterium<\/title>\n<meta name=\"robots\" content=\"index, follow, max-snippet:-1, max-image-preview:large, max-video-preview:-1\" \/>\n<link rel=\"canonical\" href=\"https:\/\/creterium.gr\/fr\/intimite\/\" \/>\n<meta property=\"og:locale\" content=\"fr_FR\" \/>\n<meta property=\"og:type\" content=\"article\" \/>\n<meta property=\"og:title\" content=\"Intimit\u00e9 - Creterium\" \/>\n<meta property=\"og:url\" content=\"https:\/\/creterium.gr\/fr\/intimite\/\" \/>\n<meta property=\"og:site_name\" content=\"Creterium\" \/>\n<meta property=\"article:modified_time\" content=\"2021-11-02T07:16:21+00:00\" \/>\n<meta name=\"twitter:card\" content=\"summary_large_image\" \/>\n<meta name=\"twitter:label1\" content=\"Dur\u00e9e de lecture estim\u00e9e\" \/>\n\t<meta name=\"twitter:data1\" content=\"4 minutes\" \/>\n<script type=\"application\/ld+json\" class=\"yoast-schema-graph\">{\"@context\":\"https:\/\/schema.org\",\"@graph\":[{\"@type\":\"WebSite\",\"@id\":\"https:\/\/creterium.gr\/#website\",\"url\":\"https:\/\/creterium.gr\/\",\"name\":\"Creterium\",\"description\":\"Exquisite Bee Products from Crete\",\"potentialAction\":[{\"@type\":\"SearchAction\",\"target\":{\"@type\":\"EntryPoint\",\"urlTemplate\":\"https:\/\/creterium.gr\/?s={search_term_string}\"},\"query-input\":\"required name=search_term_string\"}],\"inLanguage\":\"fr-FR\"},{\"@type\":\"WebPage\",\"@id\":\"https:\/\/creterium.gr\/fr\/intimite\/#webpage\",\"url\":\"https:\/\/creterium.gr\/fr\/intimite\/\",\"name\":\"Intimit\\u00e9 - Creterium\",\"isPartOf\":{\"@id\":\"https:\/\/creterium.gr\/#website\"},\"datePublished\":\"2021-11-02T07:16:20+00:00\",\"dateModified\":\"2021-11-02T07:16:21+00:00\",\"breadcrumb\":{\"@id\":\"https:\/\/creterium.gr\/fr\/intimite\/#breadcrumb\"},\"inLanguage\":\"fr-FR\",\"potentialAction\":[{\"@type\":\"ReadAction\",\"target\":[\"https:\/\/creterium.gr\/fr\/intimite\/\"]}]},{\"@type\":\"BreadcrumbList\",\"@id\":\"https:\/\/creterium.gr\/fr\/intimite\/#breadcrumb\",\"itemListElement\":[{\"@type\":\"ListItem\",\"position\":1,\"name\":\"Home\",\"item\":\"https:\/\/creterium.gr\/fr\/\"},{\"@type\":\"ListItem\",\"position\":2,\"name\":\"Intimit\\u00e9\"}]}]}<\/script>\n<!-- \/ Yoast SEO plugin. -->","yoast_head_json":{"title":"Intimit\u00e9 - Creterium","robots":{"index":"index","follow":"follow","max-snippet":"max-snippet:-1","max-image-preview":"max-image-preview:large","max-video-preview":"max-video-preview:-1"},"canonical":"https:\/\/creterium.gr\/fr\/intimite\/","og_locale":"fr_FR","og_type":"article","og_title":"Intimit\u00e9 - Creterium","og_url":"https:\/\/creterium.gr\/fr\/intimite\/","og_site_name":"Creterium","article_modified_time":"2021-11-02T07:16:21+00:00","twitter_card":"summary_large_image","twitter_misc":{"Dur\u00e9e de lecture estim\u00e9e":"4 minutes"},"schema":{"@context":"https:\/\/schema.org","@graph":[{"@type":"WebSite","@id":"https:\/\/creterium.gr\/#website","url":"https:\/\/creterium.gr\/","name":"Creterium","description":"Exquisite Bee Products from Crete","potentialAction":[{"@type":"SearchAction","target":{"@type":"EntryPoint","urlTemplate":"https:\/\/creterium.gr\/?s={search_term_string}"},"query-input":"required name=search_term_string"}],"inLanguage":"fr-FR"},{"@type":"WebPage","@id":"https:\/\/creterium.gr\/fr\/intimite\/#webpage","url":"https:\/\/creterium.gr\/fr\/intimite\/","name":"Intimit\u00e9 - Creterium","isPartOf":{"@id":"https:\/\/creterium.gr\/#website"},"datePublished":"2021-11-02T07:16:20+00:00","dateModified":"2021-11-02T07:16:21+00:00","breadcrumb":{"@id":"https:\/\/creterium.gr\/fr\/intimite\/#breadcrumb"},"inLanguage":"fr-FR","potentialAction":[{"@type":"ReadAction","target":["https:\/\/creterium.gr\/fr\/intimite\/"]}]},{"@type":"BreadcrumbList","@id":"https:\/\/creterium.gr\/fr\/intimite\/#breadcrumb","itemListElement":[{"@type":"ListItem","position":1,"name":"Home","item":"https:\/\/creterium.gr\/fr\/"},{"@type":"ListItem","position":2,"name":"Intimit\u00e9"}]}]}},"_links":{"self":[{"href":"https:\/\/creterium.gr\/fr\/wp-json\/wp\/v2\/pages\/3213"}],"collection":[{"href":"https:\/\/creterium.gr\/fr\/wp-json\/wp\/v2\/pages"}],"about":[{"href":"https:\/\/creterium.gr\/fr\/wp-json\/wp\/v2\/types\/page"}],"author":[{"embeddable":true,"href":"https:\/\/creterium.gr\/fr\/wp-json\/wp\/v2\/users\/2"}],"replies":[{"embeddable":true,"href":"https:\/\/creterium.gr\/fr\/wp-json\/wp\/v2\/comments?post=3213"}],"version-history":[{"count":1,"href":"https:\/\/creterium.gr\/fr\/wp-json\/wp\/v2\/pages\/3213\/revisions"}],"predecessor-version":[{"id":3214,"href":"https:\/\/creterium.gr\/fr\/wp-json\/wp\/v2\/pages\/3213\/revisions\/3214"}],"wp:attachment":[{"href":"https:\/\/creterium.gr\/fr\/wp-json\/wp\/v2\/media?parent=3213"}],"curies":[{"name":"wp","href":"https:\/\/api.w.org\/{rel}","templated":true}]}}