{"id":3133,"date":"2020-12-24T19:18:01","date_gmt":"2021-10-20T09:13:39","guid":{"rendered":"https:\/\/creterium.gr\/product\/thymianhonig-kraeuter-koniferen\/"},"modified":"2022-10-05T10:06:37","modified_gmt":"2022-10-05T08:06:37","slug":"meli-apo-thymari-votana-konofora-2","status":"publish","type":"product","link":"https:\/\/creterium.gr\/de\/product\/meli-apo-thymari-votana-konofora-2\/","title":{"rendered":"Bio-Thymianhonig, Kr\u00e4uter &#038; Koniferen"},"content":{"rendered":"<p><strong>Pinienthymianhonig hat eine intensive Bernsteinfarbe mit geringer Klarheit.<\/strong><br \/>\n<strong>Die S\u00fc\u00dfe, die Dauer des Geschmacks, die Intensit\u00e4t und die Stabilit\u00e4t des Aromas in Pefkothymaromelo sind moderat.<\/strong><br \/>\n<strong>Sein Aroma hat Blument\u00f6ne, ein schwaches Aroma von Holz und Harz.<\/strong><br \/>\n<strong>Der Geruch ist von m\u00e4\u00dfiger Intensit\u00e4t mit einem leichten Hauch von Frucht und Wachs.<\/strong><br \/>\n<strong>Wir sammeln es jedes Jahr von August bis Oktober ausschlie\u00dflich in den vier gro\u00dfen Pinienw\u00e4ldern der Insel.<\/strong><\/p>\n<p><strong>Erh\u00e4ltlich in zwei Paketen, Premium und Classic, mit 500 gr oder 1 kg.<\/strong><\/p>\n","protected":false},"excerpt":{"rendered":"<div style=\"text-align: justify;\"><strong>Alle Aromen der Insel in einem L\u00f6ffel!<\/strong><br \/>\n<strong>Der Honig, den wir normalerweise sammeln, dauert zwischen September und Oktober.<\/strong><br \/>\n<strong>Von den darin enthaltenen Pollenk\u00f6rnern enth\u00e4lt dieser Honig Thymian und Kiefer bis hin zu Heide und Johannisbrot.<\/strong><br \/>\n<strong>Eine endlose Palette an Geschmacksrichtungen. Moderate Klarheit und charakteristischer Nachgeschmack.<\/strong><\/div>\n","protected":false},"featured_media":2115,"template":"","meta":[],"product_cat":[183],"product_tag":[],"yoast_head":"<!-- This site is optimized with the Yoast SEO plugin v17.2.1 - https:\/\/yoast.com\/wordpress\/plugins\/seo\/ -->\n<title>Bio-Thymianhonig, Kr\u00e4uter &amp; Koniferen - Creterium<\/title>\n<meta name=\"description\" content=\"Pinien-Thymian-Honig aus Kreta\" \/>\n<meta name=\"robots\" content=\"index, follow, max-snippet:-1, max-image-preview:large, max-video-preview:-1\" \/>\n<link rel=\"canonical\" href=\"https:\/\/creterium.gr\/de\/produkt\/meli-apo-thymari-votana-konofora-2\/\" \/>\n<meta property=\"og:locale\" content=\"de_DE\" \/>\n<meta property=\"og:type\" content=\"article\" \/>\n<meta property=\"og:title\" content=\"Bio-Thymianhonig, Kr\u00e4uter &amp; Koniferen - Creterium\" \/>\n<meta property=\"og:description\" content=\"Pinien-Thymian-Honig aus Kreta\" \/>\n<meta property=\"og:url\" content=\"https:\/\/creterium.gr\/de\/produkt\/meli-apo-thymari-votana-konofora-2\/\" \/>\n<meta property=\"og:site_name\" content=\"Creterium\" \/>\n<meta property=\"article:modified_time\" content=\"2022-10-05T08:06:37+00:00\" \/>\n<meta property=\"og:image\" content=\"https:\/\/creterium.gr\/wp-content\/uploads\/2021\/09\/classic-2-1kg-b-eshop.jpg\" \/>\n\t<meta property=\"og:image:width\" content=\"1000\" \/>\n\t<meta property=\"og:image:height\" content=\"1000\" \/>\n<meta name=\"twitter:card\" content=\"summary_large_image\" \/>\n<script type=\"application\/ld+json\" class=\"yoast-schema-graph\">{\"@context\":\"https:\/\/schema.org\",\"@graph\":[{\"@type\":\"WebSite\",\"@id\":\"https:\/\/creterium.gr\/#website\",\"url\":\"https:\/\/creterium.gr\/\",\"name\":\"Creterium\",\"description\":\"Exquisite Bee Products from Crete\",\"potentialAction\":[{\"@type\":\"SearchAction\",\"target\":{\"@type\":\"EntryPoint\",\"urlTemplate\":\"https:\/\/creterium.gr\/?s={search_term_string}\"},\"query-input\":\"required name=search_term_string\"}],\"inLanguage\":\"de\"},{\"@type\":\"ImageObject\",\"@id\":\"https:\/\/creterium.gr\/de\/produkt\/meli-apo-thymari-votana-konofora-2\/#primaryimage\",\"inLanguage\":\"de\",\"url\":\"https:\/\/creterium.gr\/wp-content\/uploads\/2021\/09\/classic-2-1kg-b-eshop.jpg\",\"contentUrl\":\"https:\/\/creterium.gr\/wp-content\/uploads\/2021\/09\/classic-2-1kg-b-eshop.jpg\",\"width\":1000,\"height\":1000,\"caption\":\"Classic Thyme & Pine\"},{\"@type\":\"WebPage\",\"@id\":\"https:\/\/creterium.gr\/de\/produkt\/meli-apo-thymari-votana-konofora-2\/#webpage\",\"url\":\"https:\/\/creterium.gr\/de\/produkt\/meli-apo-thymari-votana-konofora-2\/\",\"name\":\"Bio-Thymianhonig, Kr\\u00e4uter & Koniferen - Creterium\",\"isPartOf\":{\"@id\":\"https:\/\/creterium.gr\/#website\"},\"primaryImageOfPage\":{\"@id\":\"https:\/\/creterium.gr\/de\/produkt\/meli-apo-thymari-votana-konofora-2\/#primaryimage\"},\"datePublished\":\"2021-10-20T09:13:39+00:00\",\"dateModified\":\"2022-10-05T08:06:37+00:00\",\"description\":\"Pinien-Thymian-Honig aus Kreta\",\"breadcrumb\":{\"@id\":\"https:\/\/creterium.gr\/de\/produkt\/meli-apo-thymari-votana-konofora-2\/#breadcrumb\"},\"inLanguage\":\"de\",\"potentialAction\":[{\"@type\":\"ReadAction\",\"target\":[\"https:\/\/creterium.gr\/de\/produkt\/meli-apo-thymari-votana-konofora-2\/\"]}]},{\"@type\":\"BreadcrumbList\",\"@id\":\"https:\/\/creterium.gr\/de\/produkt\/meli-apo-thymari-votana-konofora-2\/#breadcrumb\",\"itemListElement\":[{\"@type\":\"ListItem\",\"position\":1,\"name\":\"Home\",\"item\":\"https:\/\/creterium.gr\/fr\/\"},{\"@type\":\"ListItem\",\"position\":2,\"name\":\"\\u039a\\u03b1\\u03c4\\u03ac\\u03c3\\u03c4\\u03b7\\u03bc\\u03b1\",\"item\":\"https:\/\/creterium.gr\/shop\/\"},{\"@type\":\"ListItem\",\"position\":3,\"name\":\"Bio-Thymianhonig, Kr\\u00e4uter &#038; Koniferen\"}]}]}<\/script>\n<!-- \/ Yoast SEO plugin. -->","yoast_head_json":{"title":"Bio-Thymianhonig, Kr\u00e4uter & Koniferen - Creterium","description":"Pinien-Thymian-Honig aus Kreta","robots":{"index":"index","follow":"follow","max-snippet":"max-snippet:-1","max-image-preview":"max-image-preview:large","max-video-preview":"max-video-preview:-1"},"canonical":"https:\/\/creterium.gr\/de\/produkt\/meli-apo-thymari-votana-konofora-2\/","og_locale":"de_DE","og_type":"article","og_title":"Bio-Thymianhonig, Kr\u00e4uter & Koniferen - Creterium","og_description":"Pinien-Thymian-Honig aus Kreta","og_url":"https:\/\/creterium.gr\/de\/produkt\/meli-apo-thymari-votana-konofora-2\/","og_site_name":"Creterium","article_modified_time":"2022-10-05T08:06:37+00:00","og_image":[{"width":1000,"height":1000,"url":"https:\/\/creterium.gr\/wp-content\/uploads\/2021\/09\/classic-2-1kg-b-eshop.jpg","path":"\/var\/www\/vhosts\/creterium.gr\/httpdocs\/wp-content\/uploads\/2021\/09\/classic-2-1kg-b-eshop.jpg","size":"full","id":2115,"alt":"Classic Thyme & Pine","pixels":1000000,"type":"image\/jpeg"}],"twitter_card":"summary_large_image","schema":{"@context":"https:\/\/schema.org","@graph":[{"@type":"WebSite","@id":"https:\/\/creterium.gr\/#website","url":"https:\/\/creterium.gr\/","name":"Creterium","description":"Exquisite Bee Products from Crete","potentialAction":[{"@type":"SearchAction","target":{"@type":"EntryPoint","urlTemplate":"https:\/\/creterium.gr\/?s={search_term_string}"},"query-input":"required name=search_term_string"}],"inLanguage":"de"},{"@type":"ImageObject","@id":"https:\/\/creterium.gr\/de\/produkt\/meli-apo-thymari-votana-konofora-2\/#primaryimage","inLanguage":"de","url":"https:\/\/creterium.gr\/wp-content\/uploads\/2021\/09\/classic-2-1kg-b-eshop.jpg","contentUrl":"https:\/\/creterium.gr\/wp-content\/uploads\/2021\/09\/classic-2-1kg-b-eshop.jpg","width":1000,"height":1000,"caption":"Classic Thyme & Pine"},{"@type":"WebPage","@id":"https:\/\/creterium.gr\/de\/produkt\/meli-apo-thymari-votana-konofora-2\/#webpage","url":"https:\/\/creterium.gr\/de\/produkt\/meli-apo-thymari-votana-konofora-2\/","name":"Bio-Thymianhonig, Kr\u00e4uter & Koniferen - Creterium","isPartOf":{"@id":"https:\/\/creterium.gr\/#website"},"primaryImageOfPage":{"@id":"https:\/\/creterium.gr\/de\/produkt\/meli-apo-thymari-votana-konofora-2\/#primaryimage"},"datePublished":"2021-10-20T09:13:39+00:00","dateModified":"2022-10-05T08:06:37+00:00","description":"Pinien-Thymian-Honig aus Kreta","breadcrumb":{"@id":"https:\/\/creterium.gr\/de\/produkt\/meli-apo-thymari-votana-konofora-2\/#breadcrumb"},"inLanguage":"de","potentialAction":[{"@type":"ReadAction","target":["https:\/\/creterium.gr\/de\/produkt\/meli-apo-thymari-votana-konofora-2\/"]}]},{"@type":"BreadcrumbList","@id":"https:\/\/creterium.gr\/de\/produkt\/meli-apo-thymari-votana-konofora-2\/#breadcrumb","itemListElement":[{"@type":"ListItem","position":1,"name":"Home","item":"https:\/\/creterium.gr\/fr\/"},{"@type":"ListItem","position":2,"name":"\u039a\u03b1\u03c4\u03ac\u03c3\u03c4\u03b7\u03bc\u03b1","item":"https:\/\/creterium.gr\/shop\/"},{"@type":"ListItem","position":3,"name":"Bio-Thymianhonig, Kr\u00e4uter &#038; Koniferen"}]}]}},"_links":{"self":[{"href":"https:\/\/creterium.gr\/de\/wp-json\/wp\/v2\/product\/3133"}],"collection":[{"href":"https:\/\/creterium.gr\/de\/wp-json\/wp\/v2\/product"}],"about":[{"href":"https:\/\/creterium.gr\/de\/wp-json\/wp\/v2\/types\/product"}],"wp:featuredmedia":[{"embeddable":true,"href":"https:\/\/creterium.gr\/de\/wp-json\/wp\/v2\/media\/2115"}],"wp:attachment":[{"href":"https:\/\/creterium.gr\/de\/wp-json\/wp\/v2\/media?parent=3133"}],"wp:term":[{"taxonomy":"product_cat","embeddable":true,"href":"https:\/\/creterium.gr\/de\/wp-json\/wp\/v2\/product_cat?post=3133"},{"taxonomy":"product_tag","embeddable":true,"href":"https:\/\/creterium.gr\/de\/wp-json\/wp\/v2\/product_tag?post=3133"}],"curies":[{"name":"wp","href":"https:\/\/api.w.org\/{rel}","templated":true}]}}