{"id":3132,"date":"2021-02-16T20:10:05","date_gmt":"2021-10-20T09:13:38","guid":{"rendered":"https:\/\/creterium.gr\/product\/2er-packung\/"},"modified":"2022-10-05T09:50:51","modified_gmt":"2022-10-05T07:50:51","slug":"2pack","status":"publish","type":"product","link":"https:\/\/creterium.gr\/de\/product\/2pack\/","title":{"rendered":"2er Packung"},"content":{"rendered":"<p><strong>2 Sorten \u00e0 125 g, Bio Thymianhonig und Thymian, Kr\u00e4uter &amp; Koniferen, in der Dose.<\/strong><\/p>\n<p><strong>F\u00fcr den einfachen Transport \u00fcberall hin und ein sehr sch\u00f6nes Geschenk f\u00fcr Ihre Lieben.<\/strong><\/p>\n<p>&nbsp;<\/p>\n","protected":false},"excerpt":{"rendered":"<p><strong>2 Sorten \u00e0 125 g, Bio Thymianhonig und Thymian, Kr\u00e4uter &amp; Koniferen, in der Dose.<\/strong><\/p>\n<p><strong>F\u00fcr den einfachen Transport \u00fcberall hin und ein sehr sch\u00f6nes Geschenk f\u00fcr Ihre Lieben.<\/strong><\/p>\n","protected":false},"featured_media":2067,"template":"","meta":[],"product_cat":[183],"product_tag":[],"yoast_head":"<!-- This site is optimized with the Yoast SEO plugin v17.2.1 - https:\/\/yoast.com\/wordpress\/plugins\/seo\/ -->\n<title>2er Packung - Creterium<\/title>\n<meta name=\"robots\" content=\"index, follow, max-snippet:-1, max-image-preview:large, max-video-preview:-1\" \/>\n<link rel=\"canonical\" href=\"https:\/\/creterium.gr\/de\/produkt\/2pack-2\/\" \/>\n<meta property=\"og:locale\" content=\"de_DE\" \/>\n<meta property=\"og:type\" content=\"article\" \/>\n<meta property=\"og:title\" content=\"2er Packung - Creterium\" \/>\n<meta property=\"og:description\" content=\"2 Sorten \u00e0 125 g, Bio Thymianhonig und Thymian, Kr\u00e4uter &amp; Koniferen, in der Dose. F\u00fcr den einfachen Transport \u00fcberall hin und ein sehr sch\u00f6nes Geschenk f\u00fcr Ihre Lieben.\" \/>\n<meta property=\"og:url\" content=\"https:\/\/creterium.gr\/de\/produkt\/2pack-2\/\" \/>\n<meta property=\"og:site_name\" content=\"Creterium\" \/>\n<meta property=\"article:modified_time\" content=\"2022-10-05T07:50:51+00:00\" \/>\n<meta property=\"og:image\" content=\"https:\/\/creterium.gr\/wp-content\/uploads\/2021\/02\/2pck-web.jpg\" \/>\n\t<meta property=\"og:image:width\" content=\"1000\" \/>\n\t<meta property=\"og:image:height\" content=\"1000\" \/>\n<meta name=\"twitter:card\" content=\"summary_large_image\" \/>\n<script type=\"application\/ld+json\" class=\"yoast-schema-graph\">{\"@context\":\"https:\/\/schema.org\",\"@graph\":[{\"@type\":\"WebSite\",\"@id\":\"https:\/\/creterium.gr\/#website\",\"url\":\"https:\/\/creterium.gr\/\",\"name\":\"Creterium\",\"description\":\"Exquisite Bee Products from Crete\",\"potentialAction\":[{\"@type\":\"SearchAction\",\"target\":{\"@type\":\"EntryPoint\",\"urlTemplate\":\"https:\/\/creterium.gr\/?s={search_term_string}\"},\"query-input\":\"required name=search_term_string\"}],\"inLanguage\":\"de\"},{\"@type\":\"ImageObject\",\"@id\":\"https:\/\/creterium.gr\/de\/produkt\/2pack-2\/#primaryimage\",\"inLanguage\":\"de\",\"url\":\"https:\/\/creterium.gr\/wp-content\/uploads\/2021\/02\/2pck-web.jpg\",\"contentUrl\":\"https:\/\/creterium.gr\/wp-content\/uploads\/2021\/02\/2pck-web.jpg\",\"width\":1000,\"height\":1000},{\"@type\":\"WebPage\",\"@id\":\"https:\/\/creterium.gr\/de\/produkt\/2pack-2\/#webpage\",\"url\":\"https:\/\/creterium.gr\/de\/produkt\/2pack-2\/\",\"name\":\"2er Packung - Creterium\",\"isPartOf\":{\"@id\":\"https:\/\/creterium.gr\/#website\"},\"primaryImageOfPage\":{\"@id\":\"https:\/\/creterium.gr\/de\/produkt\/2pack-2\/#primaryimage\"},\"datePublished\":\"2021-10-20T09:13:38+00:00\",\"dateModified\":\"2022-10-05T07:50:51+00:00\",\"breadcrumb\":{\"@id\":\"https:\/\/creterium.gr\/de\/produkt\/2pack-2\/#breadcrumb\"},\"inLanguage\":\"de\",\"potentialAction\":[{\"@type\":\"ReadAction\",\"target\":[\"https:\/\/creterium.gr\/de\/produkt\/2pack-2\/\"]}]},{\"@type\":\"BreadcrumbList\",\"@id\":\"https:\/\/creterium.gr\/de\/produkt\/2pack-2\/#breadcrumb\",\"itemListElement\":[{\"@type\":\"ListItem\",\"position\":1,\"name\":\"Home\",\"item\":\"https:\/\/creterium.gr\/fr\/\"},{\"@type\":\"ListItem\",\"position\":2,\"name\":\"\\u039a\\u03b1\\u03c4\\u03ac\\u03c3\\u03c4\\u03b7\\u03bc\\u03b1\",\"item\":\"https:\/\/creterium.gr\/shop\/\"},{\"@type\":\"ListItem\",\"position\":3,\"name\":\"2er Packung\"}]}]}<\/script>\n<!-- \/ Yoast SEO plugin. -->","yoast_head_json":{"title":"2er Packung - Creterium","robots":{"index":"index","follow":"follow","max-snippet":"max-snippet:-1","max-image-preview":"max-image-preview:large","max-video-preview":"max-video-preview:-1"},"canonical":"https:\/\/creterium.gr\/de\/produkt\/2pack-2\/","og_locale":"de_DE","og_type":"article","og_title":"2er Packung - Creterium","og_description":"2 Sorten \u00e0 125 g, Bio Thymianhonig und Thymian, Kr\u00e4uter &amp; Koniferen, in der Dose. F\u00fcr den einfachen Transport \u00fcberall hin und ein sehr sch\u00f6nes Geschenk f\u00fcr Ihre Lieben.","og_url":"https:\/\/creterium.gr\/de\/produkt\/2pack-2\/","og_site_name":"Creterium","article_modified_time":"2022-10-05T07:50:51+00:00","og_image":[{"width":1000,"height":1000,"url":"https:\/\/creterium.gr\/wp-content\/uploads\/2021\/02\/2pck-web.jpg","path":"\/var\/www\/vhosts\/creterium.gr\/httpdocs\/wp-content\/uploads\/2021\/02\/2pck-web.jpg","size":"full","id":2067,"alt":"","pixels":1000000,"type":"image\/jpeg"}],"twitter_card":"summary_large_image","schema":{"@context":"https:\/\/schema.org","@graph":[{"@type":"WebSite","@id":"https:\/\/creterium.gr\/#website","url":"https:\/\/creterium.gr\/","name":"Creterium","description":"Exquisite Bee Products from Crete","potentialAction":[{"@type":"SearchAction","target":{"@type":"EntryPoint","urlTemplate":"https:\/\/creterium.gr\/?s={search_term_string}"},"query-input":"required name=search_term_string"}],"inLanguage":"de"},{"@type":"ImageObject","@id":"https:\/\/creterium.gr\/de\/produkt\/2pack-2\/#primaryimage","inLanguage":"de","url":"https:\/\/creterium.gr\/wp-content\/uploads\/2021\/02\/2pck-web.jpg","contentUrl":"https:\/\/creterium.gr\/wp-content\/uploads\/2021\/02\/2pck-web.jpg","width":1000,"height":1000},{"@type":"WebPage","@id":"https:\/\/creterium.gr\/de\/produkt\/2pack-2\/#webpage","url":"https:\/\/creterium.gr\/de\/produkt\/2pack-2\/","name":"2er Packung - Creterium","isPartOf":{"@id":"https:\/\/creterium.gr\/#website"},"primaryImageOfPage":{"@id":"https:\/\/creterium.gr\/de\/produkt\/2pack-2\/#primaryimage"},"datePublished":"2021-10-20T09:13:38+00:00","dateModified":"2022-10-05T07:50:51+00:00","breadcrumb":{"@id":"https:\/\/creterium.gr\/de\/produkt\/2pack-2\/#breadcrumb"},"inLanguage":"de","potentialAction":[{"@type":"ReadAction","target":["https:\/\/creterium.gr\/de\/produkt\/2pack-2\/"]}]},{"@type":"BreadcrumbList","@id":"https:\/\/creterium.gr\/de\/produkt\/2pack-2\/#breadcrumb","itemListElement":[{"@type":"ListItem","position":1,"name":"Home","item":"https:\/\/creterium.gr\/fr\/"},{"@type":"ListItem","position":2,"name":"\u039a\u03b1\u03c4\u03ac\u03c3\u03c4\u03b7\u03bc\u03b1","item":"https:\/\/creterium.gr\/shop\/"},{"@type":"ListItem","position":3,"name":"2er Packung"}]}]}},"_links":{"self":[{"href":"https:\/\/creterium.gr\/de\/wp-json\/wp\/v2\/product\/3132"}],"collection":[{"href":"https:\/\/creterium.gr\/de\/wp-json\/wp\/v2\/product"}],"about":[{"href":"https:\/\/creterium.gr\/de\/wp-json\/wp\/v2\/types\/product"}],"wp:featuredmedia":[{"embeddable":true,"href":"https:\/\/creterium.gr\/de\/wp-json\/wp\/v2\/media\/2067"}],"wp:attachment":[{"href":"https:\/\/creterium.gr\/de\/wp-json\/wp\/v2\/media?parent=3132"}],"wp:term":[{"taxonomy":"product_cat","embeddable":true,"href":"https:\/\/creterium.gr\/de\/wp-json\/wp\/v2\/product_cat?post=3132"},{"taxonomy":"product_tag","embeddable":true,"href":"https:\/\/creterium.gr\/de\/wp-json\/wp\/v2\/product_tag?post=3132"}],"curies":[{"name":"wp","href":"https:\/\/api.w.org\/{rel}","templated":true}]}}