{"id":3131,"date":"2021-06-14T12:25:21","date_gmt":"2021-10-20T09:09:13","guid":{"rendered":"https:\/\/creterium.gr\/product\/portion-thymian-30-gr\/"},"modified":"2022-10-05T10:08:22","modified_gmt":"2022-10-05T08:08:22","slug":"merida-thymari-30-gr-2","status":"publish","type":"product","link":"https:\/\/creterium.gr\/de\/product\/merida-thymari-30-gr-2\/","title":{"rendered":"Portion Bio-Thymianhonig (30 gr)"},"content":{"rendered":"<p><strong>F\u00fcr die Cafeteria, das Restaurant, das Hotel, die Apartments und jede Art von Catering und Gastfreundschaft aber auch f\u00fcr Zuhause oder das B\u00fcro, sogar Ihren Ausflug. Ein Produkt mit einem Geschmack, der f\u00fcr Sie und Ihre G\u00e4ste unvergesslich bleiben wird!<br \/>\n<\/strong><\/p>\n<p><strong>Klassische Verpackung.<\/strong><\/p>\n","protected":false},"excerpt":{"rendered":"<p><strong>F\u00fcr die Cafeteria, das Restaurant, das Hotel, die Apartments und jede Art von Catering und Hospitality aber auch f\u00fcr Zuhause oder das B\u00fcro, sogar Ihren Ausflug. Ein Produkt mit einem Geschmack, der f\u00fcr Sie und Ihre G\u00e4ste unvergesslich bleiben wird!<br \/>\n<\/strong><\/p>\n<p><strong>Klassische Verpackung.<\/strong><\/p>\n","protected":false},"featured_media":2117,"template":"","meta":[],"product_cat":[183],"product_tag":[],"yoast_head":"<!-- This site is optimized with the Yoast SEO plugin v17.2.1 - https:\/\/yoast.com\/wordpress\/plugins\/seo\/ -->\n<title>Portion Bio-Thymianhonig (30 gr) - Creterium<\/title>\n<meta name=\"robots\" content=\"index, follow, max-snippet:-1, max-image-preview:large, max-video-preview:-1\" \/>\n<link rel=\"canonical\" href=\"https:\/\/creterium.gr\/de\/produkt\/merida-thymari-30-gr-2\/\" \/>\n<meta property=\"og:locale\" content=\"de_DE\" \/>\n<meta property=\"og:type\" content=\"article\" \/>\n<meta property=\"og:title\" content=\"Portion Bio-Thymianhonig (30 gr) - Creterium\" \/>\n<meta property=\"og:description\" content=\"F\u00fcr die Cafeteria, das Restaurant, das Hotel, die Apartments und jede Art von Catering und Hospitality aber auch f\u00fcr Zuhause oder das B\u00fcro, sogar Ihren Ausflug. Ein Produkt mit einem Geschmack, der f\u00fcr Sie und Ihre G\u00e4ste unvergesslich bleiben wird!   Klassische Verpackung.\" \/>\n<meta property=\"og:url\" content=\"https:\/\/creterium.gr\/de\/produkt\/merida-thymari-30-gr-2\/\" \/>\n<meta property=\"og:site_name\" content=\"Creterium\" \/>\n<meta property=\"article:modified_time\" content=\"2022-10-05T08:08:22+00:00\" \/>\n<meta name=\"twitter:card\" content=\"summary_large_image\" \/>\n<script type=\"application\/ld+json\" class=\"yoast-schema-graph\">{\"@context\":\"https:\/\/schema.org\",\"@graph\":[{\"@type\":\"WebSite\",\"@id\":\"https:\/\/creterium.gr\/#website\",\"url\":\"https:\/\/creterium.gr\/\",\"name\":\"Creterium\",\"description\":\"Exquisite Bee Products from Crete\",\"potentialAction\":[{\"@type\":\"SearchAction\",\"target\":{\"@type\":\"EntryPoint\",\"urlTemplate\":\"https:\/\/creterium.gr\/?s={search_term_string}\"},\"query-input\":\"required name=search_term_string\"}],\"inLanguage\":\"de\"},{\"@type\":\"ImageObject\",\"@id\":\"https:\/\/creterium.gr\/de\/produkt\/merida-thymari-30-gr-2\/#primaryimage\",\"inLanguage\":\"de\",\"url\":\"https:\/\/creterium.gr\/wp-content\/uploads\/2021\/09\/merida-web.jpg\",\"contentUrl\":\"https:\/\/creterium.gr\/wp-content\/uploads\/2021\/09\/merida-web.jpg\",\"width\":1000,\"height\":1000},{\"@type\":\"WebPage\",\"@id\":\"https:\/\/creterium.gr\/de\/produkt\/merida-thymari-30-gr-2\/#webpage\",\"url\":\"https:\/\/creterium.gr\/de\/produkt\/merida-thymari-30-gr-2\/\",\"name\":\"Portion Bio-Thymianhonig (30 gr) - Creterium\",\"isPartOf\":{\"@id\":\"https:\/\/creterium.gr\/#website\"},\"primaryImageOfPage\":{\"@id\":\"https:\/\/creterium.gr\/de\/produkt\/merida-thymari-30-gr-2\/#primaryimage\"},\"datePublished\":\"2021-10-20T09:09:13+00:00\",\"dateModified\":\"2022-10-05T08:08:22+00:00\",\"breadcrumb\":{\"@id\":\"https:\/\/creterium.gr\/de\/produkt\/merida-thymari-30-gr-2\/#breadcrumb\"},\"inLanguage\":\"de\",\"potentialAction\":[{\"@type\":\"ReadAction\",\"target\":[\"https:\/\/creterium.gr\/de\/produkt\/merida-thymari-30-gr-2\/\"]}]},{\"@type\":\"BreadcrumbList\",\"@id\":\"https:\/\/creterium.gr\/de\/produkt\/merida-thymari-30-gr-2\/#breadcrumb\",\"itemListElement\":[{\"@type\":\"ListItem\",\"position\":1,\"name\":\"Home\",\"item\":\"https:\/\/creterium.gr\/fr\/\"},{\"@type\":\"ListItem\",\"position\":2,\"name\":\"\\u039a\\u03b1\\u03c4\\u03ac\\u03c3\\u03c4\\u03b7\\u03bc\\u03b1\",\"item\":\"https:\/\/creterium.gr\/shop\/\"},{\"@type\":\"ListItem\",\"position\":3,\"name\":\"Portion Bio-Thymianhonig (30 gr)\"}]}]}<\/script>\n<!-- \/ Yoast SEO plugin. -->","yoast_head_json":{"title":"Portion Bio-Thymianhonig (30 gr) - Creterium","robots":{"index":"index","follow":"follow","max-snippet":"max-snippet:-1","max-image-preview":"max-image-preview:large","max-video-preview":"max-video-preview:-1"},"canonical":"https:\/\/creterium.gr\/de\/produkt\/merida-thymari-30-gr-2\/","og_locale":"de_DE","og_type":"article","og_title":"Portion Bio-Thymianhonig (30 gr) - Creterium","og_description":"F\u00fcr die Cafeteria, das Restaurant, das Hotel, die Apartments und jede Art von Catering und Hospitality aber auch f\u00fcr Zuhause oder das B\u00fcro, sogar Ihren Ausflug. Ein Produkt mit einem Geschmack, der f\u00fcr Sie und Ihre G\u00e4ste unvergesslich bleiben wird!   Klassische Verpackung.","og_url":"https:\/\/creterium.gr\/de\/produkt\/merida-thymari-30-gr-2\/","og_site_name":"Creterium","article_modified_time":"2022-10-05T08:08:22+00:00","twitter_card":"summary_large_image","schema":{"@context":"https:\/\/schema.org","@graph":[{"@type":"WebSite","@id":"https:\/\/creterium.gr\/#website","url":"https:\/\/creterium.gr\/","name":"Creterium","description":"Exquisite Bee Products from Crete","potentialAction":[{"@type":"SearchAction","target":{"@type":"EntryPoint","urlTemplate":"https:\/\/creterium.gr\/?s={search_term_string}"},"query-input":"required name=search_term_string"}],"inLanguage":"de"},{"@type":"ImageObject","@id":"https:\/\/creterium.gr\/de\/produkt\/merida-thymari-30-gr-2\/#primaryimage","inLanguage":"de","url":"https:\/\/creterium.gr\/wp-content\/uploads\/2021\/09\/merida-web.jpg","contentUrl":"https:\/\/creterium.gr\/wp-content\/uploads\/2021\/09\/merida-web.jpg","width":1000,"height":1000},{"@type":"WebPage","@id":"https:\/\/creterium.gr\/de\/produkt\/merida-thymari-30-gr-2\/#webpage","url":"https:\/\/creterium.gr\/de\/produkt\/merida-thymari-30-gr-2\/","name":"Portion Bio-Thymianhonig (30 gr) - Creterium","isPartOf":{"@id":"https:\/\/creterium.gr\/#website"},"primaryImageOfPage":{"@id":"https:\/\/creterium.gr\/de\/produkt\/merida-thymari-30-gr-2\/#primaryimage"},"datePublished":"2021-10-20T09:09:13+00:00","dateModified":"2022-10-05T08:08:22+00:00","breadcrumb":{"@id":"https:\/\/creterium.gr\/de\/produkt\/merida-thymari-30-gr-2\/#breadcrumb"},"inLanguage":"de","potentialAction":[{"@type":"ReadAction","target":["https:\/\/creterium.gr\/de\/produkt\/merida-thymari-30-gr-2\/"]}]},{"@type":"BreadcrumbList","@id":"https:\/\/creterium.gr\/de\/produkt\/merida-thymari-30-gr-2\/#breadcrumb","itemListElement":[{"@type":"ListItem","position":1,"name":"Home","item":"https:\/\/creterium.gr\/fr\/"},{"@type":"ListItem","position":2,"name":"\u039a\u03b1\u03c4\u03ac\u03c3\u03c4\u03b7\u03bc\u03b1","item":"https:\/\/creterium.gr\/shop\/"},{"@type":"ListItem","position":3,"name":"Portion Bio-Thymianhonig (30 gr)"}]}]}},"_links":{"self":[{"href":"https:\/\/creterium.gr\/de\/wp-json\/wp\/v2\/product\/3131"}],"collection":[{"href":"https:\/\/creterium.gr\/de\/wp-json\/wp\/v2\/product"}],"about":[{"href":"https:\/\/creterium.gr\/de\/wp-json\/wp\/v2\/types\/product"}],"wp:featuredmedia":[{"embeddable":true,"href":"https:\/\/creterium.gr\/de\/wp-json\/wp\/v2\/media\/2117"}],"wp:attachment":[{"href":"https:\/\/creterium.gr\/de\/wp-json\/wp\/v2\/media?parent=3131"}],"wp:term":[{"taxonomy":"product_cat","embeddable":true,"href":"https:\/\/creterium.gr\/de\/wp-json\/wp\/v2\/product_cat?post=3131"},{"taxonomy":"product_tag","embeddable":true,"href":"https:\/\/creterium.gr\/de\/wp-json\/wp\/v2\/product_tag?post=3131"}],"curies":[{"name":"wp","href":"https:\/\/api.w.org\/{rel}","templated":true}]}}