{"id":3129,"date":"2021-09-14T12:31:44","date_gmt":"2021-10-20T08:45:49","guid":{"rendered":"https:\/\/creterium.gr\/product\/bio-bienenwachs-100-gr\/"},"modified":"2021-10-20T08:45:49","modified_gmt":"2021-10-20T08:45:49","slug":"biologiko-melissokeri-2","status":"publish","type":"product","link":"https:\/\/creterium.gr\/de\/product\/biologiko-melissokeri-2\/","title":{"rendered":"Bio Bienenwachs (100 gr)"},"content":{"rendered":"<p><strong>Nat\u00fcrliches Bienenwachs ist das nat\u00fcrliche Wachs, das im Bienenstock von den Dr\u00fcsen der Bienen der Gattung Apis mellifera produziert wird. Es ist das Baumaterial des Bienenstocks und das Fundament des Schwarms.<\/strong><\/p>\n<p><strong>Bienenwachs ist ein erstaunlicher Inhaltsstoff, der mehr als 300 Substanzen und Verbindungen enth\u00e4lt, die einer Vielzahl von &#8222;hausgemachten&#8220; Kosmetika wie Seifen, Balsamen, Lotionsriegeln, Lippenbalsamen, Kerzen und Parf\u00fcmbasen hinzugef\u00fcgt werden k\u00f6nnen. Dies ist ein v\u00f6llig nat\u00fcrliches Produkt, das die Haut weich macht und f\u00fcr Menschen mit trockener, gereizter oder sehr empfindlicher Haut geeignet ist. Sie finden es in vielen Pflegeprodukten f\u00fcr Babys. Aufgrund seiner antioxidativen Eigenschaften wird Bienenwachs h\u00e4ufig bei der Herstellung von Kosmetika verwendet, die einen &#8222;Schutzschild&#8220; gegen Umweltverschmutzung bieten. In der griechischen Tradition existiert es in den meisten H\u00e4usern in Form der klassischen Salbe mit Oliven\u00f6l.<\/strong><\/p>\n<p><strong>Das von uns angebotene Bio-Naturbienenwachs ist das Beste, was Sie auf dem Markt finden k\u00f6nnen. Ein fantastisches Produkt mit vielen Verwendungsm\u00f6glichkeiten und endlosen n\u00fctzlichen Eigenschaften.<\/strong><\/p>\n<p><strong>Bei gr\u00f6\u00dferen Mengen kontaktieren Sie uns telefonisch.<\/strong><\/p>\n","protected":false},"excerpt":{"rendered":"<p><strong>Nat\u00fcrliches Bienenwachs ist das nat\u00fcrliche Wachs, das im Bienenstock von den Dr\u00fcsen der Bienen der Gattung Apis mellifera produziert wird. Es ist das Baumaterial des Bienenstocks und das Fundament des Schwarms.<\/strong><\/p>\n<p><strong>Bei gr\u00f6\u00dferen Mengen kontaktieren Sie uns telefonisch.<\/strong><\/p>\n","protected":false},"featured_media":1693,"template":"","meta":[],"product_cat":[181],"product_tag":[],"yoast_head":"<!-- This site is optimized with the Yoast SEO plugin v17.2.1 - https:\/\/yoast.com\/wordpress\/plugins\/seo\/ -->\n<title>Bio Bienenwachs (100 gr) - Creterium<\/title>\n<meta name=\"robots\" content=\"index, follow, max-snippet:-1, max-image-preview:large, max-video-preview:-1\" \/>\n<link rel=\"canonical\" href=\"https:\/\/creterium.gr\/product\/bio-bienenwachs-100-gr\/\" \/>\n<meta property=\"og:locale\" content=\"de_DE\" \/>\n<meta property=\"og:type\" content=\"article\" \/>\n<meta property=\"og:title\" content=\"Bio Bienenwachs (100 gr) - Creterium\" \/>\n<meta property=\"og:description\" content=\"Nat\u00fcrliches Bienenwachs ist das nat\u00fcrliche Wachs, das im Bienenstock von den Dr\u00fcsen der Bienen der Gattung Apis mellifera produziert wird. Es ist das Baumaterial des Bienenstocks und das Fundament des Schwarms. Bei gr\u00f6\u00dferen Mengen kontaktieren Sie uns telefonisch.\" \/>\n<meta property=\"og:url\" content=\"https:\/\/creterium.gr\/product\/bio-bienenwachs-100-gr\/\" \/>\n<meta property=\"og:site_name\" content=\"Creterium\" \/>\n<meta name=\"twitter:card\" content=\"summary_large_image\" \/>\n<meta name=\"twitter:label1\" content=\"Gesch\u00e4tzte Lesezeit\" \/>\n\t<meta name=\"twitter:data1\" content=\"1\u00a0Minute\" \/>\n<script type=\"application\/ld+json\" class=\"yoast-schema-graph\">{\"@context\":\"https:\/\/schema.org\",\"@graph\":[{\"@type\":\"WebSite\",\"@id\":\"https:\/\/creterium.gr\/#website\",\"url\":\"https:\/\/creterium.gr\/\",\"name\":\"Creterium\",\"description\":\"Exquisite Bee Products from Crete\",\"potentialAction\":[{\"@type\":\"SearchAction\",\"target\":{\"@type\":\"EntryPoint\",\"urlTemplate\":\"https:\/\/creterium.gr\/?s={search_term_string}\"},\"query-input\":\"required name=search_term_string\"}],\"inLanguage\":\"de\"},{\"@type\":\"ImageObject\",\"@id\":\"https:\/\/creterium.gr\/product\/bio-bienenwachs-100-gr\/#primaryimage\",\"inLanguage\":\"de\",\"url\":\"https:\/\/creterium.gr\/wp-content\/uploads\/2021\/09\/14-syn-b.jpg\",\"contentUrl\":\"https:\/\/creterium.gr\/wp-content\/uploads\/2021\/09\/14-syn-b.jpg\",\"width\":1000,\"height\":1000},{\"@type\":\"WebPage\",\"@id\":\"https:\/\/creterium.gr\/product\/bio-bienenwachs-100-gr\/#webpage\",\"url\":\"https:\/\/creterium.gr\/product\/bio-bienenwachs-100-gr\/\",\"name\":\"Bio Bienenwachs (100 gr) - Creterium\",\"isPartOf\":{\"@id\":\"https:\/\/creterium.gr\/#website\"},\"primaryImageOfPage\":{\"@id\":\"https:\/\/creterium.gr\/product\/bio-bienenwachs-100-gr\/#primaryimage\"},\"datePublished\":\"2021-10-20T08:45:49+00:00\",\"dateModified\":\"2021-10-20T08:45:49+00:00\",\"breadcrumb\":{\"@id\":\"https:\/\/creterium.gr\/product\/bio-bienenwachs-100-gr\/#breadcrumb\"},\"inLanguage\":\"de\",\"potentialAction\":[{\"@type\":\"ReadAction\",\"target\":[\"https:\/\/creterium.gr\/product\/bio-bienenwachs-100-gr\/\"]}]},{\"@type\":\"BreadcrumbList\",\"@id\":\"https:\/\/creterium.gr\/product\/bio-bienenwachs-100-gr\/#breadcrumb\",\"itemListElement\":[{\"@type\":\"ListItem\",\"position\":1,\"name\":\"Home\",\"item\":\"https:\/\/creterium.gr\/fr\/\"},{\"@type\":\"ListItem\",\"position\":2,\"name\":\"\\u039a\\u03b1\\u03c4\\u03ac\\u03c3\\u03c4\\u03b7\\u03bc\\u03b1\",\"item\":\"https:\/\/creterium.gr\/shop\/\"},{\"@type\":\"ListItem\",\"position\":3,\"name\":\"Bio Bienenwachs (100 gr)\"}]}]}<\/script>\n<!-- \/ Yoast SEO plugin. -->","yoast_head_json":{"title":"Bio Bienenwachs (100 gr) - Creterium","robots":{"index":"index","follow":"follow","max-snippet":"max-snippet:-1","max-image-preview":"max-image-preview:large","max-video-preview":"max-video-preview:-1"},"canonical":"https:\/\/creterium.gr\/product\/bio-bienenwachs-100-gr\/","og_locale":"de_DE","og_type":"article","og_title":"Bio Bienenwachs (100 gr) - Creterium","og_description":"Nat\u00fcrliches Bienenwachs ist das nat\u00fcrliche Wachs, das im Bienenstock von den Dr\u00fcsen der Bienen der Gattung Apis mellifera produziert wird. Es ist das Baumaterial des Bienenstocks und das Fundament des Schwarms. Bei gr\u00f6\u00dferen Mengen kontaktieren Sie uns telefonisch.","og_url":"https:\/\/creterium.gr\/product\/bio-bienenwachs-100-gr\/","og_site_name":"Creterium","twitter_card":"summary_large_image","twitter_misc":{"Gesch\u00e4tzte Lesezeit":"1\u00a0Minute"},"schema":{"@context":"https:\/\/schema.org","@graph":[{"@type":"WebSite","@id":"https:\/\/creterium.gr\/#website","url":"https:\/\/creterium.gr\/","name":"Creterium","description":"Exquisite Bee Products from Crete","potentialAction":[{"@type":"SearchAction","target":{"@type":"EntryPoint","urlTemplate":"https:\/\/creterium.gr\/?s={search_term_string}"},"query-input":"required name=search_term_string"}],"inLanguage":"de"},{"@type":"ImageObject","@id":"https:\/\/creterium.gr\/product\/bio-bienenwachs-100-gr\/#primaryimage","inLanguage":"de","url":"https:\/\/creterium.gr\/wp-content\/uploads\/2021\/09\/14-syn-b.jpg","contentUrl":"https:\/\/creterium.gr\/wp-content\/uploads\/2021\/09\/14-syn-b.jpg","width":1000,"height":1000},{"@type":"WebPage","@id":"https:\/\/creterium.gr\/product\/bio-bienenwachs-100-gr\/#webpage","url":"https:\/\/creterium.gr\/product\/bio-bienenwachs-100-gr\/","name":"Bio Bienenwachs (100 gr) - Creterium","isPartOf":{"@id":"https:\/\/creterium.gr\/#website"},"primaryImageOfPage":{"@id":"https:\/\/creterium.gr\/product\/bio-bienenwachs-100-gr\/#primaryimage"},"datePublished":"2021-10-20T08:45:49+00:00","dateModified":"2021-10-20T08:45:49+00:00","breadcrumb":{"@id":"https:\/\/creterium.gr\/product\/bio-bienenwachs-100-gr\/#breadcrumb"},"inLanguage":"de","potentialAction":[{"@type":"ReadAction","target":["https:\/\/creterium.gr\/product\/bio-bienenwachs-100-gr\/"]}]},{"@type":"BreadcrumbList","@id":"https:\/\/creterium.gr\/product\/bio-bienenwachs-100-gr\/#breadcrumb","itemListElement":[{"@type":"ListItem","position":1,"name":"Home","item":"https:\/\/creterium.gr\/fr\/"},{"@type":"ListItem","position":2,"name":"\u039a\u03b1\u03c4\u03ac\u03c3\u03c4\u03b7\u03bc\u03b1","item":"https:\/\/creterium.gr\/shop\/"},{"@type":"ListItem","position":3,"name":"Bio Bienenwachs (100 gr)"}]}]}},"_links":{"self":[{"href":"https:\/\/creterium.gr\/de\/wp-json\/wp\/v2\/product\/3129"}],"collection":[{"href":"https:\/\/creterium.gr\/de\/wp-json\/wp\/v2\/product"}],"about":[{"href":"https:\/\/creterium.gr\/de\/wp-json\/wp\/v2\/types\/product"}],"wp:featuredmedia":[{"embeddable":true,"href":"https:\/\/creterium.gr\/de\/wp-json\/wp\/v2\/media\/1693"}],"wp:attachment":[{"href":"https:\/\/creterium.gr\/de\/wp-json\/wp\/v2\/media?parent=3129"}],"wp:term":[{"taxonomy":"product_cat","embeddable":true,"href":"https:\/\/creterium.gr\/de\/wp-json\/wp\/v2\/product_cat?post=3129"},{"taxonomy":"product_tag","embeddable":true,"href":"https:\/\/creterium.gr\/de\/wp-json\/wp\/v2\/product_tag?post=3129"}],"curies":[{"name":"wp","href":"https:\/\/api.w.org\/{rel}","templated":true}]}}