{"id":3124,"date":"2021-10-20T08:19:39","date_gmt":"2021-10-20T08:19:39","guid":{"rendered":"https:\/\/creterium.gr\/zahlungsmethoden\/"},"modified":"2021-10-20T08:19:40","modified_gmt":"2021-10-20T08:19:40","slug":"zahlungsmethoden","status":"publish","type":"page","link":"https:\/\/creterium.gr\/de\/zahlungsmethoden\/","title":{"rendered":"Zahlungsmethoden"},"content":{"rendered":"\n  <div id=\"page-header-117789830\" class=\"page-header-wrapper\">\n  <div class=\"page-title dark featured-title\">\n\n        <div class=\"page-title-bg\">\n      <div class=\"title-bg fill bg-fill\"\n        data-parallax-container=\".page-title\"\n        data-parallax-background\n        data-parallax=\"-\">\n      <\/div>\n      <div class=\"title-overlay fill\"><\/div>\n    <\/div>\n    \n    <div class=\"page-title-inner container align-center flex-row medium-flex-wrap\" >\n              <div class=\"title-wrapper flex-col text-left medium-text-center\">\n          <h1 class=\"entry-title mb-0\">\n            Zahlungsmethoden          <\/h1>\n        <\/div>\n                    <div class=\"title-content flex-col flex-right text-right medium-text-center\">\n        <div class=\"title-breadcrumbs pb-half pt-half\"><nav class=\"woocommerce-breadcrumb breadcrumbs uppercase\">Startseite<\/nav><\/div>      <\/div>\n    <\/div>\n\n     \n<style>\n#page-header-117789830 .featured-title {\n  background-color: rgb(139, 183, 186);\n}\n<\/style>\n  <\/div>\n    <\/div>\n  \n\n\t<section class=\"section\" id=\"section_1087348050\">\n\t\t<div class=\"bg section-bg fill bg-fill  bg-loaded\" >\n\n\t\t\t\n\t\t\t\n\t\t\t\n\n\t\t<\/div>\n\n\t\t<div class=\"section-content relative\">\n\t\t\t\n\n<div class=\"row\"  id=\"row-127556073\">\n\n\n\t<div id=\"col-351420656\" class=\"col small-12 large-12\"  >\n\t\t<div class=\"col-inner\"  >\n\t\t\t\n\t\t\t\n\n<p>F\u00fcr Ihren besten Service haben wir bei creterium.gr viele alternative Zahlungsmethoden integriert, damit Sie immer diejenige ausw\u00e4hlen k\u00f6nnen, die Ihnen am besten dient! Die Auswahl der Zahlungsmethode erfolgt im letzten Schritt des Abschlusses Ihrer Bestellung. <\/p>\n<p>Zahlungen f\u00fcr Ihre Bestellungen auf creterium.gr k\u00f6nnen auf folgende Weise erfolgen:<\/p>\n<h5 class=\"uppercase\">1. Barzahlung bei Lieferung<\/h5>\n<p>Nachnahmekosten f\u00fcr alle Bestellungen betragen 1,70 \u20ac<br>Damit Ihre Nachnahme-Bestellung versendet werden kann, muss die von Ihnen angegebene Telefonnummer g\u00fcltig sein.<\/p>\n<h5 class=\"uppercase\">2. \u00dcber ein Bankkonto<\/h5>\n<p>PIR\u00c4US-BANK IBAN:<\/p>\n<p class=\"p1\">GR95 0171 4330 0064 3315 1301 784<\/p>\n<p>Name: MAROUSIS GRIGORIOS<span class=\"Apple-converted-space\">&nbsp;<\/span><\/p>\n<p>Bei Auswahl der Zahlungsart Bankeinzug beginnt die Bearbeitung Ihrer Bestellung unmittelbar nach der Best\u00e4tigung der Einzahlung. Dies kann je nach \u00dcberweisungspolitik beider Banken 1 bis 5 Tage betragen. Die Kosten f\u00fcr Interbankgesch\u00e4fte tr\u00e4gt der Kunde.<\/p>\n<h5 class=\"uppercase\">3. \u00dcber PayPal&nbsp;<\/h5>\n<p><b>Die Bestellung beginnt mit der Bearbeitung und ist versandbereit, sobald wir den Einzahlungsnachweis erhalten haben.<\/b><\/p>\n<h5 class=\"uppercase\">Wichtige Hinweise<\/h5>\n<p>1. Bestellungen, die in voller H\u00f6he bezahlt wurden, gelten als bezahlt und nicht solche, bei denen nur Teilzahlungen geleistet wurden.<\/p>\n<p>2. Nach dem Absenden der Bestellung ist <b>eine \u00c4nderung der Zahlungsweise nicht m\u00f6glich<\/b>. Sollte die \u00c4nderung jedoch notwendig sein, besteht die M\u00f6glichkeit, NACH FR\u00dcHER KOMMUNIKATION MIT UNS die konkrete Bestellung zu stornieren und eine neue mit der gew\u00fcnschten neuen Zahlungsart zu \u00fcbermitteln, sofern die vorherige noch nicht versandt wurde. <\/p>\n<p>3. Alle Transaktionen in der Online-Umgebung von creterium.gr erfolgen in <b>Euro<\/b>.<\/p>\n<p>4. creterium.gr beh\u00e4lt sich das Recht vor, jede Bestellung aus Sicherheitsgr\u00fcnden zu verschieben oder sogar zu stornieren.<\/p>\n<h3 class=\"uppercase\">R\u00fcckgabe<\/h3>\n<p><strong>R\u00fcckgaberecht<\/strong><\/p>\n<p>R\u00fccktrittsrecht<\/p>\n<p>Gem\u00e4\u00df Gesetz 2251\/94 haben Sie das Recht, innerhalb von&nbsp;<strong>(14)<\/strong>&nbsp;Kalendertage ab Erhalt der Ware gelten als rechtzeitig.&nbsp;<strong>Grundvoraussetzungen<\/strong>&nbsp;<strong>dass wir entweder telefonisch oder per kontaktiert wurden&nbsp;<\/strong><strong>email<\/strong><strong>.<\/strong><\/p>\n<p>Jede Produktr\u00fcckgabe wird akzeptiert, wenn:<\/p>\n<ul>\n<li>Das Produkt befindet sich im Originalzustand.<\/li>\n<li>Die Verpackung der Produkte wurde nicht ge\u00f6ffnet oder entsiegelt.<\/li>\n<li>Das Produkt ist nicht verschmutzt oder besch\u00e4digt.<\/li>\n<li>Der Kunde \u00fcbernimmt die R\u00fccksendekosten, die das Produkt in seinen urspr\u00fcnglichen Zustand zur\u00fcckversetzen.<\/li>\n<\/ul>\n<p>Bei Vorliegen der vorstehenden Voraussetzungen erfolgt die R\u00fcckerstattung des von Ihnen bereits gezahlten Preises direkt durch uns oder in Zusammenarbeit mit dem kooperierenden Zahlungsanbieter oder sonst innerhalb der gesetzlich vorgesehenen Frist im Falle eines Widerrufs.<\/p>\n<p>&nbsp;<strong>Versandkosten tr\u00e4gt der Kunde.<\/strong><\/p>\n<p>Wenden Sie sich an unseren Online-Shop unter 281 301 9202, wenn das Produkt nicht verwendet wurde und alle erforderlichen Dokumente vorliegen, die die Transaktion belegen, damit Sie es zur\u00fcckgeben k\u00f6nnen, sofern die oben genannten Bedingungen erf\u00fcllt sind.<\/p>\n<p><strong>F\u00fcr unsere Produkte werden keine R\u00fcckerstattungen vorgenommen, es sei denn, es ist unser Verschulden.<\/strong><\/p>\n<p><strong>Wir k\u00f6nnen keine R\u00fccksendungen von besch\u00e4digten und gef\u00e4lschten Produkten akzeptieren, sobald die Lieferung durch den Spediteur abgeschlossen ist. Bitte \u00fcberpr\u00fcfen Sie die Produkte und deren Unversehrtheit nach Erhalt !! <\/strong><\/p>\n<p><strong>Auftragsstornierung<\/strong><\/p>\n<p>Ihre Bestellung kann jederzeit storniert werden, solange sie noch nicht vom creterium versandt wurde.<\/p>\n<p>Aus diesem Grund informieren wir Sie per E-Mail \u00fcber alle Phasen der Auftragsentwicklung. Bitte \u00fcberpr\u00fcfen Sie Ihre E-Mails, um sich \u00fcber den jeweils aktuellen Status zu vergewissern, bevor Sie eine Stornierungsanfrage stellen.<\/p>\n<p>Eine Stornierung in Ihrem Namen kann telefonisch oder per E-Mail erfolgen.<\/p>\n<p><strong>Creterium.gr<\/strong><strong>beh\u00e4lt sich das Recht vor, die Versandmethoden, Bedingungen und Preise jederzeit und ohne vorherige Ank\u00fcndigung zu \u00e4ndern.<\/strong><\/p>\n\n\t\t<\/div>\n\t\t\t<\/div>\n\n\t\n\n<\/div>\n\n\t\t<\/div>\n\n\t\t\n<style>\n#section_1087348050 {\n  padding-top: 30px;\n  padding-bottom: 30px;\n}\n<\/style>\n\t<\/section>\n\t\n","protected":false},"excerpt":{"rendered":"","protected":false},"author":2,"featured_media":0,"parent":0,"menu_order":0,"comment_status":"closed","ping_status":"closed","template":"","meta":[],"yoast_head":"<!-- This site is optimized with the Yoast SEO plugin v17.2.1 - https:\/\/yoast.com\/wordpress\/plugins\/seo\/ -->\n<title>Zahlungsmethoden - Creterium<\/title>\n<meta name=\"robots\" content=\"index, follow, max-snippet:-1, max-image-preview:large, max-video-preview:-1\" \/>\n<link rel=\"canonical\" href=\"https:\/\/creterium.gr\/de\/zahlungsmethoden\/\" \/>\n<meta property=\"og:locale\" content=\"de_DE\" \/>\n<meta property=\"og:type\" content=\"article\" \/>\n<meta property=\"og:title\" content=\"Zahlungsmethoden - Creterium\" \/>\n<meta property=\"og:url\" content=\"https:\/\/creterium.gr\/de\/zahlungsmethoden\/\" \/>\n<meta property=\"og:site_name\" content=\"Creterium\" \/>\n<meta property=\"article:modified_time\" content=\"2021-10-20T08:19:40+00:00\" \/>\n<meta name=\"twitter:card\" content=\"summary_large_image\" \/>\n<meta name=\"twitter:label1\" content=\"Gesch\u00e4tzte Lesezeit\" \/>\n\t<meta name=\"twitter:data1\" content=\"3\u00a0Minuten\" \/>\n<script type=\"application\/ld+json\" class=\"yoast-schema-graph\">{\"@context\":\"https:\/\/schema.org\",\"@graph\":[{\"@type\":\"WebSite\",\"@id\":\"https:\/\/creterium.gr\/#website\",\"url\":\"https:\/\/creterium.gr\/\",\"name\":\"Creterium\",\"description\":\"Exquisite Bee Products from Crete\",\"potentialAction\":[{\"@type\":\"SearchAction\",\"target\":{\"@type\":\"EntryPoint\",\"urlTemplate\":\"https:\/\/creterium.gr\/?s={search_term_string}\"},\"query-input\":\"required name=search_term_string\"}],\"inLanguage\":\"de\"},{\"@type\":\"WebPage\",\"@id\":\"https:\/\/creterium.gr\/de\/zahlungsmethoden\/#webpage\",\"url\":\"https:\/\/creterium.gr\/de\/zahlungsmethoden\/\",\"name\":\"Zahlungsmethoden - Creterium\",\"isPartOf\":{\"@id\":\"https:\/\/creterium.gr\/#website\"},\"datePublished\":\"2021-10-20T08:19:39+00:00\",\"dateModified\":\"2021-10-20T08:19:40+00:00\",\"breadcrumb\":{\"@id\":\"https:\/\/creterium.gr\/de\/zahlungsmethoden\/#breadcrumb\"},\"inLanguage\":\"de\",\"potentialAction\":[{\"@type\":\"ReadAction\",\"target\":[\"https:\/\/creterium.gr\/de\/zahlungsmethoden\/\"]}]},{\"@type\":\"BreadcrumbList\",\"@id\":\"https:\/\/creterium.gr\/de\/zahlungsmethoden\/#breadcrumb\",\"itemListElement\":[{\"@type\":\"ListItem\",\"position\":1,\"name\":\"Home\",\"item\":\"https:\/\/creterium.gr\/fr\/\"},{\"@type\":\"ListItem\",\"position\":2,\"name\":\"Zahlungsmethoden\"}]}]}<\/script>\n<!-- \/ Yoast SEO plugin. -->","yoast_head_json":{"title":"Zahlungsmethoden - Creterium","robots":{"index":"index","follow":"follow","max-snippet":"max-snippet:-1","max-image-preview":"max-image-preview:large","max-video-preview":"max-video-preview:-1"},"canonical":"https:\/\/creterium.gr\/de\/zahlungsmethoden\/","og_locale":"de_DE","og_type":"article","og_title":"Zahlungsmethoden - Creterium","og_url":"https:\/\/creterium.gr\/de\/zahlungsmethoden\/","og_site_name":"Creterium","article_modified_time":"2021-10-20T08:19:40+00:00","twitter_card":"summary_large_image","twitter_misc":{"Gesch\u00e4tzte Lesezeit":"3\u00a0Minuten"},"schema":{"@context":"https:\/\/schema.org","@graph":[{"@type":"WebSite","@id":"https:\/\/creterium.gr\/#website","url":"https:\/\/creterium.gr\/","name":"Creterium","description":"Exquisite Bee Products from Crete","potentialAction":[{"@type":"SearchAction","target":{"@type":"EntryPoint","urlTemplate":"https:\/\/creterium.gr\/?s={search_term_string}"},"query-input":"required name=search_term_string"}],"inLanguage":"de"},{"@type":"WebPage","@id":"https:\/\/creterium.gr\/de\/zahlungsmethoden\/#webpage","url":"https:\/\/creterium.gr\/de\/zahlungsmethoden\/","name":"Zahlungsmethoden - Creterium","isPartOf":{"@id":"https:\/\/creterium.gr\/#website"},"datePublished":"2021-10-20T08:19:39+00:00","dateModified":"2021-10-20T08:19:40+00:00","breadcrumb":{"@id":"https:\/\/creterium.gr\/de\/zahlungsmethoden\/#breadcrumb"},"inLanguage":"de","potentialAction":[{"@type":"ReadAction","target":["https:\/\/creterium.gr\/de\/zahlungsmethoden\/"]}]},{"@type":"BreadcrumbList","@id":"https:\/\/creterium.gr\/de\/zahlungsmethoden\/#breadcrumb","itemListElement":[{"@type":"ListItem","position":1,"name":"Home","item":"https:\/\/creterium.gr\/fr\/"},{"@type":"ListItem","position":2,"name":"Zahlungsmethoden"}]}]}},"_links":{"self":[{"href":"https:\/\/creterium.gr\/de\/wp-json\/wp\/v2\/pages\/3124"}],"collection":[{"href":"https:\/\/creterium.gr\/de\/wp-json\/wp\/v2\/pages"}],"about":[{"href":"https:\/\/creterium.gr\/de\/wp-json\/wp\/v2\/types\/page"}],"author":[{"embeddable":true,"href":"https:\/\/creterium.gr\/de\/wp-json\/wp\/v2\/users\/2"}],"replies":[{"embeddable":true,"href":"https:\/\/creterium.gr\/de\/wp-json\/wp\/v2\/comments?post=3124"}],"version-history":[{"count":1,"href":"https:\/\/creterium.gr\/de\/wp-json\/wp\/v2\/pages\/3124\/revisions"}],"predecessor-version":[{"id":3125,"href":"https:\/\/creterium.gr\/de\/wp-json\/wp\/v2\/pages\/3124\/revisions\/3125"}],"wp:attachment":[{"href":"https:\/\/creterium.gr\/de\/wp-json\/wp\/v2\/media?parent=3124"}],"curies":[{"name":"wp","href":"https:\/\/api.w.org\/{rel}","templated":true}]}}