{"id":3122,"date":"2021-10-20T07:43:47","date_gmt":"2021-10-20T07:43:47","guid":{"rendered":"https:\/\/creterium.gr\/versandarten\/"},"modified":"2021-10-20T07:43:48","modified_gmt":"2021-10-20T07:43:48","slug":"versandarten","status":"publish","type":"page","link":"https:\/\/creterium.gr\/de\/versandarten\/","title":{"rendered":"Versandarten"},"content":{"rendered":"\n  <div id=\"page-header-883543303\" class=\"page-header-wrapper\">\n  <div class=\"page-title dark featured-title\">\n\n        <div class=\"page-title-bg\">\n      <div class=\"title-bg fill bg-fill\"\n        data-parallax-container=\".page-title\"\n        data-parallax-background\n        data-parallax=\"-\">\n      <\/div>\n      <div class=\"title-overlay fill\"><\/div>\n    <\/div>\n    \n    <div class=\"page-title-inner container align-center flex-row medium-flex-wrap\" >\n              <div class=\"title-wrapper flex-col text-left medium-text-center\">\n          <h1 class=\"entry-title mb-0\">\n            Versandarten          <\/h1>\n        <\/div>\n                    <div class=\"title-content flex-col flex-right text-right medium-text-center\">\n        <div class=\"title-breadcrumbs pb-half pt-half\"><nav class=\"woocommerce-breadcrumb breadcrumbs uppercase\">Startseite<\/nav><\/div>      <\/div>\n    <\/div>\n\n     \n<style>\n#page-header-883543303 .featured-title {\n  background-color: rgb(139, 183, 186);\n}\n<\/style>\n  <\/div>\n    <\/div>\n  \n\n\t<section class=\"section\" id=\"section_996331125\">\n\t\t<div class=\"bg section-bg fill bg-fill  bg-loaded\" >\n\n\t\t\t\n\t\t\t\n\t\t\t\n\n\t\t<\/div>\n\n\t\t<div class=\"section-content relative\">\n\t\t\t\n\n<div class=\"row\"  id=\"row-1513910486\">\n\n\n\t<div id=\"col-757178627\" class=\"col small-12 large-12\"  >\n\t\t<div class=\"col-inner\"  >\n\t\t\t\n\t\t\t\n\n<p><strong>Auftragsverwaltung<\/strong><\/p>\n<p>Wenn die Produkte in unserem Shop sofort verf\u00fcgbar sind, werden alle Bestellungen innerhalb von 24 Stunden montags bis freitags von 9:00 bis 15:00 Uhr versandt.<\/p>\n<p><strong>Courier<\/strong><\/p>\n<p>Der Versand erfolgt i<strong>n ganz Griechenland<\/strong>, in alle St\u00e4dte und D\u00f6rfer, die vom <strong>ELTA-Kuriernetzwerk<\/strong> unterst\u00fctzt werden, und ins Ausland mit dem <strong>DHL EXPRESS-Netzwerk<\/strong>.<\/p>\n<p><strong>Versandkosten<\/strong><\/p>\n<p>VERSANDKOSTEN innerhalb Griechenlands 2,60 \u20ac und KOSTENLOSE Versandkosten bei einem Einkauf \u00fcber 24 \u20ac f\u00fcr ganz Griechenland! <\/p>\n<p>F\u00fcr AUSLAND Mindestbestellmenge 5 kg und maximal 10 kg mit Standardpreis 37 \u20ac. <\/p>\n<p>NACHNAHMEKOSTEN 1,70 \u20ac<\/p>\n<p><strong>ACHTUNG<\/strong>: Damit Ihre Bestellung versandt werden kann, muss die von Ihnen angegebene Telefonnummer g\u00fcltig sein, damit wir Sie f\u00fcr die Lieferung Ihrer Bestellung kontaktieren m\u00fcssen.<\/p>\n<p><strong>Lieferdauer<\/strong><\/p>\n<p>Die Lieferung der Produkte Ihrer Bestellung erfolgt ab Fertigstellung in Griechenland ca. 2-3 Werktage mit ELTA Courier. <\/p>\n<p>Die Lieferzeit ins Ausland betr\u00e4gt ca. 3-5 Werktage f\u00fcr Europa, mit DHL EXPRESS.<\/p>\n<p> <\/p>\n<p>Zum Beispiel:<\/p>\n<p>Bestellungen, die Sie per Einzahlung auf ein Bankkonto oder \u00dcberweisung von einer anderen Bank als unserer w\u00e4hlen, sind <strong>mit der Best\u00e4tigung Ihrer Einzahlung oder \u00dcberweisung<\/strong> abgeschlossen.<\/p>\n<p>Die Bestellungen, die Sie f\u00fcr die Zahlung per Nachnahme w\u00e4hlen und keine anderen Probleme mit den Bestelldaten haben, werden <strong>sofort best\u00e4tigt<\/strong>.<\/p>\n<p>Die Paketzustellung erfolgt von <strong>Montag bis Freitag<\/strong> und immer gem\u00e4\u00df den AGB von <strong>ELTA Courier<\/strong> &amp; <strong>DHL EXPRESS<\/strong>.<\/p>\n<p>Falls die Zustellung Ihrer Bestellung nicht m\u00f6glich ist, hinterl\u00e4sst der Absender Ihnen eine Nachricht oder sendet Ihnen eine Nachricht (SMS) auf das Mobiltelefon, das Sie bei Ihrer Bestellung angegeben haben, f\u00fcr den Empfang und die Kommunikation mit der Filiale von <strong>ELTA Kurier<\/strong> &amp; <strong>DHL EXPRESS<\/strong><\/p>\n<p>Beachten Sie, dass sich die Lieferzeiten aufgrund unausgewogener Faktoren \u00e4ndern k\u00f6nnen wie: nicht sofortige Verf\u00fcgbarkeit des Produkts, Sonderbearbeitungen, Streiks, Verz\u00f6gerungen von Transportunternehmen, Feiertage, Feiertage usw.<\/p>\n<p><strong>Bestellungsverfolgung<\/strong><\/p>\n<p>Jeder Kunde, der seine Daten mit einer E-Mail-Adresse (E-Mail) und einem Mobiltelefon versehen hat, erh\u00e4lt am Tag des Absendens der Bestellung eine eindeutige Nummer mit dem Versandcode.<br>Mit dieser Nummer ist es m\u00f6glich, Ihre Bestellung im Sendungsverfolgungssystem von <strong>ELTA Courier<\/strong>&amp; <strong>DHL EXPRESS<\/strong> zu verfolgen.<\/p>\n<p><strong>Abholung im Laden<\/strong><\/p>\n<p>Eine Abholung im Laden ist f\u00fcr alle Eink\u00e4ufe m\u00f6glich, die von unserem Online-Shop \u00fcbermittelt werden und die als Rechnungsadresse den Bereich der <strong>Pr\u00e4fektur Heraklion<\/strong>gew\u00e4hlt haben. Falls Sie am Ende Ihrer Bestellung angegeben haben, dass Sie von unserem Shop erhalten m\u00f6chten, werden Sie telefonisch oder per E-Mail benachrichtigt, falls ein Problem mit der Verf\u00fcgbarkeit eines Produkts Ihrer Bestellung auftritt. Wenn Ihre Bestellung empfangsbereit ist, werden Sie mit einem neuen Kontakt benachrichtigt. Ihre Bestellung bleibt <strong>3 Kalendertage<\/strong> versandbereit. Wenn Sie diese innerhalb dieser Frist nicht erhalten, wird Ihre Bestellung storniert. Bei elektronischer Zahlung wird Ihnen der Betrag Ihrer Bestellung <strong>innerhalb von (14) Kalendertagen<\/strong> zur\u00fcckerstattet.  <\/p>\n<p><strong>Der Eingang Ihrer Bestellung<\/strong> <strong>aus dem Store<\/strong> <strong>kann nach R\u00fccksprache mit uns erfolgen.<\/strong><\/p>\n<p><strong>ANMERKUNG 1:<\/strong> <em>Ohne registrierte Bestellung ist kein Produkt gebunden. Unser Unternehmen beh\u00e4lt sich das Recht vor, f\u00fcr jede Bestellung eine Anzahlung zu verlangen sowie Preise ohne vorherige Ank\u00fcndigung zu \u00e4ndern. Die Bearbeitung von Bestellungen kann 1-5 Werktage dauern.<\/em><\/p>\n<p><strong>HINWEIS 2: \u00c4nderungen oder Erg\u00e4nzungen zu registrierten Bestellungen k\u00f6nnen vorgenommen werden, wenn die Bestellbearbeitung noch nicht begonnen hat und sie keine 60 Minuten nach ihrer Registrierung haben.<\/strong><\/p>\n<p><strong>HINWEIS 3:<\/strong> <em>Bitte beachten Sie, dass <strong>Nachnahme<\/strong> (wenn Sie m\u00f6chten) eine <strong>Zahlungsmethode<\/strong> ist und nicht mit dem Versand zusammenh\u00e4ngt.<\/em><\/p>\n\n\t\t<\/div>\n\t\t\t<\/div>\n\n\t\n\n<\/div>\n\n\t\t<\/div>\n\n\t\t\n<style>\n#section_996331125 {\n  padding-top: 30px;\n  padding-bottom: 30px;\n}\n<\/style>\n\t<\/section>\n\t\n\n","protected":false},"excerpt":{"rendered":"","protected":false},"author":2,"featured_media":0,"parent":0,"menu_order":0,"comment_status":"closed","ping_status":"closed","template":"","meta":[],"yoast_head":"<!-- This site is optimized with the Yoast SEO plugin v17.2.1 - https:\/\/yoast.com\/wordpress\/plugins\/seo\/ -->\n<title>Versandarten - Creterium<\/title>\n<meta name=\"robots\" content=\"index, follow, max-snippet:-1, max-image-preview:large, max-video-preview:-1\" \/>\n<link rel=\"canonical\" href=\"https:\/\/creterium.gr\/de\/versandarten\/\" \/>\n<meta property=\"og:locale\" content=\"de_DE\" \/>\n<meta property=\"og:type\" content=\"article\" \/>\n<meta property=\"og:title\" content=\"Versandarten - Creterium\" \/>\n<meta property=\"og:url\" content=\"https:\/\/creterium.gr\/de\/versandarten\/\" \/>\n<meta property=\"og:site_name\" content=\"Creterium\" \/>\n<meta property=\"article:modified_time\" content=\"2021-10-20T07:43:48+00:00\" \/>\n<meta name=\"twitter:card\" content=\"summary_large_image\" \/>\n<meta name=\"twitter:label1\" content=\"Gesch\u00e4tzte Lesezeit\" \/>\n\t<meta name=\"twitter:data1\" content=\"3\u00a0Minuten\" \/>\n<script type=\"application\/ld+json\" class=\"yoast-schema-graph\">{\"@context\":\"https:\/\/schema.org\",\"@graph\":[{\"@type\":\"WebSite\",\"@id\":\"https:\/\/creterium.gr\/#website\",\"url\":\"https:\/\/creterium.gr\/\",\"name\":\"Creterium\",\"description\":\"Exquisite Bee Products from Crete\",\"potentialAction\":[{\"@type\":\"SearchAction\",\"target\":{\"@type\":\"EntryPoint\",\"urlTemplate\":\"https:\/\/creterium.gr\/?s={search_term_string}\"},\"query-input\":\"required name=search_term_string\"}],\"inLanguage\":\"de\"},{\"@type\":\"WebPage\",\"@id\":\"https:\/\/creterium.gr\/de\/versandarten\/#webpage\",\"url\":\"https:\/\/creterium.gr\/de\/versandarten\/\",\"name\":\"Versandarten - Creterium\",\"isPartOf\":{\"@id\":\"https:\/\/creterium.gr\/#website\"},\"datePublished\":\"2021-10-20T07:43:47+00:00\",\"dateModified\":\"2021-10-20T07:43:48+00:00\",\"breadcrumb\":{\"@id\":\"https:\/\/creterium.gr\/de\/versandarten\/#breadcrumb\"},\"inLanguage\":\"de\",\"potentialAction\":[{\"@type\":\"ReadAction\",\"target\":[\"https:\/\/creterium.gr\/de\/versandarten\/\"]}]},{\"@type\":\"BreadcrumbList\",\"@id\":\"https:\/\/creterium.gr\/de\/versandarten\/#breadcrumb\",\"itemListElement\":[{\"@type\":\"ListItem\",\"position\":1,\"name\":\"Home\",\"item\":\"https:\/\/creterium.gr\/fr\/\"},{\"@type\":\"ListItem\",\"position\":2,\"name\":\"Versandarten\"}]}]}<\/script>\n<!-- \/ Yoast SEO plugin. -->","yoast_head_json":{"title":"Versandarten - Creterium","robots":{"index":"index","follow":"follow","max-snippet":"max-snippet:-1","max-image-preview":"max-image-preview:large","max-video-preview":"max-video-preview:-1"},"canonical":"https:\/\/creterium.gr\/de\/versandarten\/","og_locale":"de_DE","og_type":"article","og_title":"Versandarten - Creterium","og_url":"https:\/\/creterium.gr\/de\/versandarten\/","og_site_name":"Creterium","article_modified_time":"2021-10-20T07:43:48+00:00","twitter_card":"summary_large_image","twitter_misc":{"Gesch\u00e4tzte Lesezeit":"3\u00a0Minuten"},"schema":{"@context":"https:\/\/schema.org","@graph":[{"@type":"WebSite","@id":"https:\/\/creterium.gr\/#website","url":"https:\/\/creterium.gr\/","name":"Creterium","description":"Exquisite Bee Products from Crete","potentialAction":[{"@type":"SearchAction","target":{"@type":"EntryPoint","urlTemplate":"https:\/\/creterium.gr\/?s={search_term_string}"},"query-input":"required name=search_term_string"}],"inLanguage":"de"},{"@type":"WebPage","@id":"https:\/\/creterium.gr\/de\/versandarten\/#webpage","url":"https:\/\/creterium.gr\/de\/versandarten\/","name":"Versandarten - Creterium","isPartOf":{"@id":"https:\/\/creterium.gr\/#website"},"datePublished":"2021-10-20T07:43:47+00:00","dateModified":"2021-10-20T07:43:48+00:00","breadcrumb":{"@id":"https:\/\/creterium.gr\/de\/versandarten\/#breadcrumb"},"inLanguage":"de","potentialAction":[{"@type":"ReadAction","target":["https:\/\/creterium.gr\/de\/versandarten\/"]}]},{"@type":"BreadcrumbList","@id":"https:\/\/creterium.gr\/de\/versandarten\/#breadcrumb","itemListElement":[{"@type":"ListItem","position":1,"name":"Home","item":"https:\/\/creterium.gr\/fr\/"},{"@type":"ListItem","position":2,"name":"Versandarten"}]}]}},"_links":{"self":[{"href":"https:\/\/creterium.gr\/de\/wp-json\/wp\/v2\/pages\/3122"}],"collection":[{"href":"https:\/\/creterium.gr\/de\/wp-json\/wp\/v2\/pages"}],"about":[{"href":"https:\/\/creterium.gr\/de\/wp-json\/wp\/v2\/types\/page"}],"author":[{"embeddable":true,"href":"https:\/\/creterium.gr\/de\/wp-json\/wp\/v2\/users\/2"}],"replies":[{"embeddable":true,"href":"https:\/\/creterium.gr\/de\/wp-json\/wp\/v2\/comments?post=3122"}],"version-history":[{"count":1,"href":"https:\/\/creterium.gr\/de\/wp-json\/wp\/v2\/pages\/3122\/revisions"}],"predecessor-version":[{"id":3123,"href":"https:\/\/creterium.gr\/de\/wp-json\/wp\/v2\/pages\/3122\/revisions\/3123"}],"wp:attachment":[{"href":"https:\/\/creterium.gr\/de\/wp-json\/wp\/v2\/media?parent=3122"}],"curies":[{"name":"wp","href":"https:\/\/api.w.org\/{rel}","templated":true}]}}