{"id":3118,"date":"2021-10-20T07:15:23","date_gmt":"2021-10-20T07:15:23","guid":{"rendered":"https:\/\/creterium.gr\/datenschutz\/"},"modified":"2021-10-20T07:15:23","modified_gmt":"2021-10-20T07:15:23","slug":"datenschutz","status":"publish","type":"page","link":"https:\/\/creterium.gr\/de\/datenschutz\/","title":{"rendered":"Datenschutz"},"content":{"rendered":"\n  <div id=\"page-header-1345300873\" class=\"page-header-wrapper\">\n  <div class=\"page-title dark featured-title\">\n\n        <div class=\"page-title-bg\">\n      <div class=\"title-bg fill bg-fill\"\n        data-parallax-container=\".page-title\"\n        data-parallax-background\n        data-parallax=\"-\">\n      <\/div>\n      <div class=\"title-overlay fill\"><\/div>\n    <\/div>\n    \n    <div class=\"page-title-inner container align-center flex-row medium-flex-wrap\" >\n              <div class=\"title-wrapper flex-col text-left medium-text-center\">\n          <h1 class=\"entry-title mb-0\">\n            Datenschutz          <\/h1>\n        <\/div>\n                    <div class=\"title-content flex-col flex-right text-right medium-text-center\">\n        <div class=\"title-breadcrumbs pb-half pt-half\"><nav class=\"woocommerce-breadcrumb breadcrumbs uppercase\">Startseite<\/nav><\/div>      <\/div>\n    <\/div>\n\n     \n<style>\n#page-header-1345300873 .featured-title {\n  background-color: rgb(139, 183, 186);\n}\n<\/style>\n  <\/div>\n    <\/div>\n  \n\n\t<section class=\"section\" id=\"section_1661065623\">\n\t\t<div class=\"bg section-bg fill bg-fill  bg-loaded\" >\n\n\t\t\t\n\t\t\t\n\t\t\t\n\n\t\t<\/div>\n\n\t\t<div class=\"section-content relative\">\n\t\t\t\n\n<div class=\"row\"  id=\"row-2047757742\">\n\n\n\t<div id=\"col-732185494\" class=\"col small-12 large-12\"  >\n\t\t<div class=\"col-inner\"  >\n\t\t\t\n\t\t\t\n\n<h5 class=\"uppercase\">COOKIES<\/h5>\n<p>Das UNTERNEHMEN hat die M\u00f6glichkeit, Cookies als Teil der Einrichtung und des Betriebs der Dienste seiner Website zu verwenden. Cookies sind kleine Textdateien, die auf dem Computer des Benutzers gesendet und gespeichert werden, um den reibungslosen Betrieb von Websites wie dieser ohne technische Anomalien zu erm\u00f6glichen, mehrere Benutzeroptionen zu sammeln, h\u00e4ufige Benutzer zu identifizieren, den Zugriff darauf zu erleichtern und Daten zu sammeln um den Inhalt der Website zu verbessern. Cookies richten auf dem Computer der Nutzer oder den darauf gespeicherten Dateien keinen Schaden an. Wir verwenden Cookies, um Ihnen Informationen bereitzustellen und Bestellungen abzuwickeln. Dar\u00fcber hinaus erm\u00f6glichen sie es uns, Ihnen Werbe- und Bildungsinhalte zu pr\u00e4sentieren, die Ihren Interessen und Bed\u00fcrfnissen entsprechen. Sie m\u00fcssen bedenken, dass Cookies f\u00fcr die ordnungsgem\u00e4\u00dfe und reibungslose Funktion unserer Website unbedingt erforderlich sind. Cookies richten auf dem Computer der Nutzer oder den darauf gespeicherten Dateien keinen Schaden an. Wir verwenden Cookies, um Ihnen Informationen bereitzustellen und Bestellungen abzuwickeln. Dar\u00fcber hinaus erm\u00f6glichen sie es uns, Ihnen Werbe- und Bildungsinhalte zu pr\u00e4sentieren, die Ihren Interessen und Bed\u00fcrfnissen entsprechen. Sie m\u00fcssen bedenken, dass Cookies f\u00fcr die ordnungsgem\u00e4\u00dfe und reibungslose Funktion unserer Website unbedingt erforderlich sind.  <\/p>\n<h5 class=\"uppercase\">Cookies werden in folgende Kategorien eingeteilt:<\/h5>\n<p>&#8211; Unbedingt erforderliche Cookies. Diese Cookies sind f\u00fcr den reibungslosen Betrieb unseres Online-Shops erforderlich und k\u00f6nnen nicht deaktiviert werden. Diese Cookies werden nur als Reaktion auf von Ihnen getroffene Entscheidungen definiert, z. B. Sprache, W\u00e4hrung, Anmeldezeitraum, Datenschutzeinstellungen. Sie k\u00f6nnen Ihren Browser so einstellen, dass er diese Cookies blockiert, aber unsere Website funktioniert danach m\u00f6glicherweise nicht richtig.<\/p>\n<p>\n&#8211; Analyse und Statistik. Diese Cookies erm\u00f6glichen es uns, unseren Besucherverkehr zu messen und Verkehrsquellen anzuzeigen, indem wir Informationen in Datens\u00e4tzen sammeln. Sie k\u00f6nnen uns auch helfen zu verstehen, welche Produkte und Aktionen am beliebtesten sind. Diese Cookies erm\u00f6glichen es uns, unseren Besucherverkehr zu messen und Verkehrsquellen anzuzeigen, indem wir Informationen in Datens\u00e4tzen sammeln. Sie k\u00f6nnen uns auch helfen zu verstehen, welche Produkte und Aktionen am beliebtesten sind. <\/p>\n<p>&#8211; Werbung. Diese Cookies werden in der Regel von den Marketing- und Werbepartnern gesetzt. Sie k\u00f6nnen von ihnen verwendet werden, um ein f\u00fcr Sie interessantes Profil zu erstellen und sp\u00e4ter relevante Anzeigen anzuzeigen. Wenn Sie diese Cookies nicht zulassen, wird keine gezielte Werbung f\u00fcr Ihre Interessen angezeigt. Diese Cookies werden in der Regel von den Marketing- und Werbepartnern gesetzt. Sie k\u00f6nnen von ihnen verwendet werden, um ein f\u00fcr Sie interessantes Profil zu erstellen und sp\u00e4ter relevante Anzeigen anzuzeigen. Wenn Sie diese Cookies nicht zulassen, wird keine gezielte Werbung f\u00fcr Ihre Interessen angezeigt.\n<\/p>\n<p>Drittanbieter, einschlie\u00dflich Google, k\u00f6nnen die Anzeigen des Unternehmens auf Internetseiten anzeigen, Cookies verwenden, um Anzeigen basierend auf dem vorherigen Besuch des Benutzers auf unserer Website zu aktualisieren, zu optimieren und anzuzeigen.<\/p>\n<p>\nDas UNTERNEHMEN kann die Cookies Ihres vorherigen Besuchs auf seiner Website auch f\u00fcr wiederholtes Marketing verwenden.<br>\nSie k\u00f6nnen die Verwendung von Cookies durch Google deaktivieren, indem Sie hier klicken. Sie k\u00f6nnen auch Ihren Browser (Chrome, Firefox Edge usw.) einstellen, er benachrichtigt Sie jedes Mal, bevor ein Cookie heruntergeladen wird und Sie entscheiden, ihn herunterzuladen oder abzulehnen. Denken Sie in diesem Fall daran, dass Sie es m\u00f6glicherweise nicht vollst\u00e4ndig nutzen k\u00f6nnen. Sie k\u00f6nnen auch Ihren Browser (Chrome, Firefox Edge usw.) einstellen, er benachrichtigt Sie jedes Mal, bevor ein Cookie heruntergeladen wird und Sie entscheiden, ihn herunterzuladen oder abzulehnen. Denken Sie in diesem Fall daran, dass Sie es m\u00f6glicherweise nicht vollst\u00e4ndig nutzen k\u00f6nnen.\n<\/p>\n<p>Wir behalten uns das Recht vor, diese Cookie-Richtlinie jederzeit zu \u00e4ndern. Alle \u00c4nderungen dieser Cookie-Richtlinie werden wirksam, sobald die \u00fcberarbeitete Cookie-Richtlinie auf unserer Website verf\u00fcgbar ist. Alle \u00c4nderungen dieser Cookie-Richtlinie werden wirksam, sobald die \u00fcberarbeitete Cookie-Richtlinie auf unserer Website verf\u00fcgbar ist.<br>\nDrittanbieter und andere Unternehmen, mit denen wir zusammenarbeiten, k\u00f6nnen ihre eigenen Cookies verwenden, um Informationen \u00fcber Ihre Aktivit\u00e4ten auf unserer Website zu sammeln. Wir kontrollieren diese Cookies nicht. Wir kontrollieren diese Cookies nicht.<\/p>\n\n\t\t<\/div>\n\t\t\t<\/div>\n\n\t\n\n<\/div>\n\n\t\t<\/div>\n\n\t\t\n<style>\n#section_1661065623 {\n  padding-top: 30px;\n  padding-bottom: 30px;\n}\n<\/style>\n\t<\/section>\n\t\n\n","protected":false},"excerpt":{"rendered":"","protected":false},"author":2,"featured_media":0,"parent":0,"menu_order":0,"comment_status":"closed","ping_status":"closed","template":"","meta":[],"yoast_head":"<!-- This site is optimized with the Yoast SEO plugin v17.2.1 - https:\/\/yoast.com\/wordpress\/plugins\/seo\/ -->\n<title>Datenschutz - Creterium<\/title>\n<meta name=\"robots\" content=\"index, follow, max-snippet:-1, max-image-preview:large, max-video-preview:-1\" \/>\n<link rel=\"canonical\" href=\"https:\/\/creterium.gr\/de\/datenschutz\/\" \/>\n<meta property=\"og:locale\" content=\"de_DE\" \/>\n<meta property=\"og:type\" content=\"article\" \/>\n<meta property=\"og:title\" content=\"Datenschutz - Creterium\" \/>\n<meta property=\"og:url\" content=\"https:\/\/creterium.gr\/de\/datenschutz\/\" \/>\n<meta property=\"og:site_name\" content=\"Creterium\" \/>\n<meta name=\"twitter:card\" content=\"summary_large_image\" \/>\n<meta name=\"twitter:label1\" content=\"Gesch\u00e4tzte Lesezeit\" \/>\n\t<meta name=\"twitter:data1\" content=\"3\u00a0Minuten\" \/>\n<script type=\"application\/ld+json\" class=\"yoast-schema-graph\">{\"@context\":\"https:\/\/schema.org\",\"@graph\":[{\"@type\":\"WebSite\",\"@id\":\"https:\/\/creterium.gr\/#website\",\"url\":\"https:\/\/creterium.gr\/\",\"name\":\"Creterium\",\"description\":\"Exquisite Bee Products from Crete\",\"potentialAction\":[{\"@type\":\"SearchAction\",\"target\":{\"@type\":\"EntryPoint\",\"urlTemplate\":\"https:\/\/creterium.gr\/?s={search_term_string}\"},\"query-input\":\"required name=search_term_string\"}],\"inLanguage\":\"de\"},{\"@type\":\"WebPage\",\"@id\":\"https:\/\/creterium.gr\/de\/datenschutz\/#webpage\",\"url\":\"https:\/\/creterium.gr\/de\/datenschutz\/\",\"name\":\"Datenschutz - Creterium\",\"isPartOf\":{\"@id\":\"https:\/\/creterium.gr\/#website\"},\"datePublished\":\"2021-10-20T07:15:23+00:00\",\"dateModified\":\"2021-10-20T07:15:23+00:00\",\"breadcrumb\":{\"@id\":\"https:\/\/creterium.gr\/de\/datenschutz\/#breadcrumb\"},\"inLanguage\":\"de\",\"potentialAction\":[{\"@type\":\"ReadAction\",\"target\":[\"https:\/\/creterium.gr\/de\/datenschutz\/\"]}]},{\"@type\":\"BreadcrumbList\",\"@id\":\"https:\/\/creterium.gr\/de\/datenschutz\/#breadcrumb\",\"itemListElement\":[{\"@type\":\"ListItem\",\"position\":1,\"name\":\"Home\",\"item\":\"https:\/\/creterium.gr\/fr\/\"},{\"@type\":\"ListItem\",\"position\":2,\"name\":\"Datenschutz\"}]}]}<\/script>\n<!-- \/ Yoast SEO plugin. -->","yoast_head_json":{"title":"Datenschutz - Creterium","robots":{"index":"index","follow":"follow","max-snippet":"max-snippet:-1","max-image-preview":"max-image-preview:large","max-video-preview":"max-video-preview:-1"},"canonical":"https:\/\/creterium.gr\/de\/datenschutz\/","og_locale":"de_DE","og_type":"article","og_title":"Datenschutz - Creterium","og_url":"https:\/\/creterium.gr\/de\/datenschutz\/","og_site_name":"Creterium","twitter_card":"summary_large_image","twitter_misc":{"Gesch\u00e4tzte Lesezeit":"3\u00a0Minuten"},"schema":{"@context":"https:\/\/schema.org","@graph":[{"@type":"WebSite","@id":"https:\/\/creterium.gr\/#website","url":"https:\/\/creterium.gr\/","name":"Creterium","description":"Exquisite Bee Products from Crete","potentialAction":[{"@type":"SearchAction","target":{"@type":"EntryPoint","urlTemplate":"https:\/\/creterium.gr\/?s={search_term_string}"},"query-input":"required name=search_term_string"}],"inLanguage":"de"},{"@type":"WebPage","@id":"https:\/\/creterium.gr\/de\/datenschutz\/#webpage","url":"https:\/\/creterium.gr\/de\/datenschutz\/","name":"Datenschutz - Creterium","isPartOf":{"@id":"https:\/\/creterium.gr\/#website"},"datePublished":"2021-10-20T07:15:23+00:00","dateModified":"2021-10-20T07:15:23+00:00","breadcrumb":{"@id":"https:\/\/creterium.gr\/de\/datenschutz\/#breadcrumb"},"inLanguage":"de","potentialAction":[{"@type":"ReadAction","target":["https:\/\/creterium.gr\/de\/datenschutz\/"]}]},{"@type":"BreadcrumbList","@id":"https:\/\/creterium.gr\/de\/datenschutz\/#breadcrumb","itemListElement":[{"@type":"ListItem","position":1,"name":"Home","item":"https:\/\/creterium.gr\/fr\/"},{"@type":"ListItem","position":2,"name":"Datenschutz"}]}]}},"_links":{"self":[{"href":"https:\/\/creterium.gr\/de\/wp-json\/wp\/v2\/pages\/3118"}],"collection":[{"href":"https:\/\/creterium.gr\/de\/wp-json\/wp\/v2\/pages"}],"about":[{"href":"https:\/\/creterium.gr\/de\/wp-json\/wp\/v2\/types\/page"}],"author":[{"embeddable":true,"href":"https:\/\/creterium.gr\/de\/wp-json\/wp\/v2\/users\/2"}],"replies":[{"embeddable":true,"href":"https:\/\/creterium.gr\/de\/wp-json\/wp\/v2\/comments?post=3118"}],"version-history":[{"count":1,"href":"https:\/\/creterium.gr\/de\/wp-json\/wp\/v2\/pages\/3118\/revisions"}],"predecessor-version":[{"id":3119,"href":"https:\/\/creterium.gr\/de\/wp-json\/wp\/v2\/pages\/3118\/revisions\/3119"}],"wp:attachment":[{"href":"https:\/\/creterium.gr\/de\/wp-json\/wp\/v2\/media?parent=3118"}],"curies":[{"name":"wp","href":"https:\/\/api.w.org\/{rel}","templated":true}]}}